{"id":25657,"date":"2026-02-04T02:23:02","date_gmt":"2026-02-03T23:23:02","guid":{"rendered":"https:\/\/a-pant.ee\/product\/smart-chasy-huawei-watch-gt3-pro\/"},"modified":"2026-02-22T12:36:35","modified_gmt":"2026-02-22T09:36:35","slug":"smart-chasy-huawei-watch-gt3-pro-korobka-chek","status":"publish","type":"product","link":"https:\/\/a-pant.ee\/ru\/product\/smart-chasy-huawei-watch-gt3-pro-korobka-chek\/","title":{"rendered":"\u0421\u043c\u0430\u0440\u0442-\u0447\u0430\u0441\u044b Huawei Watch GT3 Pro + \u043a\u043e\u0440\u043e\u0431\u043a\u0430 + \u0447\u0435\u043a"},"content":{"rendered":"\n<p> Nutikellad Huawei Watch GT3 Pro + karp + tsekk Euronics 02.01.24\u00a0, heas seisu- ja t\u00f6\u00f6korras! <\/p><p> KIRJELDUS <\/p><p> EKRAANI t\u00fc\u00fcp AMOLED <br \/> Suurus 1,43 tolli <br \/> Eraldusv\u00f5ime 466 x 466 pikslit (~326 ppi tihedus) <br \/> PLATVORM OS HarmonyOS 2.0, uuendatav versioonile 3.0 <br \/> M\u00c4LUkaardi pesa nr <br \/> Sisemine 32 GB <br \/> KAAMERA nr. <br \/> HELI K\u00f5lar Jah <br \/> 3,5 mm pesa nr <br \/> COMMS WLAN nr <br \/> Bluetooth 5.2, A2DP, LE <br \/> Positsioneerimis-GPS (L1+L5), GLONASS, BDS, GALILEO, QZSS <br \/> NFC Jah <br \/> Raadio nr <br \/> USB nr <br \/> OMADUSED Andurid Kiirendusm\u00f5\u00f5tur, g\u00fcroskoop, pulsim\u00f5\u00f5tur, baromeeter, kompass, SpO2, termomeeter (kehatemperatuur) <br \/> AKU T\u00fc\u00fcp Li-Po 530 mAh, mitte eemaldatav <br \/> Traadita laadimine <\/p>\n","protected":false},"excerpt":{"rendered":"<p>Nutikellad Huawei Watch GT3 Pro + karp + tsekk Euronics 02.01.24\u00a0, heas seisu- ja t\u00f6\u00f6korras! KIRJELDUS EKRAANI t\u00fc\u00fcp AMOLED Suurus 1,43 tolli Eraldusv\u00f5ime 466 x 466 pikslit (~326 ppi tihedus) PLATVORM OS HarmonyOS 2.0, uuendatav versioonile 3.0 M\u00c4LUkaardi pesa nr Sisemine 32 GB KAAMERA nr. HELI K\u00f5lar Jah 3,5 mm pesa nr COMMS WLAN nr [&hellip;]<\/p>\n","protected":false},"featured_media":25658,"comment_status":"closed","ping_status":"open","template":"","meta":{"inline_featured_image":false},"product_brand":[],"product_cat":[176],"product_tag":[],"class_list":{"0":"post-25657","1":"product","2":"type-product","3":"status-publish","4":"has-post-thumbnail","6":"product_cat-smart-chasy","7":"pa_asukoht-lasnamae","8":"pa_seisukord-ispolzovano","10":"first","11":"instock","12":"taxable","13":"shipping-taxable","14":"purchasable","15":"product-type-simple"},"_links":{"self":[{"href":"https:\/\/a-pant.ee\/ru\/wp-json\/wp\/v2\/product\/25657","targetHints":{"allow":["GET"]}}],"collection":[{"href":"https:\/\/a-pant.ee\/ru\/wp-json\/wp\/v2\/product"}],"about":[{"href":"https:\/\/a-pant.ee\/ru\/wp-json\/wp\/v2\/types\/product"}],"replies":[{"embeddable":true,"href":"https:\/\/a-pant.ee\/ru\/wp-json\/wp\/v2\/comments?post=25657"}],"wp:featuredmedia":[{"embeddable":true,"href":"https:\/\/a-pant.ee\/ru\/wp-json\/wp\/v2\/media\/25658"}],"wp:attachment":[{"href":"https:\/\/a-pant.ee\/ru\/wp-json\/wp\/v2\/media?parent=25657"}],"wp:term":[{"taxonomy":"product_brand","embeddable":true,"href":"https:\/\/a-pant.ee\/ru\/wp-json\/wp\/v2\/product_brand?post=25657"},{"taxonomy":"product_cat","embeddable":true,"href":"https:\/\/a-pant.ee\/ru\/wp-json\/wp\/v2\/product_cat?post=25657"},{"taxonomy":"product_tag","embeddable":true,"href":"https:\/\/a-pant.ee\/ru\/wp-json\/wp\/v2\/product_tag?post=25657"}],"curies":[{"name":"wp","href":"https:\/\/api.w.org\/{rel}","templated":true}]}}