{"id":25651,"date":"2026-02-04T02:19:28","date_gmt":"2026-02-03T23:19:28","guid":{"rendered":"https:\/\/a-pant.ee\/product\/b-naushniki-huawei-freebuds-3-krasnyj\/"},"modified":"2026-02-22T12:36:39","modified_gmt":"2026-02-22T09:36:39","slug":"besprovodnye-naushniki-huawei-freebuds-3-krasnyj","status":"publish","type":"product","link":"https:\/\/a-pant.ee\/ru\/product\/besprovodnye-naushniki-huawei-freebuds-3-krasnyj\/","title":{"rendered":"\u0411\u0435\u0441\u043f\u0440\u043e\u0432\u043e\u0434\u043d\u044b\u0435 \u043d\u0430\u0443\u0448\u043d\u0438\u043a\u0438 Huawei FreeBuds 3, \u043a\u0440\u0430\u0441\u043d\u044b\u0439"},"content":{"rendered":"\n<p> M\u00fc\u00fcakse\u00a0Juhtmeta k\u00f5rvaklapid Huawei FreeBuds 3, punane\u00a0, heas seisu- ja t\u00f6\u00f6korras! <\/p><p> \u00dcldised omadused <\/p><p> T\u00fc\u00fcp <br \/> juhtmevabad k\u00f5rvaklapid <br \/> Disain <br \/> k\u00f5rvaklapid <br \/> Juhtmevabad liidesed <br \/> Bluetooth <br \/> Tehnoloogia <br \/> d\u00fcnaamiline <br \/> Aktiivne m\u00fcrasummutus (ANC) <br \/> Seal on <br \/> Minimaalne reprodutseeritav sagedus <br \/> 20 Hz <br \/> Ise\u00e4rasused <br \/> RGB valgustus, kokkupandav disain, m\u00fcrasummutus <br \/> Takistus <br \/> 32 oomi <br \/> Tundlikkus <br \/> 110 dB <br \/> Kaal <br \/> 9 g <br \/> Akustilise disaini t\u00fc\u00fcp <br \/> avatud <br \/> Paigaldust\u00fc\u00fcp <br \/> ilma kinnituseta <br \/> Membraani l\u00e4bim\u00f5\u00f5t <br \/> 14,2 mm <br \/> Juhtide arv <br \/> 1 <br \/> Varustus <br \/> Peakomplekt, laadimis\u00fcmbris, USB Type-C laadimiskaabel, kasutusjuhend <br \/> Bluetoothi \u200b\u200bversioon <br \/> 5.1 <br \/> Toetatud kodekid <br \/> A.A.C., S.B.C. <br \/> Mikrofonide arv <br \/> 4 <br \/> Aku mahutavus <br \/> 30 mAh <br \/> T\u00f6\u00f6tunnid <br \/> 4 tundi <br \/> Laadimisaeg <br \/> 1 tund <br \/> Korpuse laadimise aeg <br \/> 1 tund <br \/> Korpuse laadimise t\u00fc\u00fcp <br \/> C-t\u00fc\u00fcpi USB, juhtmevaba laadimine <br \/> Aku eluiga juhul <br \/> 20 h <br \/> Laius <br \/> 20,4 mm <br \/> K\u00f5rgus <br \/> 41,5 mm <br \/> Paksus <br \/> 17,8 mm <br \/> Kaal (\u00fcks k\u00f5rvaklapp) <br \/> 4,5 g <br \/> Lisainformatsioon <br \/> ulatus: 10 m; korpuse juhtmevaba laadimise v\u00f5imalus (Qi standard (2 W)) <\/p>\n","protected":false},"excerpt":{"rendered":"<p>M\u00fc\u00fcakse\u00a0Juhtmeta k\u00f5rvaklapid Huawei FreeBuds 3, punane\u00a0, heas seisu- ja t\u00f6\u00f6korras! \u00dcldised omadused T\u00fc\u00fcp juhtmevabad k\u00f5rvaklapid Disain k\u00f5rvaklapid Juhtmevabad liidesed Bluetooth Tehnoloogia d\u00fcnaamiline Aktiivne m\u00fcrasummutus (ANC) Seal on Minimaalne reprodutseeritav sagedus 20 Hz Ise\u00e4rasused RGB valgustus, kokkupandav disain, m\u00fcrasummutus Takistus 32 oomi Tundlikkus 110 dB Kaal 9 g Akustilise disaini t\u00fc\u00fcp avatud Paigaldust\u00fc\u00fcp ilma kinnituseta Membraani [&hellip;]<\/p>\n","protected":false},"featured_media":25652,"comment_status":"closed","ping_status":"open","template":"","meta":{"inline_featured_image":false},"product_brand":[],"product_cat":[168],"product_tag":[],"class_list":{"0":"post-25651","1":"product","2":"type-product","3":"status-publish","4":"has-post-thumbnail","6":"product_cat-naushniki","7":"pa_asukoht-mustamae","8":"pa_seisukord-ispolzovano","10":"first","11":"instock","12":"taxable","13":"shipping-taxable","14":"purchasable","15":"product-type-simple"},"_links":{"self":[{"href":"https:\/\/a-pant.ee\/ru\/wp-json\/wp\/v2\/product\/25651","targetHints":{"allow":["GET"]}}],"collection":[{"href":"https:\/\/a-pant.ee\/ru\/wp-json\/wp\/v2\/product"}],"about":[{"href":"https:\/\/a-pant.ee\/ru\/wp-json\/wp\/v2\/types\/product"}],"replies":[{"embeddable":true,"href":"https:\/\/a-pant.ee\/ru\/wp-json\/wp\/v2\/comments?post=25651"}],"wp:featuredmedia":[{"embeddable":true,"href":"https:\/\/a-pant.ee\/ru\/wp-json\/wp\/v2\/media\/25652"}],"wp:attachment":[{"href":"https:\/\/a-pant.ee\/ru\/wp-json\/wp\/v2\/media?parent=25651"}],"wp:term":[{"taxonomy":"product_brand","embeddable":true,"href":"https:\/\/a-pant.ee\/ru\/wp-json\/wp\/v2\/product_brand?post=25651"},{"taxonomy":"product_cat","embeddable":true,"href":"https:\/\/a-pant.ee\/ru\/wp-json\/wp\/v2\/product_cat?post=25651"},{"taxonomy":"product_tag","embeddable":true,"href":"https:\/\/a-pant.ee\/ru\/wp-json\/wp\/v2\/product_tag?post=25651"}],"curies":[{"name":"wp","href":"https:\/\/api.w.org\/{rel}","templated":true}]}}