{"id":25641,"date":"2026-02-04T02:19:28","date_gmt":"2026-02-03T23:19:28","guid":{"rendered":"https:\/\/a-pant.ee\/product\/naushniki-besprovodnye-skullcandy-crusher-s6crw\/"},"modified":"2026-02-22T12:36:39","modified_gmt":"2026-02-22T09:36:39","slug":"naushniki-besprovodnye-skullcandy-crusher-s6crw-usb-sumka","status":"publish","type":"product","link":"https:\/\/a-pant.ee\/ru\/product\/naushniki-besprovodnye-skullcandy-crusher-s6crw-usb-sumka\/","title":{"rendered":"\u041d\u0430\u0443\u0448\u043d\u0438\u043a\u0438 \u0431\u0435\u0441\u043f\u0440\u043e\u0432\u043e\u0434\u043d\u044b\u0435 SkullCandy Crusher S6CRW + USB + \u0421\u0443\u043c\u043a\u0430"},"content":{"rendered":"\n<p> Juhtmevabad k\u00f5rvaklapid SkullCandy Crusher S6CRW + USB + Kott, heas seisu- ja t\u00f6\u00f6korras! <\/p><p> KIRJELDUS <\/p><p> Juhtmevabad liidesed <br \/> Bluetooth <br \/> Tehnoloogia <br \/> D\u00fcnaamiline <br \/> Aktiivne m\u00fcrasummutus (ANC) <br \/> Jah <br \/> Minimaalne reprodutseeritav sagedus <br \/> 20 Hz <br \/> Ise\u00e4rasused <br \/> Eemaldatav kaabel, kokkupandav disain <br \/> Tundlikkus <br \/> 100 dB <br \/> Harmooniline moonutus <br \/> 3% <br \/> Kaal <br \/> 300 g <br \/> Akustilise disaini t\u00fc\u00fcp <br \/> Kinnised <br \/> Paigaldust\u00fc\u00fcp <br \/> Peapael <br \/> Membraani l\u00e4bim\u00f5\u00f5t <br \/> 40 mm <br \/> Bluetoothi \u200b\u200bversioon <br \/> 4.0 <br \/> T\u00f6\u00f6tunnid <br \/> 40 h <br \/> Laius <br \/> 171,5 mm <br \/> K\u00f5rgus <br \/> 177,8 mm <br \/> Lisainformatsioon <br \/> K\u00f5rvaklappide nupud v\u00f5imaldavad teil aktiveerida seadme assistendi, hallata k\u00f5nesid, muuta lugusid ja reguleerida helitugevust <\/p>\n","protected":false},"excerpt":{"rendered":"<p>Juhtmevabad k\u00f5rvaklapid SkullCandy Crusher S6CRW + USB + Kott, heas seisu- ja t\u00f6\u00f6korras! KIRJELDUS Juhtmevabad liidesed Bluetooth Tehnoloogia D\u00fcnaamiline Aktiivne m\u00fcrasummutus (ANC) Jah Minimaalne reprodutseeritav sagedus 20 Hz Ise\u00e4rasused Eemaldatav kaabel, kokkupandav disain Tundlikkus 100 dB Harmooniline moonutus 3% Kaal 300 g Akustilise disaini t\u00fc\u00fcp Kinnised Paigaldust\u00fc\u00fcp Peapael Membraani l\u00e4bim\u00f5\u00f5t 40 mm Bluetoothi \u200b\u200bversioon 4.0 [&hellip;]<\/p>\n","protected":false},"featured_media":25642,"comment_status":"closed","ping_status":"open","template":"","meta":{"inline_featured_image":false},"product_brand":[],"product_cat":[168],"product_tag":[],"class_list":{"0":"post-25641","1":"product","2":"type-product","3":"status-publish","4":"has-post-thumbnail","6":"product_cat-naushniki","7":"pa_seisukord-ispolzovano","9":"first","10":"instock","11":"taxable","12":"shipping-taxable","13":"purchasable","14":"product-type-simple"},"_links":{"self":[{"href":"https:\/\/a-pant.ee\/ru\/wp-json\/wp\/v2\/product\/25641","targetHints":{"allow":["GET"]}}],"collection":[{"href":"https:\/\/a-pant.ee\/ru\/wp-json\/wp\/v2\/product"}],"about":[{"href":"https:\/\/a-pant.ee\/ru\/wp-json\/wp\/v2\/types\/product"}],"replies":[{"embeddable":true,"href":"https:\/\/a-pant.ee\/ru\/wp-json\/wp\/v2\/comments?post=25641"}],"wp:featuredmedia":[{"embeddable":true,"href":"https:\/\/a-pant.ee\/ru\/wp-json\/wp\/v2\/media\/25642"}],"wp:attachment":[{"href":"https:\/\/a-pant.ee\/ru\/wp-json\/wp\/v2\/media?parent=25641"}],"wp:term":[{"taxonomy":"product_brand","embeddable":true,"href":"https:\/\/a-pant.ee\/ru\/wp-json\/wp\/v2\/product_brand?post=25641"},{"taxonomy":"product_cat","embeddable":true,"href":"https:\/\/a-pant.ee\/ru\/wp-json\/wp\/v2\/product_cat?post=25641"},{"taxonomy":"product_tag","embeddable":true,"href":"https:\/\/a-pant.ee\/ru\/wp-json\/wp\/v2\/product_tag?post=25641"}],"curies":[{"name":"wp","href":"https:\/\/api.w.org\/{rel}","templated":true}]}}