{"id":25630,"date":"2026-02-04T02:19:28","date_gmt":"2026-02-03T23:19:28","guid":{"rendered":"https:\/\/a-pant.ee\/product\/ochistitel-vozdukha-trotec-airgoclean-250-e-novyj\/"},"modified":"2026-02-22T12:36:39","modified_gmt":"2026-02-22T09:36:39","slug":"ochistitel-vozduha-trotec-airgoclean-250-e-korobka-novyj","status":"publish","type":"product","link":"https:\/\/a-pant.ee\/ru\/product\/ochistitel-vozduha-trotec-airgoclean-250-e-korobka-novyj\/","title":{"rendered":"\u041e\u0447\u0438\u0441\u0442\u0438\u0442\u0435\u043b\u044c \u0432\u043e\u0437\u0434\u0443\u0445\u0430 TROTEC AirgoClean\u00ae 250 E + \u041a\u043e\u0440\u043e\u0431\u043a\u0430 \u041d\u041e\u0412\u042b\u0419!"},"content":{"rendered":"\n<p> \u00d5hupuhasti TROTEC AirgoClean\u00ae 250 E + Karp UUS! <\/p><p> KIRJELDUS <\/p><p> Soovitatav pindala (m\u00b2) <br \/> 88 <br \/> Soovitatav ala (m\u00b3) <br \/> 220 <br \/> Max. v\u00f5imsus (W) <br \/> 45 <br \/> Max. vool (A) <br \/> 0.17 <br \/> Pinge (V) <br \/> 220-240 <br \/> Sagedus (Hz) <br \/> 50 <br \/> Min. v\u00f5imsus (m\u00b3\/h) <br \/> 384 <br \/> Maksimumv\u00f5imsus (m\u00b3\/h) <br \/> 740 <br \/> Min. m\u00fcratase (dB) <br \/> 17 <br \/> Max. m\u00fcratase (dB) <br \/> 56 <br \/> Funktsionaalsus <br \/> Ekraan, HEPA filter, Kaugjuhtimisega, Kiiruse reguleerimine, \u00d5hu ioniseerimine, \u00d5hu puhastamine, \u00d5hukvaliteedi andur, Taimer <br \/> Paigalduse T\u00fc\u00fcp <br \/> Mobiilne, P\u00f5randa, Vaba <br \/> Min. temperatuur (\u00b0C) <br \/> -10 <br \/> Max. temperatuur (\u00b0C) <br \/> 45 <br \/> Pikkus (mm) <br \/> 360 <br \/> Laius (mm) <br \/> 360 <br \/> K\u00f5rgus (mm) <br \/> 710 <\/p>\n","protected":false},"excerpt":{"rendered":"<p>\u00d5hupuhasti TROTEC AirgoClean\u00ae 250 E + Karp UUS! KIRJELDUS Soovitatav pindala (m\u00b2) 88 Soovitatav ala (m\u00b3) 220 Max. v\u00f5imsus (W) 45 Max. vool (A) 0.17 Pinge (V) 220-240 Sagedus (Hz) 50 Min. v\u00f5imsus (m\u00b3\/h) 384 Maksimumv\u00f5imsus (m\u00b3\/h) 740 Min. m\u00fcratase (dB) 17 Max. m\u00fcratase (dB) 56 Funktsionaalsus Ekraan, HEPA filter, Kaugjuhtimisega, Kiiruse reguleerimine, \u00d5hu ioniseerimine, [&hellip;]<\/p>\n","protected":false},"featured_media":25631,"comment_status":"closed","ping_status":"closed","template":"","meta":{"inline_featured_image":false},"product_brand":[],"product_cat":[166],"product_tag":[],"class_list":{"0":"post-25630","1":"product","2":"type-product","3":"status-publish","4":"has-post-thumbnail","6":"product_cat-bytovaya-tehnika","7":"product_shipping_class-oversize","8":"pa_asukoht-mustamae","9":"pa_seisukord-ispolzovano","11":"first","12":"instock","13":"taxable","14":"shipping-taxable","15":"purchasable","16":"product-type-simple"},"_links":{"self":[{"href":"https:\/\/a-pant.ee\/ru\/wp-json\/wp\/v2\/product\/25630","targetHints":{"allow":["GET"]}}],"collection":[{"href":"https:\/\/a-pant.ee\/ru\/wp-json\/wp\/v2\/product"}],"about":[{"href":"https:\/\/a-pant.ee\/ru\/wp-json\/wp\/v2\/types\/product"}],"replies":[{"embeddable":true,"href":"https:\/\/a-pant.ee\/ru\/wp-json\/wp\/v2\/comments?post=25630"}],"wp:featuredmedia":[{"embeddable":true,"href":"https:\/\/a-pant.ee\/ru\/wp-json\/wp\/v2\/media\/25631"}],"wp:attachment":[{"href":"https:\/\/a-pant.ee\/ru\/wp-json\/wp\/v2\/media?parent=25630"}],"wp:term":[{"taxonomy":"product_brand","embeddable":true,"href":"https:\/\/a-pant.ee\/ru\/wp-json\/wp\/v2\/product_brand?post=25630"},{"taxonomy":"product_cat","embeddable":true,"href":"https:\/\/a-pant.ee\/ru\/wp-json\/wp\/v2\/product_cat?post=25630"},{"taxonomy":"product_tag","embeddable":true,"href":"https:\/\/a-pant.ee\/ru\/wp-json\/wp\/v2\/product_tag?post=25630"}],"curies":[{"name":"wp","href":"https:\/\/api.w.org\/{rel}","templated":true}]}}