{"id":25613,"date":"2026-02-04T02:19:28","date_gmt":"2026-02-03T23:19:28","guid":{"rendered":"https:\/\/a-pant.ee\/product\/mobilnyy-telefon-xiaomi-redmi-note-12-128gb\/"},"modified":"2026-02-22T12:36:39","modified_gmt":"2026-02-22T09:36:39","slug":"mobilnyj-telefon-xiaomi-redmi-note-14-pro-5g-256-gb","status":"publish","type":"product","link":"https:\/\/a-pant.ee\/ru\/product\/mobilnyj-telefon-xiaomi-redmi-note-14-pro-5g-256-gb\/","title":{"rendered":"\u041c\u043e\u0431\u0438\u043b\u044c\u043d\u044b\u0439 \u0442\u0435\u043b\u0435\u0444\u043e\u043d Xiaomi Redmi Note 14 Pro 5G 256 \u0413\u0411"},"content":{"rendered":"\n<p> Mobiiltelefon Xiaomi Redmi Note 12 128Gb\u00a0, heas seisu- ja t\u00f6\u00f6korras! <\/p><p> KIRJELDUS <\/p><p> Kategooria: Telefonid <\/p><p> Telefoni t\u00fc\u00fcp: Nutitelefon <\/p><p> Kaubam\u00e4rk: Xiaomi <\/p><p> V\u00e4rv: Hall, Must <\/p><p> WiFi: Jah <\/p><p> Bluetooth: Jah <\/p><p> Bluetooth Versioon: 5.0 <\/p><p> Ekraani t\u00fc\u00fcp: AMOLED <\/p><p> Resolutsioon: 1080 x 2400 <\/p><p> V\u00e4lk: Jah <\/p><p> Videosalvestus: 1080p at 30fps <\/p><p> Protsessori t\u00fc\u00fcp: Snapdragon\u00ae 685 <\/p><p> Operatiivm\u00e4lu (RAM): 4000 MB <\/p><p> Sisem\u00e4lu: 128 GB <\/p><p> M\u00e4lukaart: microSDXC <\/p><p> Aku mahutavus: 5000 mAh <\/p><p> Operatsioonis\u00fcsteem: Android <\/p><p> Versioon: MIUI 14 based on Android 13 <\/p><p> Lisafunktsioonid: 3G, 4G, Dual SIM, Kiirlaadimine, NFC, Niiskuskindel, S\u00f5rmej\u00e4ljelugeja <\/p><p> Liidesed: NFC, USB Type-C, Wi-Fi 2.4GHz, 5GHz <\/p><p> Veekindluse tase: IP53 <\/p><p> Mudel: Xiaomi Redmi Note 12 <\/p><p> Vaade: Xiaomi, xiaomi redmi note 12 telefonid <\/p><p> Toote seisukord: Kasutatud <\/p><p> Kaal: 183.5 g <\/p><p> Pakendis sisaldub* (*pakendi sisu v\u00f5ib muutuda): Telefon <\/p><p> Lisainformatsioon: GPS <\/p><p> Diagonaal (tollid): 6.67 <\/p><p> Tagakaamera: 50 + 8 + 2 Mpx <\/p><p> Esikaamera: 13 Mpx <\/p>\n","protected":false},"excerpt":{"rendered":"<p>Mobiiltelefon Xiaomi Redmi Note 12 128Gb\u00a0, heas seisu- ja t\u00f6\u00f6korras! KIRJELDUS Kategooria: Telefonid Telefoni t\u00fc\u00fcp: Nutitelefon Kaubam\u00e4rk: Xiaomi V\u00e4rv: Hall, Must WiFi: Jah Bluetooth: Jah Bluetooth Versioon: 5.0 Ekraani t\u00fc\u00fcp: AMOLED Resolutsioon: 1080 x 2400 V\u00e4lk: Jah Videosalvestus: 1080p at 30fps Protsessori t\u00fc\u00fcp: Snapdragon\u00ae 685 Operatiivm\u00e4lu (RAM): 4000 MB Sisem\u00e4lu: 128 GB M\u00e4lukaart: microSDXC Aku [&hellip;]<\/p>\n","protected":false},"featured_media":25614,"comment_status":"closed","ping_status":"open","template":"","meta":{"inline_featured_image":false},"product_brand":[],"product_cat":[171],"product_tag":[],"class_list":{"0":"post-25613","1":"product","2":"type-product","3":"status-publish","4":"has-post-thumbnail","6":"product_cat-mobilnye-telefony","7":"pa_asukoht-lasnamae","8":"pa_seisukord-ispolzovano","10":"first","11":"instock","12":"taxable","13":"shipping-taxable","14":"purchasable","15":"product-type-simple"},"_links":{"self":[{"href":"https:\/\/a-pant.ee\/ru\/wp-json\/wp\/v2\/product\/25613","targetHints":{"allow":["GET"]}}],"collection":[{"href":"https:\/\/a-pant.ee\/ru\/wp-json\/wp\/v2\/product"}],"about":[{"href":"https:\/\/a-pant.ee\/ru\/wp-json\/wp\/v2\/types\/product"}],"replies":[{"embeddable":true,"href":"https:\/\/a-pant.ee\/ru\/wp-json\/wp\/v2\/comments?post=25613"}],"wp:featuredmedia":[{"embeddable":true,"href":"https:\/\/a-pant.ee\/ru\/wp-json\/wp\/v2\/media\/25614"}],"wp:attachment":[{"href":"https:\/\/a-pant.ee\/ru\/wp-json\/wp\/v2\/media?parent=25613"}],"wp:term":[{"taxonomy":"product_brand","embeddable":true,"href":"https:\/\/a-pant.ee\/ru\/wp-json\/wp\/v2\/product_brand?post=25613"},{"taxonomy":"product_cat","embeddable":true,"href":"https:\/\/a-pant.ee\/ru\/wp-json\/wp\/v2\/product_cat?post=25613"},{"taxonomy":"product_tag","embeddable":true,"href":"https:\/\/a-pant.ee\/ru\/wp-json\/wp\/v2\/product_tag?post=25613"}],"curies":[{"name":"wp","href":"https:\/\/api.w.org\/{rel}","templated":true}]}}