{"id":25600,"date":"2026-02-04T02:19:28","date_gmt":"2026-02-03T23:19:28","guid":{"rendered":"https:\/\/a-pant.ee\/product\/smartfon-apple-iphone-12-pro-256gb\/"},"modified":"2026-02-22T12:36:38","modified_gmt":"2026-02-22T09:36:38","slug":"smartfon-apple-iphone-12-pro-max-128gb-aku-85","status":"publish","type":"product","link":"https:\/\/a-pant.ee\/ru\/product\/smartfon-apple-iphone-12-pro-max-128gb-aku-85\/","title":{"rendered":"\u0421\u043c\u0430\u0440\u0442\u0444\u043e\u043d Apple Iphone 12 Pro Max 128gb \u0430\u043a\u0443 85%"},"content":{"rendered":"\n<p> Nutitelefon Apple Iphone 12 Pro 256gb Aku 80% + Karp\u00a0, heas seisu- ja t\u00f6\u00f6korras! <\/p><p> KIRJELDUS <\/p><p> SoC: Apple A14 Bionic, 6 tuuma, 5 nm, n\u00e4rvimootori \u00fcksus, GPU 4 tuuma. <\/p><p> Sisem\u00e4lu: 256 Gb <\/p><p> Ekraan: 6,1\u201c, OLED Super Retina XDR, True Tone, Ceramic Shield, HDR+, P3, pimestamisvastane ja oleofoobne kate. <\/p>\n","protected":false},"excerpt":{"rendered":"<p>Nutitelefon Apple Iphone 12 Pro 256gb Aku 80% + Karp\u00a0, heas seisu- ja t\u00f6\u00f6korras! KIRJELDUS SoC: Apple A14 Bionic, 6 tuuma, 5 nm, n\u00e4rvimootori \u00fcksus, GPU 4 tuuma. Sisem\u00e4lu: 256 Gb Ekraan: 6,1\u201c, OLED Super Retina XDR, True Tone, Ceramic Shield, HDR+, P3, pimestamisvastane ja oleofoobne kate.<\/p>\n","protected":false},"featured_media":25601,"comment_status":"closed","ping_status":"open","template":"","meta":{"inline_featured_image":false},"product_brand":[],"product_cat":[171],"product_tag":[],"class_list":{"0":"post-25600","1":"product","2":"type-product","3":"status-publish","4":"has-post-thumbnail","6":"product_cat-mobilnye-telefony","7":"pa_asukoht-lasnamae","8":"pa_seisukord-ispolzovano","10":"first","11":"instock","12":"taxable","13":"shipping-taxable","14":"purchasable","15":"product-type-simple"},"_links":{"self":[{"href":"https:\/\/a-pant.ee\/ru\/wp-json\/wp\/v2\/product\/25600","targetHints":{"allow":["GET"]}}],"collection":[{"href":"https:\/\/a-pant.ee\/ru\/wp-json\/wp\/v2\/product"}],"about":[{"href":"https:\/\/a-pant.ee\/ru\/wp-json\/wp\/v2\/types\/product"}],"replies":[{"embeddable":true,"href":"https:\/\/a-pant.ee\/ru\/wp-json\/wp\/v2\/comments?post=25600"}],"wp:featuredmedia":[{"embeddable":true,"href":"https:\/\/a-pant.ee\/ru\/wp-json\/wp\/v2\/media\/25601"}],"wp:attachment":[{"href":"https:\/\/a-pant.ee\/ru\/wp-json\/wp\/v2\/media?parent=25600"}],"wp:term":[{"taxonomy":"product_brand","embeddable":true,"href":"https:\/\/a-pant.ee\/ru\/wp-json\/wp\/v2\/product_brand?post=25600"},{"taxonomy":"product_cat","embeddable":true,"href":"https:\/\/a-pant.ee\/ru\/wp-json\/wp\/v2\/product_cat?post=25600"},{"taxonomy":"product_tag","embeddable":true,"href":"https:\/\/a-pant.ee\/ru\/wp-json\/wp\/v2\/product_tag?post=25600"}],"curies":[{"name":"wp","href":"https:\/\/api.w.org\/{rel}","templated":true}]}}