{"id":25570,"date":"2026-02-04T02:19:28","date_gmt":"2026-02-03T23:19:28","guid":{"rendered":"https:\/\/a-pant.ee\/product\/klupp-rems-571014\/"},"modified":"2026-02-22T12:36:38","modified_gmt":"2026-02-22T09:36:38","slug":"klupp-rems-571014-aku-zaryadka-yashhik-nasadki","status":"publish","type":"product","link":"https:\/\/a-pant.ee\/ru\/product\/klupp-rems-571014-aku-zaryadka-yashhik-nasadki\/","title":{"rendered":"\u041a\u043b\u0443\u043f\u043f Rems 571014 + \u0410\u043a\u0443 + \u0417\u0430\u0440\u044f\u0434\u043a\u0430 + \u042f\u0449\u0438\u043a + \u041d\u0430\u0441\u0430\u0434\u043a\u0438"},"content":{"rendered":"\n<p> Aku keermel\u00f5ikur Rems 571014 + laadija + kohver + otsikud\u00a0, heas seisu- ja t\u00f6\u00f6korras! <\/p><p> KIRJELDUS <\/p><p> V\u00f5imsus, W 380 <\/p><p> Toru l\u00e4bim\u00f5\u00f5t, mm 10-110 (-1&#8243;) <\/p><p> T\u00f5mbej\u00f5ud, kN 32 <\/p><p> Kaal, kg 4,3 <\/p>\n","protected":false},"excerpt":{"rendered":"<p>Aku keermel\u00f5ikur Rems 571014 + laadija + kohver + otsikud\u00a0, heas seisu- ja t\u00f6\u00f6korras! KIRJELDUS V\u00f5imsus, W 380 Toru l\u00e4bim\u00f5\u00f5t, mm 10-110 (-1&#8243;) T\u00f5mbej\u00f5ud, kN 32 Kaal, kg 4,3<\/p>\n","protected":false},"featured_media":25571,"comment_status":"closed","ping_status":"open","template":"","meta":{"inline_featured_image":false},"product_brand":[],"product_cat":[240],"product_tag":[],"class_list":{"0":"post-25570","1":"product","2":"type-product","3":"status-publish","4":"has-post-thumbnail","6":"product_cat-santehnicheskij-instrument","7":"pa_asukoht-lasnamae","8":"pa_seisukord-ispolzovano","10":"first","11":"instock","12":"taxable","13":"shipping-taxable","14":"purchasable","15":"product-type-simple"},"_links":{"self":[{"href":"https:\/\/a-pant.ee\/ru\/wp-json\/wp\/v2\/product\/25570","targetHints":{"allow":["GET"]}}],"collection":[{"href":"https:\/\/a-pant.ee\/ru\/wp-json\/wp\/v2\/product"}],"about":[{"href":"https:\/\/a-pant.ee\/ru\/wp-json\/wp\/v2\/types\/product"}],"replies":[{"embeddable":true,"href":"https:\/\/a-pant.ee\/ru\/wp-json\/wp\/v2\/comments?post=25570"}],"wp:featuredmedia":[{"embeddable":true,"href":"https:\/\/a-pant.ee\/ru\/wp-json\/wp\/v2\/media\/25571"}],"wp:attachment":[{"href":"https:\/\/a-pant.ee\/ru\/wp-json\/wp\/v2\/media?parent=25570"}],"wp:term":[{"taxonomy":"product_brand","embeddable":true,"href":"https:\/\/a-pant.ee\/ru\/wp-json\/wp\/v2\/product_brand?post=25570"},{"taxonomy":"product_cat","embeddable":true,"href":"https:\/\/a-pant.ee\/ru\/wp-json\/wp\/v2\/product_cat?post=25570"},{"taxonomy":"product_tag","embeddable":true,"href":"https:\/\/a-pant.ee\/ru\/wp-json\/wp\/v2\/product_tag?post=25570"}],"curies":[{"name":"wp","href":"https:\/\/api.w.org\/{rel}","templated":true}]}}