{"id":25558,"date":"2026-02-04T02:19:28","date_gmt":"2026-02-03T23:19:28","guid":{"rendered":"https:\/\/a-pant.ee\/product\/ugloshlifmashina-makita-ga6021v-150mm\/"},"modified":"2026-02-22T12:36:37","modified_gmt":"2026-02-22T09:36:37","slug":"ugloshlifmashina-makita-ga6021v-150mm","status":"publish","type":"product","link":"https:\/\/a-pant.ee\/ru\/product\/ugloshlifmashina-makita-ga6021v-150mm\/","title":{"rendered":"\u0423\u0433\u043b\u043e\u0448\u043b\u0438\u0444\u043c\u0430\u0448\u0438\u043d\u0430 Makita GA6021V 150MM"},"content":{"rendered":"\n<p> Nurklihvija Makita GA6021V 150MM, heas seisu- ja t\u00f6\u00f6korras! <\/p><p> KIRJELDUS <br \/><br \/> V\u00f5imsus: 1450 W <\/p><p> Ketta l\u00e4bim\u00f5\u00f5t: 150 mm <\/p><p> T\u00fchik\u00e4igu kiirus: 10 000 p\/min <\/p><p> Kaal: 2.5 kg <\/p><p> Juhtme pikkus: 2.5 m <\/p><p> Omadused: <\/p><p> Super Joint System (SJS) s\u00fcsteem t\u00f5mbluste eest kaitsmiseks. <\/p><p> Suur l\u00fcliti nupp. <\/p><p> Elektrooniline kiiruse stabiliseerimise s\u00fcsteem. <\/p><p> Topeltisolatsioon. <\/p><p> V\u00f5imas mootor suure p\u00f6\u00f6rdemomendiga raskete t\u00f6\u00f6de jaoks. <\/p>\n","protected":false},"excerpt":{"rendered":"<p>Nurklihvija Makita GA6021V 150MM, heas seisu- ja t\u00f6\u00f6korras! KIRJELDUS V\u00f5imsus: 1450 W Ketta l\u00e4bim\u00f5\u00f5t: 150 mm T\u00fchik\u00e4igu kiirus: 10 000 p\/min Kaal: 2.5 kg Juhtme pikkus: 2.5 m Omadused: Super Joint System (SJS) s\u00fcsteem t\u00f5mbluste eest kaitsmiseks. Suur l\u00fcliti nupp. Elektrooniline kiiruse stabiliseerimise s\u00fcsteem. Topeltisolatsioon. V\u00f5imas mootor suure p\u00f6\u00f6rdemomendiga raskete t\u00f6\u00f6de jaoks.<\/p>\n","protected":false},"featured_media":25559,"comment_status":"closed","ping_status":"open","template":"","meta":{"inline_featured_image":false},"product_brand":[],"product_cat":[235],"product_tag":[],"class_list":{"0":"post-25558","1":"product","2":"type-product","3":"status-publish","4":"has-post-thumbnail","6":"product_cat-bolgarki","7":"pa_asukoht-mustamae","8":"pa_seisukord-ispolzovano","10":"first","11":"instock","12":"taxable","13":"shipping-taxable","14":"purchasable","15":"product-type-simple"},"_links":{"self":[{"href":"https:\/\/a-pant.ee\/ru\/wp-json\/wp\/v2\/product\/25558","targetHints":{"allow":["GET"]}}],"collection":[{"href":"https:\/\/a-pant.ee\/ru\/wp-json\/wp\/v2\/product"}],"about":[{"href":"https:\/\/a-pant.ee\/ru\/wp-json\/wp\/v2\/types\/product"}],"replies":[{"embeddable":true,"href":"https:\/\/a-pant.ee\/ru\/wp-json\/wp\/v2\/comments?post=25558"}],"wp:featuredmedia":[{"embeddable":true,"href":"https:\/\/a-pant.ee\/ru\/wp-json\/wp\/v2\/media\/25559"}],"wp:attachment":[{"href":"https:\/\/a-pant.ee\/ru\/wp-json\/wp\/v2\/media?parent=25558"}],"wp:term":[{"taxonomy":"product_brand","embeddable":true,"href":"https:\/\/a-pant.ee\/ru\/wp-json\/wp\/v2\/product_brand?post=25558"},{"taxonomy":"product_cat","embeddable":true,"href":"https:\/\/a-pant.ee\/ru\/wp-json\/wp\/v2\/product_cat?post=25558"},{"taxonomy":"product_tag","embeddable":true,"href":"https:\/\/a-pant.ee\/ru\/wp-json\/wp\/v2\/product_tag?post=25558"}],"curies":[{"name":"wp","href":"https:\/\/api.w.org\/{rel}","templated":true}]}}