{"id":25551,"date":"2026-02-04T02:19:28","date_gmt":"2026-02-03T23:19:28","guid":{"rendered":"https:\/\/a-pant.ee\/product\/perforator-bort-bhd800-yashchik\/"},"modified":"2026-02-22T12:36:37","modified_gmt":"2026-02-22T09:36:37","slug":"perforator-bort-bhd800-yashhik","status":"publish","type":"product","link":"https:\/\/a-pant.ee\/ru\/product\/perforator-bort-bhd800-yashhik\/","title":{"rendered":"\u041f\u0435\u0440\u0444\u043e\u0440\u0430\u0442\u043e\u0440 Bort BHD800 + \u044f\u0449\u0438\u043a"},"content":{"rendered":"\n<p> M\u00fc\u00fcakse\u00a0Puurvasar Bort BHD800 + Kohver\u00a0, heas seisu- ja t\u00f6\u00f6korras! <\/p><p> KIRJELDUS <\/p><p> V\u00f5imsus: 800 W <br \/> L\u00f6\u00f6gienergia: 3 J <br \/> L\u00f6\u00f6kide arv minutis: 4850 l\u00f6\u00f6ki\/min <br \/> T\u00fchik\u00e4igu kiirus: 1050 p\/min <br \/> Padrunit\u00fc\u00fcp: SDS+ <br \/> Maksimaalne puurimisdiameeter (puit): 30 mm <br \/> Maksimaalne puurimisdiameeter (metall): 13 mm <br \/> Maksimaalne puurimisdiameeter (betoon): 24 mm <br \/> Kaal: 2.85 kg <br \/> T\u00f6\u00f6re\u017eiimid: puurimine, l\u00f6\u00f6kpuurimine, meiseldamine <\/p>\n","protected":false},"excerpt":{"rendered":"<p>M\u00fc\u00fcakse\u00a0Puurvasar Bort BHD800 + Kohver\u00a0, heas seisu- ja t\u00f6\u00f6korras! KIRJELDUS V\u00f5imsus: 800 W L\u00f6\u00f6gienergia: 3 J L\u00f6\u00f6kide arv minutis: 4850 l\u00f6\u00f6ki\/min T\u00fchik\u00e4igu kiirus: 1050 p\/min Padrunit\u00fc\u00fcp: SDS+ Maksimaalne puurimisdiameeter (puit): 30 mm Maksimaalne puurimisdiameeter (metall): 13 mm Maksimaalne puurimisdiameeter (betoon): 24 mm Kaal: 2.85 kg T\u00f6\u00f6re\u017eiimid: puurimine, l\u00f6\u00f6kpuurimine, meiseldamine<\/p>\n","protected":false},"featured_media":25552,"comment_status":"closed","ping_status":"open","template":"","meta":{"inline_featured_image":false},"product_brand":[],"product_cat":[239],"product_tag":[],"class_list":{"0":"post-25551","1":"product","2":"type-product","3":"status-publish","4":"has-post-thumbnail","6":"product_cat-perforatory-i-dreli","7":"pa_asukoht-mustamae","8":"pa_seisukord-ispolzovano","10":"first","11":"instock","12":"taxable","13":"shipping-taxable","14":"purchasable","15":"product-type-simple"},"_links":{"self":[{"href":"https:\/\/a-pant.ee\/ru\/wp-json\/wp\/v2\/product\/25551","targetHints":{"allow":["GET"]}}],"collection":[{"href":"https:\/\/a-pant.ee\/ru\/wp-json\/wp\/v2\/product"}],"about":[{"href":"https:\/\/a-pant.ee\/ru\/wp-json\/wp\/v2\/types\/product"}],"replies":[{"embeddable":true,"href":"https:\/\/a-pant.ee\/ru\/wp-json\/wp\/v2\/comments?post=25551"}],"wp:featuredmedia":[{"embeddable":true,"href":"https:\/\/a-pant.ee\/ru\/wp-json\/wp\/v2\/media\/25552"}],"wp:attachment":[{"href":"https:\/\/a-pant.ee\/ru\/wp-json\/wp\/v2\/media?parent=25551"}],"wp:term":[{"taxonomy":"product_brand","embeddable":true,"href":"https:\/\/a-pant.ee\/ru\/wp-json\/wp\/v2\/product_brand?post=25551"},{"taxonomy":"product_cat","embeddable":true,"href":"https:\/\/a-pant.ee\/ru\/wp-json\/wp\/v2\/product_cat?post=25551"},{"taxonomy":"product_tag","embeddable":true,"href":"https:\/\/a-pant.ee\/ru\/wp-json\/wp\/v2\/product_tag?post=25551"}],"curies":[{"name":"wp","href":"https:\/\/api.w.org\/{rel}","templated":true}]}}