{"id":25545,"date":"2026-02-04T02:19:28","date_gmt":"2026-02-03T23:19:28","guid":{"rendered":"https:\/\/a-pant.ee\/product\/paverbank-sp-gs15-20000mah\/"},"modified":"2026-02-22T12:36:37","modified_gmt":"2026-02-22T09:36:37","slug":"paverbank-sp-gs15-20000mah","status":"publish","type":"product","link":"https:\/\/a-pant.ee\/ru\/product\/paverbank-sp-gs15-20000mah\/","title":{"rendered":"\u041f\u0430\u0432\u0435\u0440\u0431\u0430\u043d\u043a SP Gs15 20000Mah"},"content":{"rendered":"\n<p> M\u00fc\u00fcakse\u00a0Akupank SP Gs15 20000Mah, heas seisu- ja t\u00f6\u00f6korras! <\/p><p> KIRJELDUS <\/p><p> Aku maht: 20000 mAh <\/p><p> Aku t\u00fc\u00fcp: Liitium-pol\u00fcmeer (Li-Polymer) <\/p><p> Sisendpordid: micro-USB, USB Type-C <\/p><p> V\u00e4ljundpordid: 2 USB Type-A (5V, 2.1A kumbki) <\/p><p> Laadimistaseme indikaator: 4 LED-tuld <\/p><p> Korpuse materjal: Plastik <\/p><p> M\u00f5\u00f5tmed: 143 x 73 x 29 mm <\/p><p> Kaal: 400 g <\/p><p> T\u00f6\u00f6temperatuur: 10 \u2013 45 \u00b0C <\/p><p> Omadused: Kiirlaadimine, v\u00f5imalus laadida kahte seadet korraga, nutikad laadimistehnoloogiad smartSENSE, smartFOCUS ja smartSHIELD kaitseks ja laadimise optimeerimiseks <\/p><p> V\u00e4rv: Valge <\/p>\n","protected":false},"excerpt":{"rendered":"<p>M\u00fc\u00fcakse\u00a0Akupank SP Gs15 20000Mah, heas seisu- ja t\u00f6\u00f6korras! KIRJELDUS Aku maht: 20000 mAh Aku t\u00fc\u00fcp: Liitium-pol\u00fcmeer (Li-Polymer) Sisendpordid: micro-USB, USB Type-C V\u00e4ljundpordid: 2 USB Type-A (5V, 2.1A kumbki) Laadimistaseme indikaator: 4 LED-tuld Korpuse materjal: Plastik M\u00f5\u00f5tmed: 143 x 73 x 29 mm Kaal: 400 g T\u00f6\u00f6temperatuur: 10 \u2013 45 \u00b0C Omadused: Kiirlaadimine, v\u00f5imalus laadida kahte [&hellip;]<\/p>\n","protected":false},"featured_media":25546,"comment_status":"closed","ping_status":"closed","template":"","meta":{"inline_featured_image":false},"product_brand":[],"product_cat":[162],"product_tag":[],"class_list":{"0":"post-25545","1":"product","2":"type-product","3":"status-publish","4":"has-post-thumbnail","6":"product_cat-elektronika-drugoe","7":"pa_asukoht-mustamae","8":"pa_seisukord-ispolzovano","10":"first","11":"outofstock","12":"taxable","13":"shipping-taxable","14":"purchasable","15":"product-type-simple"},"_links":{"self":[{"href":"https:\/\/a-pant.ee\/ru\/wp-json\/wp\/v2\/product\/25545","targetHints":{"allow":["GET"]}}],"collection":[{"href":"https:\/\/a-pant.ee\/ru\/wp-json\/wp\/v2\/product"}],"about":[{"href":"https:\/\/a-pant.ee\/ru\/wp-json\/wp\/v2\/types\/product"}],"replies":[{"embeddable":true,"href":"https:\/\/a-pant.ee\/ru\/wp-json\/wp\/v2\/comments?post=25545"}],"wp:featuredmedia":[{"embeddable":true,"href":"https:\/\/a-pant.ee\/ru\/wp-json\/wp\/v2\/media\/25546"}],"wp:attachment":[{"href":"https:\/\/a-pant.ee\/ru\/wp-json\/wp\/v2\/media?parent=25545"}],"wp:term":[{"taxonomy":"product_brand","embeddable":true,"href":"https:\/\/a-pant.ee\/ru\/wp-json\/wp\/v2\/product_brand?post=25545"},{"taxonomy":"product_cat","embeddable":true,"href":"https:\/\/a-pant.ee\/ru\/wp-json\/wp\/v2\/product_cat?post=25545"},{"taxonomy":"product_tag","embeddable":true,"href":"https:\/\/a-pant.ee\/ru\/wp-json\/wp\/v2\/product_tag?post=25545"}],"curies":[{"name":"wp","href":"https:\/\/api.w.org\/{rel}","templated":true}]}}