{"id":25529,"date":"2026-02-04T02:17:19","date_gmt":"2026-02-03T23:17:19","guid":{"rendered":"https:\/\/a-pant.ee\/product\/perforator-makita-hr140d-akb-3sht-i-zaryadka\/"},"modified":"2026-02-22T12:36:42","modified_gmt":"2026-02-22T09:36:42","slug":"perforator-makita-hr140d-akb-3shtprinadlezhnosti-zaryadka","status":"publish","type":"product","link":"https:\/\/a-pant.ee\/ru\/product\/perforator-makita-hr140d-akb-3shtprinadlezhnosti-zaryadka\/","title":{"rendered":"\u041f\u0435\u0440\u0444\u043e\u0440\u0430\u0442\u043e\u0440 Makita HR140d, \u0410\u041a\u0411 3\u0448\u0442,\u041f\u0440\u0438\u043d\u0430\u0434\u043b\u0435\u0436\u043d\u043e\u0441\u0442\u0438 + \u0417\u0430\u0440\u044f\u0434\u043a\u0430"},"content":{"rendered":"\n<p> M\u00fc\u00fcakse\u00a0Puurvasar Makita HR 140d + Akud 3tk, Tarvikud + Laadija + Kohver, heas seisu- ja t\u00f6\u00f6korras! <\/p><p> KIRJELDUS <br \/><br \/> Makita HR140D &#8212; kompaktne ja kerge akutoitel t\u00f6\u00f6tav puurvasar puurimiseks ja peitlit\u00f6\u00f6deks. P\u00f5hiomadused: <\/p><p> Toiteallikas: 12V Max CXT Li-Ion akud <\/p><p> Padrunit\u00fc\u00fcp: SDS-Plus <\/p><p> Maks. puuritav l\u00e4bim\u00f5\u00f5t betoonis: 14 mm <\/p><p> P\u00f6\u00f6rlemiskiirus: 0-850 p\/min <\/p><p> L\u00f6\u00f6gisagedus: 0-4900 l\u00f6\u00f6ki\/min <\/p><p> L\u00f6\u00f6gi energia: 1.0 J <\/p><p> Kaal: 2.6 kg (koos akuga) <\/p><p> Komplekti kuuluvad: <\/p><p> Puurvasar HR140D <\/p><p> Laadija DC10WD <\/p><p> 2 akut BL1021B (2.0 Ah) <\/p><p> 65 erinevat lisatarvikut <\/p><p> K\u00fclgk\u00e4epide <\/p><p> Puuride m\u00e4\u00e4rdeaine tuub <\/p><p> S\u00fcgavuspiirik <\/p><p> Kandekohver <\/p>\n","protected":false},"excerpt":{"rendered":"<p>M\u00fc\u00fcakse\u00a0Puurvasar Makita HR 140d + Akud 3tk, Tarvikud + Laadija + Kohver, heas seisu- ja t\u00f6\u00f6korras! KIRJELDUS Makita HR140D &#8212; kompaktne ja kerge akutoitel t\u00f6\u00f6tav puurvasar puurimiseks ja peitlit\u00f6\u00f6deks. P\u00f5hiomadused: Toiteallikas: 12V Max CXT Li-Ion akud Padrunit\u00fc\u00fcp: SDS-Plus Maks. puuritav l\u00e4bim\u00f5\u00f5t betoonis: 14 mm P\u00f6\u00f6rlemiskiirus: 0-850 p\/min L\u00f6\u00f6gisagedus: 0-4900 l\u00f6\u00f6ki\/min L\u00f6\u00f6gi energia: 1.0 J Kaal: [&hellip;]<\/p>\n","protected":false},"featured_media":25530,"comment_status":"closed","ping_status":"open","template":"","meta":{"inline_featured_image":false},"product_brand":[],"product_cat":[239],"product_tag":[],"class_list":{"0":"post-25529","1":"product","2":"type-product","3":"status-publish","4":"has-post-thumbnail","6":"product_cat-perforatory-i-dreli","7":"pa_asukoht-mustamae","8":"pa_seisukord-ispolzovano","10":"first","11":"instock","12":"taxable","13":"shipping-taxable","14":"purchasable","15":"product-type-simple"},"_links":{"self":[{"href":"https:\/\/a-pant.ee\/ru\/wp-json\/wp\/v2\/product\/25529","targetHints":{"allow":["GET"]}}],"collection":[{"href":"https:\/\/a-pant.ee\/ru\/wp-json\/wp\/v2\/product"}],"about":[{"href":"https:\/\/a-pant.ee\/ru\/wp-json\/wp\/v2\/types\/product"}],"replies":[{"embeddable":true,"href":"https:\/\/a-pant.ee\/ru\/wp-json\/wp\/v2\/comments?post=25529"}],"wp:featuredmedia":[{"embeddable":true,"href":"https:\/\/a-pant.ee\/ru\/wp-json\/wp\/v2\/media\/25530"}],"wp:attachment":[{"href":"https:\/\/a-pant.ee\/ru\/wp-json\/wp\/v2\/media?parent=25529"}],"wp:term":[{"taxonomy":"product_brand","embeddable":true,"href":"https:\/\/a-pant.ee\/ru\/wp-json\/wp\/v2\/product_brand?post=25529"},{"taxonomy":"product_cat","embeddable":true,"href":"https:\/\/a-pant.ee\/ru\/wp-json\/wp\/v2\/product_cat?post=25529"},{"taxonomy":"product_tag","embeddable":true,"href":"https:\/\/a-pant.ee\/ru\/wp-json\/wp\/v2\/product_tag?post=25529"}],"curies":[{"name":"wp","href":"https:\/\/api.w.org\/{rel}","templated":true}]}}