{"id":25522,"date":"2026-02-04T02:17:19","date_gmt":"2026-02-03T23:17:19","guid":{"rendered":"https:\/\/a-pant.ee\/product\/akkumulyatornaya-drel-dewalt-dcd-791-5ah\/"},"modified":"2026-02-22T12:36:42","modified_gmt":"2026-02-22T09:36:42","slug":"akkumulyatornaya-drel-dewalt-dcd-791-5ah","status":"publish","type":"product","link":"https:\/\/a-pant.ee\/ru\/product\/akkumulyatornaya-drel-dewalt-dcd-791-5ah\/","title":{"rendered":"\u0410\u043a\u043a\u0443\u043c\u0443\u043b\u044f\u0442\u043e\u0440\u043d\u0430\u044f \u0434\u0440\u0435\u043b\u044c DeWalt DCD 791 + 5ah"},"content":{"rendered":"\n<p> M\u00fc\u00fcakse\u00a0AKu-trell DeWalt DCD 791 + 5ah\u00a0heas seisu- ja t\u00f6\u00f6korras! <\/p><p> KIRJELDUS <br \/><br \/> T\u00f6\u00f6riista t\u00fc\u00fcp <br \/> puur-keeraja <br \/> Padruni t\u00fc\u00fcp <br \/> kiirvabastus <br \/> T\u00f6\u00f6kiiruste arv <br \/> 2 <br \/> Toitumine <br \/> akust <br \/> Padruni l\u00e4bim\u00f5\u00f5t <br \/> 1,5 \u2013 13 mm <br \/> Max t\u00fchik\u00e4igu kiirus <br \/> 2000 p\u00f6\u00f6ret minutis <br \/> Maksimaalne p\u00f6\u00f6rdemoment <br \/> 70 Nm <br \/> Energiatarve <br \/> 460 W <br \/> Max puuri l\u00e4bim\u00f5\u00f5t (puit) <br \/> 40 mm <br \/> Max puuri l\u00e4bim\u00f5\u00f5t (metall) <br \/> 13 mm <br \/> Max puurimise l\u00e4bim\u00f5\u00f5t (betoon) <br \/> 40 mm <\/p>\n","protected":false},"excerpt":{"rendered":"<p>M\u00fc\u00fcakse\u00a0AKu-trell DeWalt DCD 791 + 5ah\u00a0heas seisu- ja t\u00f6\u00f6korras! KIRJELDUS T\u00f6\u00f6riista t\u00fc\u00fcp puur-keeraja Padruni t\u00fc\u00fcp kiirvabastus T\u00f6\u00f6kiiruste arv 2 Toitumine akust Padruni l\u00e4bim\u00f5\u00f5t 1,5 \u2013 13 mm Max t\u00fchik\u00e4igu kiirus 2000 p\u00f6\u00f6ret minutis Maksimaalne p\u00f6\u00f6rdemoment 70 Nm Energiatarve 460 W Max puuri l\u00e4bim\u00f5\u00f5t (puit) 40 mm Max puuri l\u00e4bim\u00f5\u00f5t (metall) 13 mm Max puurimise l\u00e4bim\u00f5\u00f5t [&hellip;]<\/p>\n","protected":false},"featured_media":25523,"comment_status":"closed","ping_status":"open","template":"","meta":{"inline_featured_image":false},"product_brand":[],"product_cat":[221],"product_tag":[],"class_list":{"0":"post-25522","1":"product","2":"type-product","3":"status-publish","4":"has-post-thumbnail","6":"product_cat-akkumulyatornye-dreli","7":"pa_asukoht-lasnamae","8":"pa_seisukord-ispolzovano","10":"first","11":"instock","12":"taxable","13":"shipping-taxable","14":"purchasable","15":"product-type-simple"},"_links":{"self":[{"href":"https:\/\/a-pant.ee\/ru\/wp-json\/wp\/v2\/product\/25522","targetHints":{"allow":["GET"]}}],"collection":[{"href":"https:\/\/a-pant.ee\/ru\/wp-json\/wp\/v2\/product"}],"about":[{"href":"https:\/\/a-pant.ee\/ru\/wp-json\/wp\/v2\/types\/product"}],"replies":[{"embeddable":true,"href":"https:\/\/a-pant.ee\/ru\/wp-json\/wp\/v2\/comments?post=25522"}],"wp:featuredmedia":[{"embeddable":true,"href":"https:\/\/a-pant.ee\/ru\/wp-json\/wp\/v2\/media\/25523"}],"wp:attachment":[{"href":"https:\/\/a-pant.ee\/ru\/wp-json\/wp\/v2\/media?parent=25522"}],"wp:term":[{"taxonomy":"product_brand","embeddable":true,"href":"https:\/\/a-pant.ee\/ru\/wp-json\/wp\/v2\/product_brand?post=25522"},{"taxonomy":"product_cat","embeddable":true,"href":"https:\/\/a-pant.ee\/ru\/wp-json\/wp\/v2\/product_cat?post=25522"},{"taxonomy":"product_tag","embeddable":true,"href":"https:\/\/a-pant.ee\/ru\/wp-json\/wp\/v2\/product_tag?post=25522"}],"curies":[{"name":"wp","href":"https:\/\/api.w.org\/{rel}","templated":true}]}}