{"id":25517,"date":"2026-02-04T02:17:19","date_gmt":"2026-02-03T23:17:19","guid":{"rendered":"https:\/\/a-pant.ee\/product\/perforator-akkumulyatornyy-milwaukee-m18-chx-0x\/"},"modified":"2026-02-22T12:36:42","modified_gmt":"2026-02-22T09:36:42","slug":"akkumulyatornyj-perforator-milwaukee-m18-chx-aku","status":"publish","type":"product","link":"https:\/\/a-pant.ee\/ru\/product\/akkumulyatornyj-perforator-milwaukee-m18-chx-aku\/","title":{"rendered":"\u0410\u043a\u043a\u0443\u043c\u0443\u043b\u044f\u0442\u043e\u0440\u043d\u044b\u0439 \u043f\u0435\u0440\u0444\u043e\u0440\u0430\u0442\u043e\u0440 Milwaukee M18 CHX + AKU"},"content":{"rendered":"\n<p> M\u00fc\u00fcakse\u00a0Aku-Puurvasar Milwaukee M18 CHX-0X ilma aku ja laadija\u00a0, heas seisu- ja t\u00f6\u00f6korras! <\/p><p> KIRJELDUS <\/p><p> T\u00fchijooksukiirus 1. k\u00e4ik (p\/min) 0 &#8212; 450 <\/p><p> T\u00fchijooksukiirus 2. k\u00e4ik (p\/min) 0 &#8212; 1700 <\/p><p> Padruni m\u00f5\u00f5t (mm) 13 <\/p><p> Maks puidupuuri m\u00f5\u00f5t (mm) 25 <\/p><p> Maks puidupuuri m\u00f5\u00f5t (mm) 13 <\/p><p> Maks kivipuuri m\u00f5\u00f5t (mm) 13 <\/p><p> Maks l\u00f6\u00f6gisagedus (l\/min) 25,500 <\/p><p> Maks p\u00f6\u00f6rdemoment (Nm) 37 <\/p>\n","protected":false},"excerpt":{"rendered":"<p>M\u00fc\u00fcakse\u00a0Aku-Puurvasar Milwaukee M18 CHX-0X ilma aku ja laadija\u00a0, heas seisu- ja t\u00f6\u00f6korras! KIRJELDUS T\u00fchijooksukiirus 1. k\u00e4ik (p\/min) 0 &#8212; 450 T\u00fchijooksukiirus 2. k\u00e4ik (p\/min) 0 &#8212; 1700 Padruni m\u00f5\u00f5t (mm) 13 Maks puidupuuri m\u00f5\u00f5t (mm) 25 Maks puidupuuri m\u00f5\u00f5t (mm) 13 Maks kivipuuri m\u00f5\u00f5t (mm) 13 Maks l\u00f6\u00f6gisagedus (l\/min) 25,500 Maks p\u00f6\u00f6rdemoment (Nm) 37<\/p>\n","protected":false},"featured_media":25518,"comment_status":"closed","ping_status":"open","template":"","meta":{"inline_featured_image":false},"product_brand":[],"product_cat":[239],"product_tag":[],"class_list":{"0":"post-25517","1":"product","2":"type-product","3":"status-publish","4":"has-post-thumbnail","6":"product_cat-perforatory-i-dreli","7":"pa_asukoht-lasnamae","8":"pa_seisukord-ispolzovano","10":"first","11":"instock","12":"taxable","13":"shipping-taxable","14":"purchasable","15":"product-type-simple"},"_links":{"self":[{"href":"https:\/\/a-pant.ee\/ru\/wp-json\/wp\/v2\/product\/25517","targetHints":{"allow":["GET"]}}],"collection":[{"href":"https:\/\/a-pant.ee\/ru\/wp-json\/wp\/v2\/product"}],"about":[{"href":"https:\/\/a-pant.ee\/ru\/wp-json\/wp\/v2\/types\/product"}],"replies":[{"embeddable":true,"href":"https:\/\/a-pant.ee\/ru\/wp-json\/wp\/v2\/comments?post=25517"}],"wp:featuredmedia":[{"embeddable":true,"href":"https:\/\/a-pant.ee\/ru\/wp-json\/wp\/v2\/media\/25518"}],"wp:attachment":[{"href":"https:\/\/a-pant.ee\/ru\/wp-json\/wp\/v2\/media?parent=25517"}],"wp:term":[{"taxonomy":"product_brand","embeddable":true,"href":"https:\/\/a-pant.ee\/ru\/wp-json\/wp\/v2\/product_brand?post=25517"},{"taxonomy":"product_cat","embeddable":true,"href":"https:\/\/a-pant.ee\/ru\/wp-json\/wp\/v2\/product_cat?post=25517"},{"taxonomy":"product_tag","embeddable":true,"href":"https:\/\/a-pant.ee\/ru\/wp-json\/wp\/v2\/product_tag?post=25517"}],"curies":[{"name":"wp","href":"https:\/\/api.w.org\/{rel}","templated":true}]}}