{"id":25511,"date":"2026-02-04T02:17:19","date_gmt":"2026-02-03T23:17:19","guid":{"rendered":"https:\/\/a-pant.ee\/product\/gazovyj-gvozderezabivatel-hilti-gx120\/"},"modified":"2026-02-22T12:36:41","modified_gmt":"2026-02-22T09:36:41","slug":"gazovyj-gvozdezabivatel-hilti-gx120","status":"publish","type":"product","link":"https:\/\/a-pant.ee\/ru\/product\/gazovyj-gvozdezabivatel-hilti-gx120\/","title":{"rendered":"\u0413\u0430\u0437\u043e\u0432\u044b\u0439 \u0433\u0432\u043e\u0437\u0434\u0435\u0437\u0430\u0431\u0438\u0432\u0430\u0442\u0435\u043b\u044c Hilti GX120"},"content":{"rendered":"\n<p> Gaasinaelap\u00fcss Hilti GX120\u00a0, heas seisu- ja t\u00f6\u00f6korras! <\/p><p> KIRJELDUS <\/p><p> M\u00f5\u00f5tmed (P x L): 436 x 132 mm <\/p><p> T\u00f6\u00f6riista korpuse kaal: 3.99 kg <\/p><p> Kinniti pikkuse vahemik: 14 &#8212; 39 mm <\/p>\n","protected":false},"excerpt":{"rendered":"<p>Gaasinaelap\u00fcss Hilti GX120\u00a0, heas seisu- ja t\u00f6\u00f6korras! KIRJELDUS M\u00f5\u00f5tmed (P x L): 436 x 132 mm T\u00f6\u00f6riista korpuse kaal: 3.99 kg Kinniti pikkuse vahemik: 14 &#8212; 39 mm<\/p>\n","protected":false},"featured_media":25512,"comment_status":"closed","ping_status":"open","template":"","meta":{"inline_featured_image":false},"product_brand":[],"product_cat":[224],"product_tag":[],"class_list":{"0":"post-25511","1":"product","2":"type-product","3":"status-publish","4":"has-post-thumbnail","6":"product_cat-gazovye-pistolety","7":"pa_asukoht-lasnamae","8":"pa_seisukord-ispolzovano","10":"first","11":"instock","12":"taxable","13":"shipping-taxable","14":"purchasable","15":"product-type-simple"},"_links":{"self":[{"href":"https:\/\/a-pant.ee\/ru\/wp-json\/wp\/v2\/product\/25511","targetHints":{"allow":["GET"]}}],"collection":[{"href":"https:\/\/a-pant.ee\/ru\/wp-json\/wp\/v2\/product"}],"about":[{"href":"https:\/\/a-pant.ee\/ru\/wp-json\/wp\/v2\/types\/product"}],"replies":[{"embeddable":true,"href":"https:\/\/a-pant.ee\/ru\/wp-json\/wp\/v2\/comments?post=25511"}],"wp:featuredmedia":[{"embeddable":true,"href":"https:\/\/a-pant.ee\/ru\/wp-json\/wp\/v2\/media\/25512"}],"wp:attachment":[{"href":"https:\/\/a-pant.ee\/ru\/wp-json\/wp\/v2\/media?parent=25511"}],"wp:term":[{"taxonomy":"product_brand","embeddable":true,"href":"https:\/\/a-pant.ee\/ru\/wp-json\/wp\/v2\/product_brand?post=25511"},{"taxonomy":"product_cat","embeddable":true,"href":"https:\/\/a-pant.ee\/ru\/wp-json\/wp\/v2\/product_cat?post=25511"},{"taxonomy":"product_tag","embeddable":true,"href":"https:\/\/a-pant.ee\/ru\/wp-json\/wp\/v2\/product_tag?post=25511"}],"curies":[{"name":"wp","href":"https:\/\/api.w.org\/{rel}","templated":true}]}}