{"id":25504,"date":"2026-02-04T02:17:19","date_gmt":"2026-02-03T23:17:19","guid":{"rendered":"https:\/\/a-pant.ee\/product\/akkumulyatornyy-gvozdiezabivatel-hilti-bx-3\/"},"modified":"2026-02-22T12:36:41","modified_gmt":"2026-02-22T09:36:41","slug":"akkumulyatornyj-gvozdezabivatel-hilti-bx-3-ak-52ach","status":"publish","type":"product","link":"https:\/\/a-pant.ee\/ru\/product\/akkumulyatornyj-gvozdezabivatel-hilti-bx-3-ak-52ach\/","title":{"rendered":"\u0410\u043a\u043a\u0443\u043c\u0443\u043b\u044f\u0442\u043e\u0440\u043d\u044b\u0439 \u0433\u0432\u043e\u0437\u0434\u0435\u0437\u0430\u0431\u0438\u0432\u0430\u0442\u0435\u043b\u044c Hilti BX-3 + \u0430\u043a.5,2\u0410\u0447"},"content":{"rendered":"\n<p> Akunaelap\u00fcss Hilti BX-3 + aku 5,2Ah\u00a0, heas seisu- ja t\u00f6\u00f6korras! <\/p><p> KIRJELDUS <\/p><p> M\u00f5\u00f5tmed (PxLxK) 474 x 134 x 370mm <\/p><p> Kaal 3,514kg <\/p><p> Kinniti pikkuse vahemik 14-36mm <\/p>\n","protected":false},"excerpt":{"rendered":"<p>Akunaelap\u00fcss Hilti BX-3 + aku 5,2Ah\u00a0, heas seisu- ja t\u00f6\u00f6korras! KIRJELDUS M\u00f5\u00f5tmed (PxLxK) 474 x 134 x 370mm Kaal 3,514kg Kinniti pikkuse vahemik 14-36mm<\/p>\n","protected":false},"featured_media":25505,"comment_status":"closed","ping_status":"open","template":"","meta":{"inline_featured_image":false},"product_brand":[],"product_cat":[246],"product_tag":[],"class_list":{"0":"post-25504","1":"product","2":"type-product","3":"status-publish","4":"has-post-thumbnail","6":"product_cat-instrumenty-drugoe","7":"pa_asukoht-lasnamae","8":"pa_seisukord-ispolzovano","10":"first","11":"instock","12":"taxable","13":"shipping-taxable","14":"purchasable","15":"product-type-simple"},"_links":{"self":[{"href":"https:\/\/a-pant.ee\/ru\/wp-json\/wp\/v2\/product\/25504","targetHints":{"allow":["GET"]}}],"collection":[{"href":"https:\/\/a-pant.ee\/ru\/wp-json\/wp\/v2\/product"}],"about":[{"href":"https:\/\/a-pant.ee\/ru\/wp-json\/wp\/v2\/types\/product"}],"replies":[{"embeddable":true,"href":"https:\/\/a-pant.ee\/ru\/wp-json\/wp\/v2\/comments?post=25504"}],"wp:featuredmedia":[{"embeddable":true,"href":"https:\/\/a-pant.ee\/ru\/wp-json\/wp\/v2\/media\/25505"}],"wp:attachment":[{"href":"https:\/\/a-pant.ee\/ru\/wp-json\/wp\/v2\/media?parent=25504"}],"wp:term":[{"taxonomy":"product_brand","embeddable":true,"href":"https:\/\/a-pant.ee\/ru\/wp-json\/wp\/v2\/product_brand?post=25504"},{"taxonomy":"product_cat","embeddable":true,"href":"https:\/\/a-pant.ee\/ru\/wp-json\/wp\/v2\/product_cat?post=25504"},{"taxonomy":"product_tag","embeddable":true,"href":"https:\/\/a-pant.ee\/ru\/wp-json\/wp\/v2\/product_tag?post=25504"}],"curies":[{"name":"wp","href":"https:\/\/api.w.org\/{rel}","templated":true}]}}