{"id":25492,"date":"2026-02-04T02:17:19","date_gmt":"2026-02-03T23:17:19","guid":{"rendered":"https:\/\/a-pant.ee\/product\/akkumulyatornaya-drel-makita-df030d\/"},"modified":"2026-02-22T12:36:41","modified_gmt":"2026-02-22T09:36:41","slug":"akkumulyatornaya-drel-makita-df030d-ak-13ach-2sht","status":"publish","type":"product","link":"https:\/\/a-pant.ee\/ru\/product\/akkumulyatornaya-drel-makita-df030d-ak-13ach-2sht\/","title":{"rendered":"\u0410\u043a\u043a\u0443\u043c\u0443\u043b\u044f\u0442\u043e\u0440\u043d\u0430\u044f \u0434\u0440\u0435\u043b\u044c Makita DF030D + \u0430\u043a.1,3\u0410\u0447 2\u0448\u0442."},"content":{"rendered":"\n<p> Akutrell Makita DF030D + aku 1,3Ah 2tk\u00a0, heas seisu- ja t\u00f6\u00f6korras! <\/p><p> KIRJELDUS <\/p><p> Tootja Makita <\/p><p> Kaal 0.89 kg <\/p><p> Professionaalidele \/ Asjaarmastajatele Professionaalidele <\/p><p> T\u00f6\u00f6riista m\u00f5\u00f5tmed 155 mm <\/p><p> Mootori t\u00fc\u00fcp Akutoitega <\/p><p> Kas komplekt sisaldab akut Jah <\/p><p> Akukeemia Li-Ion (Liitiumioonaku) <\/p><p> Aku pinge 10,8 V <\/p><p> Aku maht 1,3 Ah <\/p><p> Aku maht ja suurus 2&#215;1,3 Ah <\/p><p> Laadimise kestus 50 min <\/p><p> Kiirus koormuseta 0-350\/0-1300 min-1 <\/p><p> Maksimaalne kiirus 1300 \/min <\/p><p> Maksimaalne j\u00f5umoment 24 Nm <\/p><p> P\u00f6\u00f6rdemomendi astmete arv 18 <\/p><p> Puuriotsaku maksimaalne l\u00e4bim\u00f5\u00f5t puidu puurimiseks 21 mm <\/p><p> Puuriotsaku maksimaalne l\u00e4bim\u00f5\u00f5t terase puurimiseks 10 mm <\/p><p> K\u00e4ikude arv 2 k\u00e4iku <\/p><p> Kas komplekt sisaldab kandekohvrit ei <\/p><p> Kaasas laadija ei <\/p><p> T\u00e4htis m\u00e4rkus Aku saavutab oma t\u00e4ieliku mahtuvuse peale 3-4 laadimist <\/p><p> Sisseehitatud LED-valgustus Jah <\/p>\n","protected":false},"excerpt":{"rendered":"<p>Akutrell Makita DF030D + aku 1,3Ah 2tk\u00a0, heas seisu- ja t\u00f6\u00f6korras! KIRJELDUS Tootja Makita Kaal 0.89 kg Professionaalidele \/ Asjaarmastajatele Professionaalidele T\u00f6\u00f6riista m\u00f5\u00f5tmed 155 mm Mootori t\u00fc\u00fcp Akutoitega Kas komplekt sisaldab akut Jah Akukeemia Li-Ion (Liitiumioonaku) Aku pinge 10,8 V Aku maht 1,3 Ah Aku maht ja suurus 2&#215;1,3 Ah Laadimise kestus 50 min Kiirus [&hellip;]<\/p>\n","protected":false},"featured_media":25493,"comment_status":"closed","ping_status":"open","template":"","meta":{"inline_featured_image":false},"product_brand":[],"product_cat":[221],"product_tag":[],"class_list":{"0":"post-25492","1":"product","2":"type-product","3":"status-publish","4":"has-post-thumbnail","6":"product_cat-akkumulyatornye-dreli","7":"pa_asukoht-lasnamae","8":"pa_seisukord-ispolzovano","10":"first","11":"instock","12":"taxable","13":"shipping-taxable","14":"purchasable","15":"product-type-simple"},"_links":{"self":[{"href":"https:\/\/a-pant.ee\/ru\/wp-json\/wp\/v2\/product\/25492","targetHints":{"allow":["GET"]}}],"collection":[{"href":"https:\/\/a-pant.ee\/ru\/wp-json\/wp\/v2\/product"}],"about":[{"href":"https:\/\/a-pant.ee\/ru\/wp-json\/wp\/v2\/types\/product"}],"replies":[{"embeddable":true,"href":"https:\/\/a-pant.ee\/ru\/wp-json\/wp\/v2\/comments?post=25492"}],"wp:featuredmedia":[{"embeddable":true,"href":"https:\/\/a-pant.ee\/ru\/wp-json\/wp\/v2\/media\/25493"}],"wp:attachment":[{"href":"https:\/\/a-pant.ee\/ru\/wp-json\/wp\/v2\/media?parent=25492"}],"wp:term":[{"taxonomy":"product_brand","embeddable":true,"href":"https:\/\/a-pant.ee\/ru\/wp-json\/wp\/v2\/product_brand?post=25492"},{"taxonomy":"product_cat","embeddable":true,"href":"https:\/\/a-pant.ee\/ru\/wp-json\/wp\/v2\/product_cat?post=25492"},{"taxonomy":"product_tag","embeddable":true,"href":"https:\/\/a-pant.ee\/ru\/wp-json\/wp\/v2\/product_tag?post=25492"}],"curies":[{"name":"wp","href":"https:\/\/api.w.org\/{rel}","templated":true}]}}