{"id":25481,"date":"2026-02-04T02:17:19","date_gmt":"2026-02-03T23:17:19","guid":{"rendered":"https:\/\/a-pant.ee\/product\/smart-chasy-huawei-watch-gt-2-42mm\/"},"modified":"2026-02-22T12:36:41","modified_gmt":"2026-02-22T09:36:41","slug":"smart-chasy-huawei-watch-gt-2-42mm-zaryadka-korobka","status":"publish","type":"product","link":"https:\/\/a-pant.ee\/ru\/product\/smart-chasy-huawei-watch-gt-2-42mm-zaryadka-korobka\/","title":{"rendered":"\u0421\u043c\u0430\u0440\u0442-\u0447\u0430\u0441\u044b Huawei Watch GT 2 42mm + \u0417\u0430\u0440\u044f\u0434\u043a\u0430 + \u041a\u043e\u0440\u043e\u0431\u043a\u0430"},"content":{"rendered":"\n<p> Nutikell Huawei Watch GT 2 42mm + Laadija + Karp, heas seisu- ja t\u00f6\u00f6korras! <\/p><p> KIRJELDUS <\/p><p> Ekraani suurus (tollides) <br \/> 1.39 <br \/> V\u00e4rv <br \/> Must <br \/> Ekraani t\u00fc\u00fcp <br \/> AMOLED <br \/> Ekraani resolutsioon <br \/> 454 x 454 <br \/> Puuteekraan <br \/> Jah <br \/> K\u00e4ev\u00f5ru materjal <br \/> Silikoon <br \/> Veekindluse tase <br \/> 5 ATM <br \/> Bluetooth <br \/> Jah <br \/> Aku mahutavus <br \/> 455 mAh <br \/> M\u00e4lu <br \/> 32 GB <br \/> RAM <br \/> 4GB <br \/> Pulssm\u00f5\u00f5tja (HR) <br \/> Jah <\/p>\n","protected":false},"excerpt":{"rendered":"<p>Nutikell Huawei Watch GT 2 42mm + Laadija + Karp, heas seisu- ja t\u00f6\u00f6korras! KIRJELDUS Ekraani suurus (tollides) 1.39 V\u00e4rv Must Ekraani t\u00fc\u00fcp AMOLED Ekraani resolutsioon 454 x 454 Puuteekraan Jah K\u00e4ev\u00f5ru materjal Silikoon Veekindluse tase 5 ATM Bluetooth Jah Aku mahutavus 455 mAh M\u00e4lu 32 GB RAM 4GB Pulssm\u00f5\u00f5tja (HR) Jah<\/p>\n","protected":false},"featured_media":25482,"comment_status":"closed","ping_status":"open","template":"","meta":{"inline_featured_image":false},"product_brand":[],"product_cat":[176],"product_tag":[],"class_list":{"0":"post-25481","1":"product","2":"type-product","3":"status-publish","4":"has-post-thumbnail","6":"product_cat-smart-chasy","7":"pa_asukoht-mustamae","8":"pa_seisukord-ispolzovano","10":"first","11":"instock","12":"taxable","13":"shipping-taxable","14":"purchasable","15":"product-type-simple"},"_links":{"self":[{"href":"https:\/\/a-pant.ee\/ru\/wp-json\/wp\/v2\/product\/25481","targetHints":{"allow":["GET"]}}],"collection":[{"href":"https:\/\/a-pant.ee\/ru\/wp-json\/wp\/v2\/product"}],"about":[{"href":"https:\/\/a-pant.ee\/ru\/wp-json\/wp\/v2\/types\/product"}],"replies":[{"embeddable":true,"href":"https:\/\/a-pant.ee\/ru\/wp-json\/wp\/v2\/comments?post=25481"}],"wp:featuredmedia":[{"embeddable":true,"href":"https:\/\/a-pant.ee\/ru\/wp-json\/wp\/v2\/media\/25482"}],"wp:attachment":[{"href":"https:\/\/a-pant.ee\/ru\/wp-json\/wp\/v2\/media?parent=25481"}],"wp:term":[{"taxonomy":"product_brand","embeddable":true,"href":"https:\/\/a-pant.ee\/ru\/wp-json\/wp\/v2\/product_brand?post=25481"},{"taxonomy":"product_cat","embeddable":true,"href":"https:\/\/a-pant.ee\/ru\/wp-json\/wp\/v2\/product_cat?post=25481"},{"taxonomy":"product_tag","embeddable":true,"href":"https:\/\/a-pant.ee\/ru\/wp-json\/wp\/v2\/product_tag?post=25481"}],"curies":[{"name":"wp","href":"https:\/\/api.w.org\/{rel}","templated":true}]}}