{"id":25443,"date":"2026-02-04T02:17:19","date_gmt":"2026-02-03T23:17:19","guid":{"rendered":"https:\/\/a-pant.ee\/product\/akkumulyatornaya-drel-makita-dtd153\/"},"modified":"2026-02-22T12:36:40","modified_gmt":"2026-02-22T09:36:40","slug":"akudrell-makita-dtd153-aku-50ach","status":"publish","type":"product","link":"https:\/\/a-pant.ee\/ru\/product\/akudrell-makita-dtd153-aku-50ach\/","title":{"rendered":"\u0410\u043a\u0443\u0434\u0440\u0435\u043b\u043b\u044c Makita DTD153 + \u0410\u041a\u0423 5,0\u0410\u0427"},"content":{"rendered":"\n<p> Akutrell Makita DTD153 + aku 5,0Ah\u00a0, heas seisu- ja t\u00f6\u00f6korras! <\/p><p> KIRJELDUS <\/p><p> Kategooria: Akutrellid, kruvikeerajad <\/p><p> Kaubam\u00e4rk: Makita <\/p><p> Akupinge: 18 V <\/p><p> Aku t\u00fc\u00fcp: Li-ion <\/p><p> P\u00f6\u00f6rete arv: 0-3400 min-1 <\/p><p> Tagurpidik\u00e4ik: Jah <\/p><p> T\u00fc\u00fcp: Akuga l\u00f6\u00f6ktrellid <\/p><p> Vaade: Makita, akuga l\u00f6\u00f6ktrellid akutrellid, kruvikeerajad <\/p><p> Akude arv: 1 tk <\/p><p> K\u00f5ik tooted sellelt kaubam\u00e4rgilt: K\u00f5ik Makita tooted <\/p>\n","protected":false},"excerpt":{"rendered":"<p>Akutrell Makita DTD153 + aku 5,0Ah\u00a0, heas seisu- ja t\u00f6\u00f6korras! KIRJELDUS Kategooria: Akutrellid, kruvikeerajad Kaubam\u00e4rk: Makita Akupinge: 18 V Aku t\u00fc\u00fcp: Li-ion P\u00f6\u00f6rete arv: 0-3400 min-1 Tagurpidik\u00e4ik: Jah T\u00fc\u00fcp: Akuga l\u00f6\u00f6ktrellid Vaade: Makita, akuga l\u00f6\u00f6ktrellid akutrellid, kruvikeerajad Akude arv: 1 tk K\u00f5ik tooted sellelt kaubam\u00e4rgilt: K\u00f5ik Makita tooted<\/p>\n","protected":false},"featured_media":25444,"comment_status":"closed","ping_status":"open","template":"","meta":{"inline_featured_image":false},"product_brand":[],"product_cat":[221],"product_tag":[],"class_list":{"0":"post-25443","1":"product","2":"type-product","3":"status-publish","4":"has-post-thumbnail","6":"product_cat-akkumulyatornye-dreli","7":"pa_asukoht-lasnamae","8":"pa_seisukord-ispolzovano","10":"first","11":"instock","12":"taxable","13":"shipping-taxable","14":"purchasable","15":"product-type-simple"},"_links":{"self":[{"href":"https:\/\/a-pant.ee\/ru\/wp-json\/wp\/v2\/product\/25443","targetHints":{"allow":["GET"]}}],"collection":[{"href":"https:\/\/a-pant.ee\/ru\/wp-json\/wp\/v2\/product"}],"about":[{"href":"https:\/\/a-pant.ee\/ru\/wp-json\/wp\/v2\/types\/product"}],"replies":[{"embeddable":true,"href":"https:\/\/a-pant.ee\/ru\/wp-json\/wp\/v2\/comments?post=25443"}],"wp:featuredmedia":[{"embeddable":true,"href":"https:\/\/a-pant.ee\/ru\/wp-json\/wp\/v2\/media\/25444"}],"wp:attachment":[{"href":"https:\/\/a-pant.ee\/ru\/wp-json\/wp\/v2\/media?parent=25443"}],"wp:term":[{"taxonomy":"product_brand","embeddable":true,"href":"https:\/\/a-pant.ee\/ru\/wp-json\/wp\/v2\/product_brand?post=25443"},{"taxonomy":"product_cat","embeddable":true,"href":"https:\/\/a-pant.ee\/ru\/wp-json\/wp\/v2\/product_cat?post=25443"},{"taxonomy":"product_tag","embeddable":true,"href":"https:\/\/a-pant.ee\/ru\/wp-json\/wp\/v2\/product_tag?post=25443"}],"curies":[{"name":"wp","href":"https:\/\/api.w.org\/{rel}","templated":true}]}}