{"id":25436,"date":"2026-02-04T02:17:19","date_gmt":"2026-02-03T23:17:19","guid":{"rendered":"https:\/\/a-pant.ee\/product\/mobilnyj-telefon-poco-x4-pro-5g-256gb\/"},"modified":"2026-02-22T12:36:40","modified_gmt":"2026-02-22T09:36:40","slug":"mobilnyj-telefon-poco-x4-pro-5g-256gb","status":"publish","type":"product","link":"https:\/\/a-pant.ee\/ru\/product\/mobilnyj-telefon-poco-x4-pro-5g-256gb\/","title":{"rendered":"\u041c\u043e\u0431\u0438\u043b\u044c\u043d\u044b\u0439 \u0442\u0435\u043b\u0435\u0444\u043e\u043d Poco X4 Pro 5G 256Gb"},"content":{"rendered":"\n<p> Mobiiltelefon Poco X4 Pro 5G 256Gb\u00a0, heas seisu- ja t\u00f6\u00f6korras! <\/p><p> KIRJELDUS <\/p><p> Kategooria: Telefonid <\/p><p> Telefoni t\u00fc\u00fcp: Nutitelefon <\/p><p> Kaubam\u00e4rk: Poco <\/p><p> V\u00e4rv: Sinine <\/p><p> WiFi: Jah <\/p><p> Bluetooth: Jah <\/p><p> Bluetooth Versioon: 5.1 <\/p><p> Ekraani t\u00fc\u00fcp: AMOLED <\/p><p> Resolutsioon: 1080 x 2400 <\/p><p> V\u00e4lk: LED <\/p><p> Operatiivm\u00e4lu (RAM): 8192 MB <\/p><p> Sisem\u00e4lu: 256 GB <\/p><p> Aku t\u00fc\u00fcp: Li-Po <\/p><p> Aku mahutavus: 5000 mAh <\/p><p> Operatsioonis\u00fcsteem: Android <\/p><p> Versioon: 11 <\/p><p> Lisafunktsioonid: 3G, 4G, 5G, Dual SIM, Kiirlaadimine, NFC, Niiskuskindel, S\u00f5rmej\u00e4ljelugeja <\/p><p> Veekindluse tase: IP53 <\/p><p> Mudel: X4 Pro 5G <\/p><p> Vaade: Poco, x4 pro 5g telefonid <\/p><p> Toote seisukord: Kasutatud <\/p><p> Kaal: 205 g <\/p><p> Pakendis sisaldub* (*pakendi sisu v\u00f5ib muutuda): telefon <\/p><p> Diagonaal (tollid): 6.67 <\/p><p> Tagakaamera: 108 + 8 + 2 Mpx <\/p><p> Esikaamera: 16 Mpx <\/p>\n","protected":false},"excerpt":{"rendered":"<p>Mobiiltelefon Poco X4 Pro 5G 256Gb\u00a0, heas seisu- ja t\u00f6\u00f6korras! KIRJELDUS Kategooria: Telefonid Telefoni t\u00fc\u00fcp: Nutitelefon Kaubam\u00e4rk: Poco V\u00e4rv: Sinine WiFi: Jah Bluetooth: Jah Bluetooth Versioon: 5.1 Ekraani t\u00fc\u00fcp: AMOLED Resolutsioon: 1080 x 2400 V\u00e4lk: LED Operatiivm\u00e4lu (RAM): 8192 MB Sisem\u00e4lu: 256 GB Aku t\u00fc\u00fcp: Li-Po Aku mahutavus: 5000 mAh Operatsioonis\u00fcsteem: Android Versioon: 11 Lisafunktsioonid: [&hellip;]<\/p>\n","protected":false},"featured_media":25437,"comment_status":"closed","ping_status":"open","template":"","meta":{"inline_featured_image":false},"product_brand":[],"product_cat":[171],"product_tag":[],"class_list":{"0":"post-25436","1":"product","2":"type-product","3":"status-publish","4":"has-post-thumbnail","6":"product_cat-mobilnye-telefony","7":"pa_asukoht-lasnamae","8":"pa_seisukord-ispolzovano","10":"first","11":"instock","12":"taxable","13":"shipping-taxable","14":"purchasable","15":"product-type-simple"},"_links":{"self":[{"href":"https:\/\/a-pant.ee\/ru\/wp-json\/wp\/v2\/product\/25436","targetHints":{"allow":["GET"]}}],"collection":[{"href":"https:\/\/a-pant.ee\/ru\/wp-json\/wp\/v2\/product"}],"about":[{"href":"https:\/\/a-pant.ee\/ru\/wp-json\/wp\/v2\/types\/product"}],"replies":[{"embeddable":true,"href":"https:\/\/a-pant.ee\/ru\/wp-json\/wp\/v2\/comments?post=25436"}],"wp:featuredmedia":[{"embeddable":true,"href":"https:\/\/a-pant.ee\/ru\/wp-json\/wp\/v2\/media\/25437"}],"wp:attachment":[{"href":"https:\/\/a-pant.ee\/ru\/wp-json\/wp\/v2\/media?parent=25436"}],"wp:term":[{"taxonomy":"product_brand","embeddable":true,"href":"https:\/\/a-pant.ee\/ru\/wp-json\/wp\/v2\/product_brand?post=25436"},{"taxonomy":"product_cat","embeddable":true,"href":"https:\/\/a-pant.ee\/ru\/wp-json\/wp\/v2\/product_cat?post=25436"},{"taxonomy":"product_tag","embeddable":true,"href":"https:\/\/a-pant.ee\/ru\/wp-json\/wp\/v2\/product_tag?post=25436"}],"curies":[{"name":"wp","href":"https:\/\/api.w.org\/{rel}","templated":true}]}}