{"id":25429,"date":"2026-02-04T02:17:19","date_gmt":"2026-02-03T23:17:19","guid":{"rendered":"https:\/\/a-pant.ee\/product\/planshet-samsung-tab-s6-lite-64gb\/"},"modified":"2026-02-22T12:36:40","modified_gmt":"2026-02-22T09:36:40","slug":"planshet-samsung-tab-s6-lite-64gb","status":"publish","type":"product","link":"https:\/\/a-pant.ee\/ru\/product\/planshet-samsung-tab-s6-lite-64gb\/","title":{"rendered":"\u041f\u043b\u0430\u043d\u0448\u0435\u0442 Samsung TAB S6 Lite 64Gb"},"content":{"rendered":"\n<p> Tahvelarvuti Samsung TAB S6 Lite 64Gb\u00a0, heas seisu- ja t\u00f6\u00f6korras! <\/p><p> KIRJELDUS <\/p><p> Kategooria: Tahvelarvutid <\/p><p> Kaubam\u00e4rk: Samsung <\/p><p> Ekraani t\u00fc\u00fcp: TFT <\/p><p> Operatsioonis\u00fcsteemi versioon: Android 10 <\/p><p> 5G: Ei <\/p><p> 4G: Jah <\/p><p> 3G: Jah <\/p><p> Operatsioonis\u00fcsteem: Android OS <\/p><p> Aku t\u00fc\u00fcp: Li-Po <\/p><p> Tagumine kaamera: 8 MP <\/p><p> Eesmine kaamera: 5 MP <\/p><p> Sisseehitatud v\u00e4lklamp: Ei <\/p><p> WiFi: Jah <\/p><p> GPS: Jah <\/p><p> Protsessori t\u00fc\u00fcp: Exynos 9611 <\/p><p> Bluetooth: Jah <\/p><p> Operatiivm\u00e4lu (RAM): 4000 MB <\/p><p> M\u00e4lukaardi t\u00fc\u00fcp: Micro SD kaardilugeja <\/p><p> M\u00e4lukaardi maht: 1 TB <\/p><p> Lastele m\u00f5eldud: Ei <\/p><p> Kaal: 0.467 kg <\/p><p> V\u00e4rv: sinine <\/p><p> \u00dchenduvus: 2x USB 2.0, 3.5 mm jack, Bluetooth, Pole t\u00e4psustatud <\/p><p> Tootja protsessor: Samsung Exynos <\/p><p> Toetatavad tehnoloogiad: Bluetooth, GPS, Wi-Fi Direct <\/p><p> USB \u00fchendus: 1x USB 2.0 <\/p><p> Aku maht (mAh): 7040 <\/p><p> Maksimaalne kasutusaeg (h): 149 <\/p><p> Diagonaal: 10.4&#187; (~26.31 cm) <\/p><p> Vaade: Samsung, 10.4&#187; (~26.31 cm) tahvelarvutid <\/p><p> Sisemine m\u00e4lu: 128 GB (osa OS-i jaoks) <\/p><p> Resolutsioon: 2000 x 1200 <\/p>\n","protected":false},"excerpt":{"rendered":"<p>Tahvelarvuti Samsung TAB S6 Lite 64Gb\u00a0, heas seisu- ja t\u00f6\u00f6korras! KIRJELDUS Kategooria: Tahvelarvutid Kaubam\u00e4rk: Samsung Ekraani t\u00fc\u00fcp: TFT Operatsioonis\u00fcsteemi versioon: Android 10 5G: Ei 4G: Jah 3G: Jah Operatsioonis\u00fcsteem: Android OS Aku t\u00fc\u00fcp: Li-Po Tagumine kaamera: 8 MP Eesmine kaamera: 5 MP Sisseehitatud v\u00e4lklamp: Ei WiFi: Jah GPS: Jah Protsessori t\u00fc\u00fcp: Exynos 9611 Bluetooth: Jah [&hellip;]<\/p>\n","protected":false},"featured_media":25430,"comment_status":"closed","ping_status":"open","template":"","meta":{"inline_featured_image":false},"product_brand":[],"product_cat":[180],"product_tag":[],"class_list":{"0":"post-25429","1":"product","2":"type-product","3":"status-publish","4":"has-post-thumbnail","6":"product_cat-planshety","7":"pa_asukoht-lasnamae","8":"pa_seisukord-ispolzovano","10":"first","11":"instock","12":"taxable","13":"shipping-taxable","14":"purchasable","15":"product-type-simple"},"_links":{"self":[{"href":"https:\/\/a-pant.ee\/ru\/wp-json\/wp\/v2\/product\/25429","targetHints":{"allow":["GET"]}}],"collection":[{"href":"https:\/\/a-pant.ee\/ru\/wp-json\/wp\/v2\/product"}],"about":[{"href":"https:\/\/a-pant.ee\/ru\/wp-json\/wp\/v2\/types\/product"}],"replies":[{"embeddable":true,"href":"https:\/\/a-pant.ee\/ru\/wp-json\/wp\/v2\/comments?post=25429"}],"wp:featuredmedia":[{"embeddable":true,"href":"https:\/\/a-pant.ee\/ru\/wp-json\/wp\/v2\/media\/25430"}],"wp:attachment":[{"href":"https:\/\/a-pant.ee\/ru\/wp-json\/wp\/v2\/media?parent=25429"}],"wp:term":[{"taxonomy":"product_brand","embeddable":true,"href":"https:\/\/a-pant.ee\/ru\/wp-json\/wp\/v2\/product_brand?post=25429"},{"taxonomy":"product_cat","embeddable":true,"href":"https:\/\/a-pant.ee\/ru\/wp-json\/wp\/v2\/product_cat?post=25429"},{"taxonomy":"product_tag","embeddable":true,"href":"https:\/\/a-pant.ee\/ru\/wp-json\/wp\/v2\/product_tag?post=25429"}],"curies":[{"name":"wp","href":"https:\/\/api.w.org\/{rel}","templated":true}]}}