{"id":25414,"date":"2026-02-04T02:14:11","date_gmt":"2026-02-03T23:14:11","guid":{"rendered":"https:\/\/a-pant.ee\/product\/listyeduv-stihl-br200\/"},"modified":"2026-02-22T12:36:44","modified_gmt":"2026-02-22T09:36:44","slug":"listeduv-stihl-br200","status":"publish","type":"product","link":"https:\/\/a-pant.ee\/ru\/product\/listeduv-stihl-br200\/","title":{"rendered":"\u041b\u0438\u0441\u0442\u044c\u0435\u0434\u0443\u0432 Stihl BR200"},"content":{"rendered":"\n<p> Lehepuhur Stihl BR200\u00a0, heas seisu- ja t\u00f6\u00f6korras! <\/p><p> KIRJELDUS <\/p><p> Funktsioonid <br \/> puhumine <br \/> Maksimaalne \u00f5hu kiirus <br \/> 67 m\/s <br \/> Maksimaalne \u00f5huvool <br \/> 800 m\u00b3\/tunnis <br \/> Ise\u00e4rasused <br \/> vibratsioonivastane s\u00fcsteem <br \/> Transpordimeetod <br \/> seljakott <br \/> Mootori t\u00f6\u00f6maht <br \/> 27,2 cm\u00b3 <br \/> Mootori ts\u00fcklite arv <br \/> 2 takti <br \/> K\u00fctuse t\u00fc\u00fcp <br \/> bensiin ja \u00f5li <br \/> K\u00fctusepaagi maht <br \/> 1,05 l <br \/> mootori t\u00fc\u00fcp <br \/> bensiin <br \/> Neto kaal <br \/> 5,8 kg <\/p>\n","protected":false},"excerpt":{"rendered":"<p>Lehepuhur Stihl BR200\u00a0, heas seisu- ja t\u00f6\u00f6korras! KIRJELDUS Funktsioonid puhumine Maksimaalne \u00f5hu kiirus 67 m\/s Maksimaalne \u00f5huvool 800 m\u00b3\/tunnis Ise\u00e4rasused vibratsioonivastane s\u00fcsteem Transpordimeetod seljakott Mootori t\u00f6\u00f6maht 27,2 cm\u00b3 Mootori ts\u00fcklite arv 2 takti K\u00fctuse t\u00fc\u00fcp bensiin ja \u00f5li K\u00fctusepaagi maht 1,05 l mootori t\u00fc\u00fcp bensiin Neto kaal 5,8 kg<\/p>\n","protected":false},"featured_media":25415,"comment_status":"closed","ping_status":"closed","template":"","meta":{"inline_featured_image":false},"product_brand":[],"product_cat":[220],"product_tag":[],"class_list":{"0":"post-25414","1":"product","2":"type-product","3":"status-publish","4":"has-post-thumbnail","6":"product_cat-sadovye-instrumenty","7":"product_shipping_class-oversize","8":"pa_asukoht-lasnamae","9":"pa_seisukord-ispolzovano","11":"first","12":"instock","13":"taxable","14":"shipping-taxable","15":"purchasable","16":"product-type-simple"},"_links":{"self":[{"href":"https:\/\/a-pant.ee\/ru\/wp-json\/wp\/v2\/product\/25414","targetHints":{"allow":["GET"]}}],"collection":[{"href":"https:\/\/a-pant.ee\/ru\/wp-json\/wp\/v2\/product"}],"about":[{"href":"https:\/\/a-pant.ee\/ru\/wp-json\/wp\/v2\/types\/product"}],"replies":[{"embeddable":true,"href":"https:\/\/a-pant.ee\/ru\/wp-json\/wp\/v2\/comments?post=25414"}],"wp:featuredmedia":[{"embeddable":true,"href":"https:\/\/a-pant.ee\/ru\/wp-json\/wp\/v2\/media\/25415"}],"wp:attachment":[{"href":"https:\/\/a-pant.ee\/ru\/wp-json\/wp\/v2\/media?parent=25414"}],"wp:term":[{"taxonomy":"product_brand","embeddable":true,"href":"https:\/\/a-pant.ee\/ru\/wp-json\/wp\/v2\/product_brand?post=25414"},{"taxonomy":"product_cat","embeddable":true,"href":"https:\/\/a-pant.ee\/ru\/wp-json\/wp\/v2\/product_cat?post=25414"},{"taxonomy":"product_tag","embeddable":true,"href":"https:\/\/a-pant.ee\/ru\/wp-json\/wp\/v2\/product_tag?post=25414"}],"curies":[{"name":"wp","href":"https:\/\/api.w.org\/{rel}","templated":true}]}}