{"id":25408,"date":"2026-02-04T02:14:11","date_gmt":"2026-02-03T23:14:11","guid":{"rendered":"https:\/\/a-pant.ee\/product\/perforator-bosch-gbh-5-40-dce-sds-max\/"},"modified":"2026-02-22T12:36:44","modified_gmt":"2026-02-22T09:36:44","slug":"perforator-bosch-gbh-5-40-dce-sds-max","status":"publish","type":"product","link":"https:\/\/a-pant.ee\/ru\/product\/perforator-bosch-gbh-5-40-dce-sds-max\/","title":{"rendered":"\u041f\u0435\u0440\u0444\u043e\u0440\u0430\u0442\u043e\u0440 Bosch GBH 5-40 DCE SDS-Max"},"content":{"rendered":"\n<p> Puurvasar Bosch GBH 5-40 DCE SDS-Max, heas seisu- ja t\u00f6\u00f6korras! <\/p><p> KIRJELDUS <\/p><p> Energiatarve: <\/p><p> 1150 W <\/p><p> Maksimaalne t\u00fchik\u00e4igu kiirus: <\/p><p> 340 p\u00f6\u00f6ret minutis <\/p><p> Maksimaalne l\u00f6\u00f6kide arv minutis: <\/p><p> 3050 l\u00f6\u00f6ki\/min <\/p><p> Maksimaalne l\u00f6\u00f6gienergia: <\/p><p> 8,8 J <\/p><p> Toitumine: <\/p><p> V\u00f5rgust <\/p><p> V\u00f5rgukaabli pikkus: <\/p><p> 3 m <\/p>\n","protected":false},"excerpt":{"rendered":"<p>Puurvasar Bosch GBH 5-40 DCE SDS-Max, heas seisu- ja t\u00f6\u00f6korras! KIRJELDUS Energiatarve: 1150 W Maksimaalne t\u00fchik\u00e4igu kiirus: 340 p\u00f6\u00f6ret minutis Maksimaalne l\u00f6\u00f6kide arv minutis: 3050 l\u00f6\u00f6ki\/min Maksimaalne l\u00f6\u00f6gienergia: 8,8 J Toitumine: V\u00f5rgust V\u00f5rgukaabli pikkus: 3 m<\/p>\n","protected":false},"featured_media":25409,"comment_status":"closed","ping_status":"open","template":"","meta":{"inline_featured_image":false},"product_brand":[],"product_cat":[239],"product_tag":[],"class_list":{"0":"post-25408","1":"product","2":"type-product","3":"status-publish","4":"has-post-thumbnail","6":"product_cat-perforatory-i-dreli","7":"pa_asukoht-lasnamae","8":"pa_seisukord-ispolzovano","10":"first","11":"instock","12":"taxable","13":"shipping-taxable","14":"purchasable","15":"product-type-simple"},"_links":{"self":[{"href":"https:\/\/a-pant.ee\/ru\/wp-json\/wp\/v2\/product\/25408","targetHints":{"allow":["GET"]}}],"collection":[{"href":"https:\/\/a-pant.ee\/ru\/wp-json\/wp\/v2\/product"}],"about":[{"href":"https:\/\/a-pant.ee\/ru\/wp-json\/wp\/v2\/types\/product"}],"replies":[{"embeddable":true,"href":"https:\/\/a-pant.ee\/ru\/wp-json\/wp\/v2\/comments?post=25408"}],"wp:featuredmedia":[{"embeddable":true,"href":"https:\/\/a-pant.ee\/ru\/wp-json\/wp\/v2\/media\/25409"}],"wp:attachment":[{"href":"https:\/\/a-pant.ee\/ru\/wp-json\/wp\/v2\/media?parent=25408"}],"wp:term":[{"taxonomy":"product_brand","embeddable":true,"href":"https:\/\/a-pant.ee\/ru\/wp-json\/wp\/v2\/product_brand?post=25408"},{"taxonomy":"product_cat","embeddable":true,"href":"https:\/\/a-pant.ee\/ru\/wp-json\/wp\/v2\/product_cat?post=25408"},{"taxonomy":"product_tag","embeddable":true,"href":"https:\/\/a-pant.ee\/ru\/wp-json\/wp\/v2\/product_tag?post=25408"}],"curies":[{"name":"wp","href":"https:\/\/api.w.org\/{rel}","templated":true}]}}