{"id":25402,"date":"2026-02-04T02:14:11","date_gmt":"2026-02-03T23:14:11","guid":{"rendered":"https:\/\/a-pant.ee\/product\/zagruzhchik-wurth-ews-28-a-akkumulyatory-i-zaryadnoe\/"},"modified":"2026-02-22T12:36:44","modified_gmt":"2026-02-22T09:36:44","slug":"relakas-wurth-ews-28-a-akkumulyator-28v-30ah-2sht-zaryadnoe-ustrojstvo","status":"publish","type":"product","link":"https:\/\/a-pant.ee\/ru\/product\/relakas-wurth-ews-28-a-akkumulyator-28v-30ah-2sht-zaryadnoe-ustrojstvo\/","title":{"rendered":"Relakas W\u00fcrth EWS 28-A + \u0430\u043a\u043a\u0443\u043c\u0443\u043b\u044f\u0442\u043e\u0440 28v 3,0Ah 2\u0448\u0442 + \u0437\u0430\u0440\u044f\u0434\u043d\u043e\u0435 \u0443\u0441\u0442\u0440\u043e\u0439\u0441\u0442\u0432\u043e"},"content":{"rendered":"\n<p> Relakas W\u00fcrth EWS 28-A + Aku 28v 3,0Ah 2tk + Laadija\u00a0, heas seisu- ja t\u00f6\u00f6korras! <\/p><p> KIRJELDUS <\/p><p> Nimipinge 28 V\/DC <br \/> Keerme t\u00fc\u00fcp x spindli keerme l\u00e4bim\u00f5\u00f5t M14 <br \/> Max t\u00fchik\u00e4igul 9000 p\/min <br \/> Max l\u00f5ikeketta l\u00e4bim\u00f5\u00f5t. 125 mm <\/p>\n","protected":false},"excerpt":{"rendered":"<p>Relakas W\u00fcrth EWS 28-A + Aku 28v 3,0Ah 2tk + Laadija\u00a0, heas seisu- ja t\u00f6\u00f6korras! KIRJELDUS Nimipinge 28 V\/DC Keerme t\u00fc\u00fcp x spindli keerme l\u00e4bim\u00f5\u00f5t M14 Max t\u00fchik\u00e4igul 9000 p\/min Max l\u00f5ikeketta l\u00e4bim\u00f5\u00f5t. 125 mm<\/p>\n","protected":false},"featured_media":25403,"comment_status":"closed","ping_status":"open","template":"","meta":{"inline_featured_image":false},"product_brand":[],"product_cat":[235],"product_tag":[],"class_list":{"0":"post-25402","1":"product","2":"type-product","3":"status-publish","4":"has-post-thumbnail","6":"product_cat-bolgarki","7":"pa_asukoht-lasnamae","8":"pa_seisukord-ispolzovano","10":"first","11":"instock","12":"taxable","13":"shipping-taxable","14":"purchasable","15":"product-type-simple"},"_links":{"self":[{"href":"https:\/\/a-pant.ee\/ru\/wp-json\/wp\/v2\/product\/25402","targetHints":{"allow":["GET"]}}],"collection":[{"href":"https:\/\/a-pant.ee\/ru\/wp-json\/wp\/v2\/product"}],"about":[{"href":"https:\/\/a-pant.ee\/ru\/wp-json\/wp\/v2\/types\/product"}],"replies":[{"embeddable":true,"href":"https:\/\/a-pant.ee\/ru\/wp-json\/wp\/v2\/comments?post=25402"}],"wp:featuredmedia":[{"embeddable":true,"href":"https:\/\/a-pant.ee\/ru\/wp-json\/wp\/v2\/media\/25403"}],"wp:attachment":[{"href":"https:\/\/a-pant.ee\/ru\/wp-json\/wp\/v2\/media?parent=25402"}],"wp:term":[{"taxonomy":"product_brand","embeddable":true,"href":"https:\/\/a-pant.ee\/ru\/wp-json\/wp\/v2\/product_brand?post=25402"},{"taxonomy":"product_cat","embeddable":true,"href":"https:\/\/a-pant.ee\/ru\/wp-json\/wp\/v2\/product_cat?post=25402"},{"taxonomy":"product_tag","embeddable":true,"href":"https:\/\/a-pant.ee\/ru\/wp-json\/wp\/v2\/product_tag?post=25402"}],"curies":[{"name":"wp","href":"https:\/\/api.w.org\/{rel}","templated":true}]}}