{"id":25394,"date":"2026-02-04T02:14:11","date_gmt":"2026-02-03T23:14:11","guid":{"rendered":"https:\/\/a-pant.ee\/product\/perforator-milwaukee-k-500-s-chemodan\/"},"modified":"2026-02-22T12:36:44","modified_gmt":"2026-02-22T09:36:44","slug":"perforator-milwaukee-k-500-s-chemodan","status":"publish","type":"product","link":"https:\/\/a-pant.ee\/ru\/product\/perforator-milwaukee-k-500-s-chemodan\/","title":{"rendered":"\u041f\u0435\u0440\u0444\u043e\u0440\u0430\u0442\u043e\u0440 Milwaukee K 500 S + \u0427\u0435\u043c\u043e\u0434\u0430\u043d"},"content":{"rendered":"\n<p> Puurvasar Milwaukee K 500 S + Kohver,\u00a0heas seisu- ja t\u00f6\u00f6korras! <\/p><p> KIRJELDUS <\/p><p> &#8212; Sisendv\u00f5imsus: 1300 W <\/p><p> &#8212; L\u00f6\u00f6gienergia: 8,5 EPTA J <\/p><p> &#8212; Koormuseta kiirus: 2200 p\/min <\/p><p> &#8212; T\u00e4iskoormusega haamri tegevus: 2840 l\u00f6\u00f6ki minutis <\/p>\n","protected":false},"excerpt":{"rendered":"<p>Puurvasar Milwaukee K 500 S + Kohver,\u00a0heas seisu- ja t\u00f6\u00f6korras! KIRJELDUS &#8212; Sisendv\u00f5imsus: 1300 W &#8212; L\u00f6\u00f6gienergia: 8,5 EPTA J &#8212; Koormuseta kiirus: 2200 p\/min &#8212; T\u00e4iskoormusega haamri tegevus: 2840 l\u00f6\u00f6ki minutis<\/p>\n","protected":false},"featured_media":25395,"comment_status":"closed","ping_status":"open","template":"","meta":{"inline_featured_image":false},"product_brand":[],"product_cat":[239],"product_tag":[],"class_list":{"0":"post-25394","1":"product","2":"type-product","3":"status-publish","4":"has-post-thumbnail","6":"product_cat-perforatory-i-dreli","7":"pa_asukoht-lasnamae","8":"pa_seisukord-ispolzovano","10":"first","11":"instock","12":"taxable","13":"shipping-taxable","14":"purchasable","15":"product-type-simple"},"_links":{"self":[{"href":"https:\/\/a-pant.ee\/ru\/wp-json\/wp\/v2\/product\/25394","targetHints":{"allow":["GET"]}}],"collection":[{"href":"https:\/\/a-pant.ee\/ru\/wp-json\/wp\/v2\/product"}],"about":[{"href":"https:\/\/a-pant.ee\/ru\/wp-json\/wp\/v2\/types\/product"}],"replies":[{"embeddable":true,"href":"https:\/\/a-pant.ee\/ru\/wp-json\/wp\/v2\/comments?post=25394"}],"wp:featuredmedia":[{"embeddable":true,"href":"https:\/\/a-pant.ee\/ru\/wp-json\/wp\/v2\/media\/25395"}],"wp:attachment":[{"href":"https:\/\/a-pant.ee\/ru\/wp-json\/wp\/v2\/media?parent=25394"}],"wp:term":[{"taxonomy":"product_brand","embeddable":true,"href":"https:\/\/a-pant.ee\/ru\/wp-json\/wp\/v2\/product_brand?post=25394"},{"taxonomy":"product_cat","embeddable":true,"href":"https:\/\/a-pant.ee\/ru\/wp-json\/wp\/v2\/product_cat?post=25394"},{"taxonomy":"product_tag","embeddable":true,"href":"https:\/\/a-pant.ee\/ru\/wp-json\/wp\/v2\/product_tag?post=25394"}],"curies":[{"name":"wp","href":"https:\/\/api.w.org\/{rel}","templated":true}]}}