{"id":25389,"date":"2026-02-04T02:14:11","date_gmt":"2026-02-03T23:14:11","guid":{"rendered":"https:\/\/a-pant.ee\/product\/muzhskie-chasy-tissot-t111-417-37-441\/"},"modified":"2026-02-22T12:36:44","modified_gmt":"2026-02-22T09:36:44","slug":"muzhskie-chasy-tissot-t111-417-37-441","status":"publish","type":"product","link":"https:\/\/a-pant.ee\/ru\/product\/muzhskie-chasy-tissot-t111-417-37-441\/","title":{"rendered":"\u041c\u0443\u0436\u0441\u043a\u0438\u0435 \u0447\u0430\u0441\u044b Tissot T111.417.37.441"},"content":{"rendered":"\n<p> Meeste K\u00e4ekellad Tissot T111.417.37.441 T\u00e4iskomplekt karbis\u00a0, heas seisu- ja t\u00f6\u00f6korras! <\/p><p> KIRJELDUS <\/p><p> Tootekood T111.417.37.441.03 <\/p><p> Mehhanism &#8212; Kvarts <\/p><p> Veekindlus &#8212; 10 ATM <\/p><p> Klaasi t\u00fc\u00fcp &#8212; Safiir <\/p><p> Stiil &#8212; \u0160veitsi kell <\/p><p> Rihma materjal &#8212; Silikoon <\/p><p> Rihma v\u00e4rv &#8212; Must <\/p><p> V\u00e4rv &#8212; Must <\/p><p> Korpuse m\u00f5\u00f5t &#8212; 44,5 mm <\/p><p> Korpuse materjal &#8212; Roostevaba teras <\/p>\n","protected":false},"excerpt":{"rendered":"<p>Meeste K\u00e4ekellad Tissot T111.417.37.441 T\u00e4iskomplekt karbis\u00a0, heas seisu- ja t\u00f6\u00f6korras! KIRJELDUS Tootekood T111.417.37.441.03 Mehhanism &#8212; Kvarts Veekindlus &#8212; 10 ATM Klaasi t\u00fc\u00fcp &#8212; Safiir Stiil &#8212; \u0160veitsi kell Rihma materjal &#8212; Silikoon Rihma v\u00e4rv &#8212; Must V\u00e4rv &#8212; Must Korpuse m\u00f5\u00f5t &#8212; 44,5 mm Korpuse materjal &#8212; Roostevaba teras<\/p>\n","protected":false},"featured_media":25390,"comment_status":"closed","ping_status":"closed","template":"","meta":{"inline_featured_image":false},"product_brand":[],"product_cat":[211],"product_tag":[],"class_list":{"0":"post-25389","1":"product","2":"type-product","3":"status-publish","4":"has-post-thumbnail","6":"product_cat-muzhskie-chasy","7":"pa_asukoht-mustamae","8":"pa_seisukord-ispolzovano","10":"first","11":"outofstock","12":"taxable","13":"shipping-taxable","14":"purchasable","15":"product-type-simple"},"_links":{"self":[{"href":"https:\/\/a-pant.ee\/ru\/wp-json\/wp\/v2\/product\/25389","targetHints":{"allow":["GET"]}}],"collection":[{"href":"https:\/\/a-pant.ee\/ru\/wp-json\/wp\/v2\/product"}],"about":[{"href":"https:\/\/a-pant.ee\/ru\/wp-json\/wp\/v2\/types\/product"}],"replies":[{"embeddable":true,"href":"https:\/\/a-pant.ee\/ru\/wp-json\/wp\/v2\/comments?post=25389"}],"wp:featuredmedia":[{"embeddable":true,"href":"https:\/\/a-pant.ee\/ru\/wp-json\/wp\/v2\/media\/25390"}],"wp:attachment":[{"href":"https:\/\/a-pant.ee\/ru\/wp-json\/wp\/v2\/media?parent=25389"}],"wp:term":[{"taxonomy":"product_brand","embeddable":true,"href":"https:\/\/a-pant.ee\/ru\/wp-json\/wp\/v2\/product_brand?post=25389"},{"taxonomy":"product_cat","embeddable":true,"href":"https:\/\/a-pant.ee\/ru\/wp-json\/wp\/v2\/product_cat?post=25389"},{"taxonomy":"product_tag","embeddable":true,"href":"https:\/\/a-pant.ee\/ru\/wp-json\/wp\/v2\/product_tag?post=25389"}],"curies":[{"name":"wp","href":"https:\/\/api.w.org\/{rel}","templated":true}]}}