{"id":25383,"date":"2026-02-04T02:14:11","date_gmt":"2026-02-03T23:14:11","guid":{"rendered":"https:\/\/a-pant.ee\/product\/muzhskie-chasy-calvin-klein\/"},"modified":"2026-02-22T12:36:44","modified_gmt":"2026-02-22T09:36:44","slug":"muzhskie-chasy-calvin-klein","status":"publish","type":"product","link":"https:\/\/a-pant.ee\/ru\/product\/muzhskie-chasy-calvin-klein\/","title":{"rendered":"\u041c\u0443\u0436\u0441\u043a\u0438\u0435 \u0447\u0430\u0441\u044b Calvin Klein"},"content":{"rendered":"\n<p> Meeste K\u00e4ekellad Calvin Klein + karb + ostutsekk, heas seisu- ja t\u00f6\u00f6korras! <\/p><p> KIRJELDUS <\/p><p><br \/> Korpuse t\u00fc\u00fcp: \u00fcmmargune ioonkattega \u00f5huke kullast terasest korpus <br \/> Korpuse suurus: 43 mm <br \/> Liikumine: Quartz Basic Calendar <br \/> Sihverplaadi v\u00e4rv: \u00f5huke kuldne <br \/> K\u00e4ev\u00f5ru t\u00fc\u00fcp: roostevabast terasest k\u00e4ev\u00f5ru <br \/> K\u00e4ev\u00f5ru v\u00e4rvus: kuldne <br \/> Veekindlus: 5ATM <\/p>\n","protected":false},"excerpt":{"rendered":"<p>Meeste K\u00e4ekellad Calvin Klein + karb + ostutsekk, heas seisu- ja t\u00f6\u00f6korras! KIRJELDUS Korpuse t\u00fc\u00fcp: \u00fcmmargune ioonkattega \u00f5huke kullast terasest korpus Korpuse suurus: 43 mm Liikumine: Quartz Basic Calendar Sihverplaadi v\u00e4rv: \u00f5huke kuldne K\u00e4ev\u00f5ru t\u00fc\u00fcp: roostevabast terasest k\u00e4ev\u00f5ru K\u00e4ev\u00f5ru v\u00e4rvus: kuldne Veekindlus: 5ATM<\/p>\n","protected":false},"featured_media":25384,"comment_status":"closed","ping_status":"open","template":"","meta":{"inline_featured_image":false},"product_brand":[],"product_cat":[211],"product_tag":[],"class_list":{"0":"post-25383","1":"product","2":"type-product","3":"status-publish","4":"has-post-thumbnail","6":"product_cat-muzhskie-chasy","7":"pa_asukoht-mustamae","8":"pa_seisukord-ispolzovano","10":"first","11":"instock","12":"taxable","13":"shipping-taxable","14":"purchasable","15":"product-type-simple"},"_links":{"self":[{"href":"https:\/\/a-pant.ee\/ru\/wp-json\/wp\/v2\/product\/25383","targetHints":{"allow":["GET"]}}],"collection":[{"href":"https:\/\/a-pant.ee\/ru\/wp-json\/wp\/v2\/product"}],"about":[{"href":"https:\/\/a-pant.ee\/ru\/wp-json\/wp\/v2\/types\/product"}],"replies":[{"embeddable":true,"href":"https:\/\/a-pant.ee\/ru\/wp-json\/wp\/v2\/comments?post=25383"}],"wp:featuredmedia":[{"embeddable":true,"href":"https:\/\/a-pant.ee\/ru\/wp-json\/wp\/v2\/media\/25384"}],"wp:attachment":[{"href":"https:\/\/a-pant.ee\/ru\/wp-json\/wp\/v2\/media?parent=25383"}],"wp:term":[{"taxonomy":"product_brand","embeddable":true,"href":"https:\/\/a-pant.ee\/ru\/wp-json\/wp\/v2\/product_brand?post=25383"},{"taxonomy":"product_cat","embeddable":true,"href":"https:\/\/a-pant.ee\/ru\/wp-json\/wp\/v2\/product_cat?post=25383"},{"taxonomy":"product_tag","embeddable":true,"href":"https:\/\/a-pant.ee\/ru\/wp-json\/wp\/v2\/product_tag?post=25383"}],"curies":[{"name":"wp","href":"https:\/\/api.w.org\/{rel}","templated":true}]}}