{"id":25375,"date":"2026-02-04T02:14:11","date_gmt":"2026-02-03T23:14:11","guid":{"rendered":"https:\/\/a-pant.ee\/product\/zaryadka-bosch-al3640cv-ak-2-6ach-36v\/"},"modified":"2026-02-22T12:36:43","modified_gmt":"2026-02-22T09:36:43","slug":"zaryadka-bosch-al3640cv-ak-bosch-26ach-36v","status":"publish","type":"product","link":"https:\/\/a-pant.ee\/ru\/product\/zaryadka-bosch-al3640cv-ak-bosch-26ach-36v\/","title":{"rendered":"\u0417\u0430\u0440\u044f\u0434\u043a\u0430 Bosch AL3640CV + \u0430\u043a Bosch 2,6\u0410\u0447 36\u0432"},"content":{"rendered":"\n<p> Laadija Bosch AL3640CV + aku Bosch 2,6Ah 36v\u00a0, heas seisu- ja t\u00f6\u00f6korras! <\/p><p> KIRJELDUS <\/p><p> Tootja Bosch <\/p><p> Kogukaal koos pakendiga 1.19 kg <\/p><p> Akulaadija pinge 36 V <\/p><p> Sisendpinge \/ sagedus 210 &#8212; 240 V \/ 50 &#8212; 60 Hz \/ AC <\/p><p> Sobib seadmele Bosch AHS 54-20 Li, Bosch AKE 30 Li, Bosch ALB 36 Li, Bosch GBH 36 V-LI, Bosch GBH 36 V-LI Compact, Bosch GBH 36 VF-LI, Bosch GSA 36V-Li, Bosch GSR 36 VE-2 Li, Bosch Rotak 32 Li HP, Bosch Rotak 34 Li, Bosch Rotak 37 Li, Bosch Rotak 43 Li <\/p><p> Akukeemia Li-Ion (Liitiumioonaku) <\/p><p> T\u00e4htis m\u00e4rkus Aku saavutab oma t\u00e4ieliku mahtuvuse peale 3-4 laadimist <\/p><p> Aku pinge: 36 V <br \/> Elemendi t\u00fc\u00fcp: Li-ion <br \/> Aku mahtuvus: 2,6 Ah <br \/> Aku kaal: 1300 g <\/p>\n","protected":false},"excerpt":{"rendered":"<p>Laadija Bosch AL3640CV + aku Bosch 2,6Ah 36v\u00a0, heas seisu- ja t\u00f6\u00f6korras! KIRJELDUS Tootja Bosch Kogukaal koos pakendiga 1.19 kg Akulaadija pinge 36 V Sisendpinge \/ sagedus 210 &#8212; 240 V \/ 50 &#8212; 60 Hz \/ AC Sobib seadmele Bosch AHS 54-20 Li, Bosch AKE 30 Li, Bosch ALB 36 Li, Bosch GBH 36 [&hellip;]<\/p>\n","protected":false},"featured_media":25376,"comment_status":"closed","ping_status":"open","template":"","meta":{"inline_featured_image":false},"product_brand":[],"product_cat":[223],"product_tag":[],"class_list":{"0":"post-25375","1":"product","2":"type-product","3":"status-publish","4":"has-post-thumbnail","6":"product_cat-vsyo-dlya-instrumenta","7":"pa_asukoht-lasnamae","8":"pa_seisukord-ispolzovano","10":"first","11":"instock","12":"taxable","13":"shipping-taxable","14":"purchasable","15":"product-type-simple"},"_links":{"self":[{"href":"https:\/\/a-pant.ee\/ru\/wp-json\/wp\/v2\/product\/25375","targetHints":{"allow":["GET"]}}],"collection":[{"href":"https:\/\/a-pant.ee\/ru\/wp-json\/wp\/v2\/product"}],"about":[{"href":"https:\/\/a-pant.ee\/ru\/wp-json\/wp\/v2\/types\/product"}],"replies":[{"embeddable":true,"href":"https:\/\/a-pant.ee\/ru\/wp-json\/wp\/v2\/comments?post=25375"}],"wp:featuredmedia":[{"embeddable":true,"href":"https:\/\/a-pant.ee\/ru\/wp-json\/wp\/v2\/media\/25376"}],"wp:attachment":[{"href":"https:\/\/a-pant.ee\/ru\/wp-json\/wp\/v2\/media?parent=25375"}],"wp:term":[{"taxonomy":"product_brand","embeddable":true,"href":"https:\/\/a-pant.ee\/ru\/wp-json\/wp\/v2\/product_brand?post=25375"},{"taxonomy":"product_cat","embeddable":true,"href":"https:\/\/a-pant.ee\/ru\/wp-json\/wp\/v2\/product_cat?post=25375"},{"taxonomy":"product_tag","embeddable":true,"href":"https:\/\/a-pant.ee\/ru\/wp-json\/wp\/v2\/product_tag?post=25375"}],"curies":[{"name":"wp","href":"https:\/\/api.w.org\/{rel}","templated":true}]}}