{"id":25363,"date":"2026-02-04T02:14:11","date_gmt":"2026-02-03T23:14:11","guid":{"rendered":"https:\/\/a-pant.ee\/product\/udarnyj-shurupovert-makita-td110d-12v\/"},"modified":"2026-02-22T12:36:43","modified_gmt":"2026-02-22T09:36:43","slug":"udarnyj-shurupovert-makita-td110d-12v","status":"publish","type":"product","link":"https:\/\/a-pant.ee\/ru\/product\/udarnyj-shurupovert-makita-td110d-12v\/","title":{"rendered":"\u0423\u0434\u0430\u0440\u043d\u044b\u0439 \u0448\u0443\u0440\u0443\u043f\u043e\u0432\u0435\u0440\u0442 Makita TD110D 12\u0412"},"content":{"rendered":"\n<p> Akul\u00f6\u00f6kkruvikeeraja Makita TD110D, heas seisu- ja t\u00f6\u00f6korras! <\/p><p> KIRJELDUS <br \/><br \/><\/p><p> Pinge: 12 V. <\/p><p> Ajami vars kuuskant: \u00bc &#187; <\/p><p> Standardpolt: M5-M12. <\/p><p> Suure t\u00f5mbetugevusega polt: M5-M10. <\/p><p> J\u00e4me niit (pikkus): 22 &#8212; 90 mm. <\/p><p> M\u00f5ju: 0\u20133500 kujutist minutis. <\/p><p> Maksimaalne p\u00f6\u00f6rdemoment: 110 Nm. <\/p><p> Koormuseta kiirus: 0-2600 p\/min. <\/p>\n","protected":false},"excerpt":{"rendered":"<p>Akul\u00f6\u00f6kkruvikeeraja Makita TD110D, heas seisu- ja t\u00f6\u00f6korras! KIRJELDUS Pinge: 12 V. Ajami vars kuuskant: \u00bc &#187; Standardpolt: M5-M12. Suure t\u00f5mbetugevusega polt: M5-M10. J\u00e4me niit (pikkus): 22 &#8212; 90 mm. M\u00f5ju: 0\u20133500 kujutist minutis. Maksimaalne p\u00f6\u00f6rdemoment: 110 Nm. Koormuseta kiirus: 0-2600 p\/min.<\/p>\n","protected":false},"featured_media":25364,"comment_status":"closed","ping_status":"open","template":"","meta":{"inline_featured_image":false},"product_brand":[],"product_cat":[221],"product_tag":[],"class_list":{"0":"post-25363","1":"product","2":"type-product","3":"status-publish","4":"has-post-thumbnail","6":"product_cat-akkumulyatornye-dreli","7":"pa_asukoht-mustamae","8":"pa_seisukord-ispolzovano","10":"first","11":"instock","12":"taxable","13":"shipping-taxable","14":"purchasable","15":"product-type-simple"},"_links":{"self":[{"href":"https:\/\/a-pant.ee\/ru\/wp-json\/wp\/v2\/product\/25363","targetHints":{"allow":["GET"]}}],"collection":[{"href":"https:\/\/a-pant.ee\/ru\/wp-json\/wp\/v2\/product"}],"about":[{"href":"https:\/\/a-pant.ee\/ru\/wp-json\/wp\/v2\/types\/product"}],"replies":[{"embeddable":true,"href":"https:\/\/a-pant.ee\/ru\/wp-json\/wp\/v2\/comments?post=25363"}],"wp:featuredmedia":[{"embeddable":true,"href":"https:\/\/a-pant.ee\/ru\/wp-json\/wp\/v2\/media\/25364"}],"wp:attachment":[{"href":"https:\/\/a-pant.ee\/ru\/wp-json\/wp\/v2\/media?parent=25363"}],"wp:term":[{"taxonomy":"product_brand","embeddable":true,"href":"https:\/\/a-pant.ee\/ru\/wp-json\/wp\/v2\/product_brand?post=25363"},{"taxonomy":"product_cat","embeddable":true,"href":"https:\/\/a-pant.ee\/ru\/wp-json\/wp\/v2\/product_cat?post=25363"},{"taxonomy":"product_tag","embeddable":true,"href":"https:\/\/a-pant.ee\/ru\/wp-json\/wp\/v2\/product_tag?post=25363"}],"curies":[{"name":"wp","href":"https:\/\/api.w.org\/{rel}","templated":true}]}}