{"id":25348,"date":"2026-02-04T02:14:11","date_gmt":"2026-02-03T23:14:11","guid":{"rendered":"https:\/\/a-pant.ee\/product\/naruzhnyy-nastennyy-svetilnik-rgbw-wifi\/"},"modified":"2026-02-22T12:36:43","modified_gmt":"2026-02-22T09:36:43","slug":"naruzhnyj-nastennyj-svetilnik-wifi-curved-wall-rgbw-dg","status":"publish","type":"product","link":"https:\/\/a-pant.ee\/ru\/product\/naruzhnyj-nastennyj-svetilnik-wifi-curved-wall-rgbw-dg\/","title":{"rendered":"\u041d\u0430\u0440\u0443\u0436\u043d\u044b\u0439 \u041d\u0430\u0441\u0442\u0435\u043d\u043d\u044b\u0439 \u0421\u0432\u0435\u0442\u0438\u043b\u044c\u043d\u0438\u043a wifi curved wall rgbw dg"},"content":{"rendered":"\n<p> V\u00e4liseina Valgusti wifi curved wall rgbw dg + Karp, heas seisu- ja t\u00f6\u00f6korras! <\/p><p><b> 1Tk &#8212; 40 euro <\/b><\/p><p> KIRJELDUS <\/p><p> IP IP44 Sagedus (Hz) 50-60 V\u00e4rvitoon RGB-W CRI 80-85 H\u00e4mardatav Jah Paigaldamine Pind Materjal Alumiiniumist Hajuti materjal Pol\u00fckarbonaat Kasutage v\u00e4ljas Jah Temperatuuri vahemik -20\u00b0C ~ +40\u00b0C Sertifikaadid CE ROHS <\/p>\n","protected":false},"excerpt":{"rendered":"<p>V\u00e4liseina Valgusti wifi curved wall rgbw dg + Karp, heas seisu- ja t\u00f6\u00f6korras! 1Tk &#8212; 40 euro KIRJELDUS IP IP44 Sagedus (Hz) 50-60 V\u00e4rvitoon RGB-W CRI 80-85 H\u00e4mardatav Jah Paigaldamine Pind Materjal Alumiiniumist Hajuti materjal Pol\u00fckarbonaat Kasutage v\u00e4ljas Jah Temperatuuri vahemik -20\u00b0C ~ +40\u00b0C Sertifikaadid CE ROHS<\/p>\n","protected":false},"featured_media":25349,"comment_status":"closed","ping_status":"open","template":"","meta":{"inline_featured_image":false},"product_brand":[],"product_cat":[162],"product_tag":[],"class_list":{"0":"post-25348","1":"product","2":"type-product","3":"status-publish","4":"has-post-thumbnail","6":"product_cat-elektronika-drugoe","7":"pa_asukoht-mustamae","8":"pa_seisukord-ispolzovano","10":"first","11":"instock","12":"taxable","13":"shipping-taxable","14":"purchasable","15":"product-type-simple"},"_links":{"self":[{"href":"https:\/\/a-pant.ee\/ru\/wp-json\/wp\/v2\/product\/25348","targetHints":{"allow":["GET"]}}],"collection":[{"href":"https:\/\/a-pant.ee\/ru\/wp-json\/wp\/v2\/product"}],"about":[{"href":"https:\/\/a-pant.ee\/ru\/wp-json\/wp\/v2\/types\/product"}],"replies":[{"embeddable":true,"href":"https:\/\/a-pant.ee\/ru\/wp-json\/wp\/v2\/comments?post=25348"}],"wp:featuredmedia":[{"embeddable":true,"href":"https:\/\/a-pant.ee\/ru\/wp-json\/wp\/v2\/media\/25349"}],"wp:attachment":[{"href":"https:\/\/a-pant.ee\/ru\/wp-json\/wp\/v2\/media?parent=25348"}],"wp:term":[{"taxonomy":"product_brand","embeddable":true,"href":"https:\/\/a-pant.ee\/ru\/wp-json\/wp\/v2\/product_brand?post=25348"},{"taxonomy":"product_cat","embeddable":true,"href":"https:\/\/a-pant.ee\/ru\/wp-json\/wp\/v2\/product_cat?post=25348"},{"taxonomy":"product_tag","embeddable":true,"href":"https:\/\/a-pant.ee\/ru\/wp-json\/wp\/v2\/product_tag?post=25348"}],"curies":[{"name":"wp","href":"https:\/\/api.w.org\/{rel}","templated":true}]}}