{"id":25342,"date":"2026-02-04T02:14:11","date_gmt":"2026-02-03T23:14:11","guid":{"rendered":"https:\/\/a-pant.ee\/product\/akkumulyatornaya-drel-shurupovert-makita-bdf-343-2\/"},"modified":"2026-02-22T12:36:43","modified_gmt":"2026-02-22T09:36:43","slug":"akkumulyatornaya-drel-shurupovert-makita-bdf-343-1-5ah","status":"publish","type":"product","link":"https:\/\/a-pant.ee\/ru\/product\/akkumulyatornaya-drel-shurupovert-makita-bdf-343-1-5ah\/","title":{"rendered":"\u0410\u043a\u043a\u0443\u043c\u0443\u043b\u044f\u0442\u043e\u0440\u043d\u0430\u044f \u0434\u0440\u0435\u043b\u044c-\u0448\u0443\u0440\u0443\u043f\u043e\u0432\u0435\u0440\u0442 Makita BDF 343 1.5ah"},"content":{"rendered":"\n<p> M\u00fc\u00fcakse\u00a0Akutrell Makita BDF 343 1.5ah\u00a0, heas seisu- ja t\u00f6\u00f6korras! <\/p><p> KIRJELDUS <\/p><p><br \/> Aku pinge &#8212; 14,4 V \/ 3,0 A\/h <br \/> Aku t\u00fc\u00fcp &#8212; Li-lon <br \/> Puuri l\u00e4bim\u00f5\u00f5t puit\/metall &#8212; 25\/10 mm <br \/> Padruni kinnitusvahemik &#8212; 0,8-10 mm <br \/> Spindli p\u00f6\u00f6rlemissagedus &#8212; 0-400\/ 0-1300 p\/min <\/p>\n","protected":false},"excerpt":{"rendered":"<p>M\u00fc\u00fcakse\u00a0Akutrell Makita BDF 343 1.5ah\u00a0, heas seisu- ja t\u00f6\u00f6korras! KIRJELDUS Aku pinge &#8212; 14,4 V \/ 3,0 A\/h Aku t\u00fc\u00fcp &#8212; Li-lon Puuri l\u00e4bim\u00f5\u00f5t puit\/metall &#8212; 25\/10 mm Padruni kinnitusvahemik &#8212; 0,8-10 mm Spindli p\u00f6\u00f6rlemissagedus &#8212; 0-400\/ 0-1300 p\/min<\/p>\n","protected":false},"featured_media":25343,"comment_status":"closed","ping_status":"open","template":"","meta":{"inline_featured_image":false},"product_brand":[],"product_cat":[221],"product_tag":[],"class_list":{"0":"post-25342","1":"product","2":"type-product","3":"status-publish","4":"has-post-thumbnail","6":"product_cat-akkumulyatornye-dreli","7":"pa_asukoht-mustamae","8":"pa_seisukord-ispolzovano","10":"first","11":"instock","12":"taxable","13":"shipping-taxable","14":"purchasable","15":"product-type-simple"},"_links":{"self":[{"href":"https:\/\/a-pant.ee\/ru\/wp-json\/wp\/v2\/product\/25342","targetHints":{"allow":["GET"]}}],"collection":[{"href":"https:\/\/a-pant.ee\/ru\/wp-json\/wp\/v2\/product"}],"about":[{"href":"https:\/\/a-pant.ee\/ru\/wp-json\/wp\/v2\/types\/product"}],"replies":[{"embeddable":true,"href":"https:\/\/a-pant.ee\/ru\/wp-json\/wp\/v2\/comments?post=25342"}],"wp:featuredmedia":[{"embeddable":true,"href":"https:\/\/a-pant.ee\/ru\/wp-json\/wp\/v2\/media\/25343"}],"wp:attachment":[{"href":"https:\/\/a-pant.ee\/ru\/wp-json\/wp\/v2\/media?parent=25342"}],"wp:term":[{"taxonomy":"product_brand","embeddable":true,"href":"https:\/\/a-pant.ee\/ru\/wp-json\/wp\/v2\/product_brand?post=25342"},{"taxonomy":"product_cat","embeddable":true,"href":"https:\/\/a-pant.ee\/ru\/wp-json\/wp\/v2\/product_cat?post=25342"},{"taxonomy":"product_tag","embeddable":true,"href":"https:\/\/a-pant.ee\/ru\/wp-json\/wp\/v2\/product_tag?post=25342"}],"curies":[{"name":"wp","href":"https:\/\/api.w.org\/{rel}","templated":true}]}}