{"id":25325,"date":"2026-02-04T02:14:11","date_gmt":"2026-02-03T23:14:11","guid":{"rendered":"https:\/\/a-pant.ee\/product\/benzinovaya-vodyhoduvka-echo-pb-770\/"},"modified":"2026-02-22T12:36:42","modified_gmt":"2026-02-22T09:36:42","slug":"benzinovaya-vozduhoduvka-echo-pb-770","status":"publish","type":"product","link":"https:\/\/a-pant.ee\/ru\/product\/benzinovaya-vozduhoduvka-echo-pb-770\/","title":{"rendered":"\u0411\u0435\u043d\u0437\u0438\u043d\u043e\u0432\u0430\u044f \u0432\u043e\u0437\u0434\u0443\u0445\u043e\u0434\u0443\u0432\u043a\u0430 ECHO PB-770"},"content":{"rendered":"\n<p> M\u00fc\u00fcakse\u00a0Lehepuhur PB-770 X-Series, Echo\u00a0, heas seisu- ja t\u00f6\u00f6korras! <\/p><p> Funktsioonid <br \/> puhumine <br \/> Maksimaalne \u00f5hu kiirus <br \/> 91 m\/s <br \/> Maksimaalne \u00f5huvoolu maht <br \/> 1440 m\u00b3\/tunnis <br \/> Transpordi meetod <br \/> seljakott <br \/> Mootori t\u00f6\u00f6maht <br \/> 63,3 cm\u00b3 <\/p>\n","protected":false},"excerpt":{"rendered":"<p>M\u00fc\u00fcakse\u00a0Lehepuhur PB-770 X-Series, Echo\u00a0, heas seisu- ja t\u00f6\u00f6korras! Funktsioonid puhumine Maksimaalne \u00f5hu kiirus 91 m\/s Maksimaalne \u00f5huvoolu maht 1440 m\u00b3\/tunnis Transpordi meetod seljakott Mootori t\u00f6\u00f6maht 63,3 cm\u00b3<\/p>\n","protected":false},"featured_media":25326,"comment_status":"closed","ping_status":"closed","template":"","meta":{"inline_featured_image":false},"product_brand":[],"product_cat":[220],"product_tag":[],"class_list":{"0":"post-25325","1":"product","2":"type-product","3":"status-publish","4":"has-post-thumbnail","6":"product_cat-sadovye-instrumenty","7":"product_shipping_class-oversize","8":"pa_asukoht-mustamae","9":"pa_seisukord-ispolzovano","11":"first","12":"instock","13":"taxable","14":"shipping-taxable","15":"purchasable","16":"product-type-simple"},"_links":{"self":[{"href":"https:\/\/a-pant.ee\/ru\/wp-json\/wp\/v2\/product\/25325","targetHints":{"allow":["GET"]}}],"collection":[{"href":"https:\/\/a-pant.ee\/ru\/wp-json\/wp\/v2\/product"}],"about":[{"href":"https:\/\/a-pant.ee\/ru\/wp-json\/wp\/v2\/types\/product"}],"replies":[{"embeddable":true,"href":"https:\/\/a-pant.ee\/ru\/wp-json\/wp\/v2\/comments?post=25325"}],"wp:featuredmedia":[{"embeddable":true,"href":"https:\/\/a-pant.ee\/ru\/wp-json\/wp\/v2\/media\/25326"}],"wp:attachment":[{"href":"https:\/\/a-pant.ee\/ru\/wp-json\/wp\/v2\/media?parent=25325"}],"wp:term":[{"taxonomy":"product_brand","embeddable":true,"href":"https:\/\/a-pant.ee\/ru\/wp-json\/wp\/v2\/product_brand?post=25325"},{"taxonomy":"product_cat","embeddable":true,"href":"https:\/\/a-pant.ee\/ru\/wp-json\/wp\/v2\/product_cat?post=25325"},{"taxonomy":"product_tag","embeddable":true,"href":"https:\/\/a-pant.ee\/ru\/wp-json\/wp\/v2\/product_tag?post=25325"}],"curies":[{"name":"wp","href":"https:\/\/api.w.org\/{rel}","templated":true}]}}