{"id":25306,"date":"2026-02-04T02:11:26","date_gmt":"2026-02-03T23:11:26","guid":{"rendered":"https:\/\/a-pant.ee\/product\/akkumulyatornyy-udarnyy-shurupovert-hilti-sid-22-a\/"},"modified":"2026-02-22T12:36:46","modified_gmt":"2026-02-22T09:36:46","slug":"akkumulyatornyj-udarnyj-shurupovert-hilti-sid-22-a-zaryadka","status":"publish","type":"product","link":"https:\/\/a-pant.ee\/ru\/product\/akkumulyatornyj-udarnyj-shurupovert-hilti-sid-22-a-zaryadka\/","title":{"rendered":"\u0410\u043a\u043a\u0443\u043c\u0443\u043b\u044f\u0442\u043e\u0440\u043d\u044b\u0439 \u0443\u0434\u0430\u0440\u043d\u044b\u0439 \u0448\u0443\u0440\u0443\u043f\u043e\u0432\u0435\u0440\u0442 Hilti SID 22-A + \u0437\u0430\u0440\u044f\u0434\u043a\u0430"},"content":{"rendered":"\n<p> Akutrell Hilti SID 22-A + laadija\u00a0Hea Seisu ja t\u00f6\u00f6korras <\/p><p><br \/> \u00dcldised omadused <br \/> T\u00f6\u00f6riista t\u00fc\u00fcp <br \/> l\u00f6\u00f6kkruvikeeraja <br \/> Padruni t\u00fc\u00fcp <br \/> l\u00f6\u00f6kide all <br \/> T\u00f6\u00f6kiiruste arv <br \/> 2 <br \/> Toitumine <br \/> akust <br \/> Max l\u00f6\u00f6kide arv minutis <br \/> 3450 l\u00f6\u00f6ki\/min <br \/> Max t\u00fchik\u00e4igu kiirus <br \/> 1500 p\u00f6\u00f6ret minutis <br \/> Maksimaalne p\u00f6\u00f6rdemoment <br \/> 165 Nm <br \/> Omadused ja funktsioonid <br \/> Funktsioonid <br \/> tagurdamine, kiiruse kontroll, mootoripidur <br \/> Pulssre\u017eiim <br \/> Seal on <br \/> Disaini omadused <br \/> toitenupu lukustamine, ilma padrunita otsikute kasutamine <br \/> Aku <br \/> Kaasas olevate patareide arv <br \/> 2 <br \/> Aku t\u00fc\u00fcp <br \/> Liitium-ioon <br \/> Aku mahutavus <br \/> 3,3 Ah <br \/> Aku pinge <br \/> 21,6 V <br \/> Eemaldatav aku <br \/> Jah <\/p>\n","protected":false},"excerpt":{"rendered":"<p>Akutrell Hilti SID 22-A + laadija\u00a0Hea Seisu ja t\u00f6\u00f6korras \u00dcldised omadused T\u00f6\u00f6riista t\u00fc\u00fcp l\u00f6\u00f6kkruvikeeraja Padruni t\u00fc\u00fcp l\u00f6\u00f6kide all T\u00f6\u00f6kiiruste arv 2 Toitumine akust Max l\u00f6\u00f6kide arv minutis 3450 l\u00f6\u00f6ki\/min Max t\u00fchik\u00e4igu kiirus 1500 p\u00f6\u00f6ret minutis Maksimaalne p\u00f6\u00f6rdemoment 165 Nm Omadused ja funktsioonid Funktsioonid tagurdamine, kiiruse kontroll, mootoripidur Pulssre\u017eiim Seal on Disaini omadused toitenupu lukustamine, ilma [&hellip;]<\/p>\n","protected":false},"featured_media":25307,"comment_status":"closed","ping_status":"open","template":"","meta":{"inline_featured_image":false},"product_brand":[],"product_cat":[221],"product_tag":[],"class_list":{"0":"post-25306","1":"product","2":"type-product","3":"status-publish","4":"has-post-thumbnail","6":"product_cat-akkumulyatornye-dreli","7":"pa_asukoht-mustamae","8":"pa_seisukord-ispolzovano","10":"first","11":"instock","12":"taxable","13":"shipping-taxable","14":"purchasable","15":"product-type-simple"},"_links":{"self":[{"href":"https:\/\/a-pant.ee\/ru\/wp-json\/wp\/v2\/product\/25306","targetHints":{"allow":["GET"]}}],"collection":[{"href":"https:\/\/a-pant.ee\/ru\/wp-json\/wp\/v2\/product"}],"about":[{"href":"https:\/\/a-pant.ee\/ru\/wp-json\/wp\/v2\/types\/product"}],"replies":[{"embeddable":true,"href":"https:\/\/a-pant.ee\/ru\/wp-json\/wp\/v2\/comments?post=25306"}],"wp:featuredmedia":[{"embeddable":true,"href":"https:\/\/a-pant.ee\/ru\/wp-json\/wp\/v2\/media\/25307"}],"wp:attachment":[{"href":"https:\/\/a-pant.ee\/ru\/wp-json\/wp\/v2\/media?parent=25306"}],"wp:term":[{"taxonomy":"product_brand","embeddable":true,"href":"https:\/\/a-pant.ee\/ru\/wp-json\/wp\/v2\/product_brand?post=25306"},{"taxonomy":"product_cat","embeddable":true,"href":"https:\/\/a-pant.ee\/ru\/wp-json\/wp\/v2\/product_cat?post=25306"},{"taxonomy":"product_tag","embeddable":true,"href":"https:\/\/a-pant.ee\/ru\/wp-json\/wp\/v2\/product_tag?post=25306"}],"curies":[{"name":"wp","href":"https:\/\/api.w.org\/{rel}","templated":true}]}}