{"id":25300,"date":"2026-02-04T02:11:26","date_gmt":"2026-02-03T23:11:26","guid":{"rendered":"https:\/\/a-pant.ee\/product\/mikser-unimix-u1300\/"},"modified":"2026-02-22T12:36:46","modified_gmt":"2026-02-22T09:36:46","slug":"mikser-unimix-u1300","status":"publish","type":"product","link":"https:\/\/a-pant.ee\/ru\/product\/mikser-unimix-u1300\/","title":{"rendered":"\u041c\u0438\u043a\u0441\u0435\u0440 Unimix U1300"},"content":{"rendered":"\n<p> Betoonisegaja Unimix U1300\u00a0Hea Seisu ja t\u00f6\u00f6korras <\/p><p> 1300 W \u00fche kiirusega saumikser koos elektroonilise kiiruse reguleerimisega. <br \/> Universaalseteks segamist\u00f6\u00f6deks kuni 60 liitrini. <br \/> V\u00f5imas <br \/> T\u00f6\u00f6kindel ja \u00f6konoomne igap\u00e4evat\u00f6\u00f6ks ehitusplatsil. <br \/> Lihtne k\u00e4sitseda t\u00e4nu praktilisele turvaribale. <br \/> Komplekti kuulub UW 140 M segisti liimi, m\u00f6rdi, krohvi ja tasanduskihi jaoks. <br \/> Kiirus: 550 p\u00f6\u00f6ret minutis <br \/> Pinge: 230V\/6A <br \/> Kaal: 4,8 kg <\/p>\n","protected":false},"excerpt":{"rendered":"<p>Betoonisegaja Unimix U1300\u00a0Hea Seisu ja t\u00f6\u00f6korras 1300 W \u00fche kiirusega saumikser koos elektroonilise kiiruse reguleerimisega. Universaalseteks segamist\u00f6\u00f6deks kuni 60 liitrini. V\u00f5imas T\u00f6\u00f6kindel ja \u00f6konoomne igap\u00e4evat\u00f6\u00f6ks ehitusplatsil. Lihtne k\u00e4sitseda t\u00e4nu praktilisele turvaribale. Komplekti kuulub UW 140 M segisti liimi, m\u00f6rdi, krohvi ja tasanduskihi jaoks. Kiirus: 550 p\u00f6\u00f6ret minutis Pinge: 230V\/6A Kaal: 4,8 kg<\/p>\n","protected":false},"featured_media":25301,"comment_status":"closed","ping_status":"closed","template":"","meta":{"inline_featured_image":false},"product_brand":[],"product_cat":[241],"product_tag":[],"class_list":{"0":"post-25300","1":"product","2":"type-product","3":"status-publish","4":"has-post-thumbnail","6":"product_cat-miksery","7":"product_shipping_class-oversize","8":"pa_asukoht-mustamae","9":"pa_seisukord-ispolzovano","11":"first","12":"instock","13":"taxable","14":"shipping-taxable","15":"purchasable","16":"product-type-simple"},"_links":{"self":[{"href":"https:\/\/a-pant.ee\/ru\/wp-json\/wp\/v2\/product\/25300","targetHints":{"allow":["GET"]}}],"collection":[{"href":"https:\/\/a-pant.ee\/ru\/wp-json\/wp\/v2\/product"}],"about":[{"href":"https:\/\/a-pant.ee\/ru\/wp-json\/wp\/v2\/types\/product"}],"replies":[{"embeddable":true,"href":"https:\/\/a-pant.ee\/ru\/wp-json\/wp\/v2\/comments?post=25300"}],"wp:featuredmedia":[{"embeddable":true,"href":"https:\/\/a-pant.ee\/ru\/wp-json\/wp\/v2\/media\/25301"}],"wp:attachment":[{"href":"https:\/\/a-pant.ee\/ru\/wp-json\/wp\/v2\/media?parent=25300"}],"wp:term":[{"taxonomy":"product_brand","embeddable":true,"href":"https:\/\/a-pant.ee\/ru\/wp-json\/wp\/v2\/product_brand?post=25300"},{"taxonomy":"product_cat","embeddable":true,"href":"https:\/\/a-pant.ee\/ru\/wp-json\/wp\/v2\/product_cat?post=25300"},{"taxonomy":"product_tag","embeddable":true,"href":"https:\/\/a-pant.ee\/ru\/wp-json\/wp\/v2\/product_tag?post=25300"}],"curies":[{"name":"wp","href":"https:\/\/api.w.org\/{rel}","templated":true}]}}