{"id":25286,"date":"2026-02-04T02:11:26","date_gmt":"2026-02-03T23:11:26","guid":{"rendered":"https:\/\/a-pant.ee\/product\/udarnaya-akudrel-makita-dtd152\/"},"modified":"2026-02-22T12:36:46","modified_gmt":"2026-02-22T09:36:46","slug":"udarnaya-akudrel-makita-dtd152-aku-4-0-ach","status":"publish","type":"product","link":"https:\/\/a-pant.ee\/ru\/product\/udarnaya-akudrel-makita-dtd152-aku-4-0-ach\/","title":{"rendered":"\u0423\u0434\u0430\u0440\u043d\u0430\u044f \u0430\u043a\u0443\u0434\u0440\u0435\u043b\u044c Makita DTD152 + \u0430\u043a\u0443 4.0 \u0410\u0447"},"content":{"rendered":"\n<p> L\u00f6\u00f6kakutrell Makita DTD152 + aku 4.0 Ah, heas seisu- ja t\u00f6\u00f6korras! <\/p><p> KIRJELDUS <\/p><p> Aku nominaalpinge: 18V <br \/> Pinge LXT <br \/> Aku kaitses\u00fcsteem <br \/> P\u00f6\u00f6retearv: 0 \u2013 2900 min\u207b\u00b9 <br \/> Maks. pingutusmoment: 165 Nm <br \/> Standardse poldi pingutusv\u00f5ime: M5 \u2013 M16 <br \/> Masinkruvi: M4 \u2013 M8 <br \/> K\u00f5rgpingutuspoldi pingutusv\u00f5ime: M5 \u2013 M12 <br \/> L\u00f6\u00f6gisagedus: 0 \u2013 3500 min\u207b\u00b9 <br \/> Toote kaal koos akuga (EPTA-Protseduur 01\/2003): 1,3 \u2013 1,6 kg <br \/> Toote m\u00f5\u00f5dud (P x L x K): 137 x 79 x 238 mm <\/p>\n","protected":false},"excerpt":{"rendered":"<p>L\u00f6\u00f6kakutrell Makita DTD152 + aku 4.0 Ah, heas seisu- ja t\u00f6\u00f6korras! KIRJELDUS Aku nominaalpinge: 18V Pinge LXT Aku kaitses\u00fcsteem P\u00f6\u00f6retearv: 0 \u2013 2900 min\u207b\u00b9 Maks. pingutusmoment: 165 Nm Standardse poldi pingutusv\u00f5ime: M5 \u2013 M16 Masinkruvi: M4 \u2013 M8 K\u00f5rgpingutuspoldi pingutusv\u00f5ime: M5 \u2013 M12 L\u00f6\u00f6gisagedus: 0 \u2013 3500 min\u207b\u00b9 Toote kaal koos akuga (EPTA-Protseduur 01\/2003): 1,3 [&hellip;]<\/p>\n","protected":false},"featured_media":25287,"comment_status":"closed","ping_status":"open","template":"","meta":{"inline_featured_image":false},"product_brand":[],"product_cat":[221],"product_tag":[],"class_list":{"0":"post-25286","1":"product","2":"type-product","3":"status-publish","4":"has-post-thumbnail","6":"product_cat-akkumulyatornye-dreli","7":"pa_asukoht-lasnamae","8":"pa_seisukord-ispolzovano","10":"first","11":"instock","12":"taxable","13":"shipping-taxable","14":"purchasable","15":"product-type-simple"},"_links":{"self":[{"href":"https:\/\/a-pant.ee\/ru\/wp-json\/wp\/v2\/product\/25286","targetHints":{"allow":["GET"]}}],"collection":[{"href":"https:\/\/a-pant.ee\/ru\/wp-json\/wp\/v2\/product"}],"about":[{"href":"https:\/\/a-pant.ee\/ru\/wp-json\/wp\/v2\/types\/product"}],"replies":[{"embeddable":true,"href":"https:\/\/a-pant.ee\/ru\/wp-json\/wp\/v2\/comments?post=25286"}],"wp:featuredmedia":[{"embeddable":true,"href":"https:\/\/a-pant.ee\/ru\/wp-json\/wp\/v2\/media\/25287"}],"wp:attachment":[{"href":"https:\/\/a-pant.ee\/ru\/wp-json\/wp\/v2\/media?parent=25286"}],"wp:term":[{"taxonomy":"product_brand","embeddable":true,"href":"https:\/\/a-pant.ee\/ru\/wp-json\/wp\/v2\/product_brand?post=25286"},{"taxonomy":"product_cat","embeddable":true,"href":"https:\/\/a-pant.ee\/ru\/wp-json\/wp\/v2\/product_cat?post=25286"},{"taxonomy":"product_tag","embeddable":true,"href":"https:\/\/a-pant.ee\/ru\/wp-json\/wp\/v2\/product_tag?post=25286"}],"curies":[{"name":"wp","href":"https:\/\/api.w.org\/{rel}","templated":true}]}}