{"id":25262,"date":"2026-02-04T02:11:26","date_gmt":"2026-02-03T23:11:26","guid":{"rendered":"https:\/\/a-pant.ee\/product\/lazer-bosch-gll-3-80p-sumka\/"},"modified":"2026-02-22T12:36:45","modified_gmt":"2026-02-22T09:36:45","slug":"lazer-bosch-gll-3-80p-sumka","status":"publish","type":"product","link":"https:\/\/a-pant.ee\/ru\/product\/lazer-bosch-gll-3-80p-sumka\/","title":{"rendered":"\u041b\u0430\u0437\u0435\u0440 Bosch GLL 3-80P + \u0441\u0443\u043c\u043a\u0430"},"content":{"rendered":"\n<p><b> Laser Bosch GLL 3-80P + kott, <\/b> heas seisu- ja t\u00f6\u00f6korras! <\/p><p> KIRJELDUS <\/p><p> Tala v\u00e4rv <\/p><p> punane <\/p><p> Automaatne nivelleerimine <\/p><p> Jah <\/p><p> T\u00fc\u00fcp <\/p><p> lineaarne laser <\/p><p> Kiirte arv <\/p><p> 3 <\/p><p> Tala t\u00fc\u00fcp <\/p><p> vertikaalne, horisontaalne, rist <\/p><p> Ehitusvahemik ilma vastuv\u00f5tjata <\/p><p> 20 m <\/p><p> T\u00e4psus <\/p><p> 0,2 mm\/m <\/p>\n","protected":false},"excerpt":{"rendered":"<p>Laser Bosch GLL 3-80P + kott, heas seisu- ja t\u00f6\u00f6korras! KIRJELDUS Tala v\u00e4rv punane Automaatne nivelleerimine Jah T\u00fc\u00fcp lineaarne laser Kiirte arv 3 Tala t\u00fc\u00fcp vertikaalne, horisontaalne, rist Ehitusvahemik ilma vastuv\u00f5tjata 20 m T\u00e4psus 0,2 mm\/m<\/p>\n","protected":false},"featured_media":25263,"comment_status":"closed","ping_status":"open","template":"","meta":{"inline_featured_image":false},"product_brand":[],"product_cat":[232],"product_tag":[],"class_list":{"0":"post-25262","1":"product","2":"type-product","3":"status-publish","4":"has-post-thumbnail","6":"product_cat-lazernye-niveliry","7":"pa_asukoht-lasnamae","8":"pa_seisukord-ispolzovano","10":"first","11":"instock","12":"taxable","13":"shipping-taxable","14":"purchasable","15":"product-type-simple"},"_links":{"self":[{"href":"https:\/\/a-pant.ee\/ru\/wp-json\/wp\/v2\/product\/25262","targetHints":{"allow":["GET"]}}],"collection":[{"href":"https:\/\/a-pant.ee\/ru\/wp-json\/wp\/v2\/product"}],"about":[{"href":"https:\/\/a-pant.ee\/ru\/wp-json\/wp\/v2\/types\/product"}],"replies":[{"embeddable":true,"href":"https:\/\/a-pant.ee\/ru\/wp-json\/wp\/v2\/comments?post=25262"}],"wp:featuredmedia":[{"embeddable":true,"href":"https:\/\/a-pant.ee\/ru\/wp-json\/wp\/v2\/media\/25263"}],"wp:attachment":[{"href":"https:\/\/a-pant.ee\/ru\/wp-json\/wp\/v2\/media?parent=25262"}],"wp:term":[{"taxonomy":"product_brand","embeddable":true,"href":"https:\/\/a-pant.ee\/ru\/wp-json\/wp\/v2\/product_brand?post=25262"},{"taxonomy":"product_cat","embeddable":true,"href":"https:\/\/a-pant.ee\/ru\/wp-json\/wp\/v2\/product_cat?post=25262"},{"taxonomy":"product_tag","embeddable":true,"href":"https:\/\/a-pant.ee\/ru\/wp-json\/wp\/v2\/product_tag?post=25262"}],"curies":[{"name":"wp","href":"https:\/\/api.w.org\/{rel}","templated":true}]}}