{"id":25239,"date":"2026-02-04T02:11:26","date_gmt":"2026-02-03T23:11:26","guid":{"rendered":"https:\/\/a-pant.ee\/product\/akkumulyatornyy-gvozdevoj-pistolet-paslode-impuls-ppn50\/"},"modified":"2026-02-22T12:36:45","modified_gmt":"2026-02-22T09:36:45","slug":"akkumulyatornyj-gvozdevoj-pistolet-paslode-impuls-ppn50","status":"publish","type":"product","link":"https:\/\/a-pant.ee\/ru\/product\/akkumulyatornyj-gvozdevoj-pistolet-paslode-impuls-ppn50\/","title":{"rendered":"\u0410\u043a\u043a\u0443\u043c\u0443\u043b\u044f\u0442\u043e\u0440\u043d\u044b\u0439 \u0433\u0432\u043e\u0437\u0434\u0435\u0432\u043e\u0439 \u043f\u0438\u0441\u0442\u043e\u043b\u0435\u0442 Paslode Impuls PPN50"},"content":{"rendered":"\n<p> Akunailap\u00fcss Paslode Impuls PPN50 + aku 2tk + laadija\u00a0, heas seisu- ja t\u00f6\u00f6korras! <\/p><p> KIRJELDUS <\/p><p> L\u00f6\u00f6gij\u00f5ud: 95 J <br \/> Naela pikkus: 35-50 mm <br \/> Kaal: 4,0 kg <\/p>\n","protected":false},"excerpt":{"rendered":"<p>Akunailap\u00fcss Paslode Impuls PPN50 + aku 2tk + laadija\u00a0, heas seisu- ja t\u00f6\u00f6korras! KIRJELDUS L\u00f6\u00f6gij\u00f5ud: 95 J Naela pikkus: 35-50 mm Kaal: 4,0 kg<\/p>\n","protected":false},"featured_media":25240,"comment_status":"closed","ping_status":"open","template":"","meta":{"inline_featured_image":false},"product_brand":[],"product_cat":[224],"product_tag":[],"class_list":{"0":"post-25239","1":"product","2":"type-product","3":"status-publish","4":"has-post-thumbnail","6":"product_cat-gazovye-pistolety","7":"pa_asukoht-lasnamae","8":"pa_seisukord-ispolzovano","10":"first","11":"instock","12":"taxable","13":"shipping-taxable","14":"purchasable","15":"product-type-simple"},"_links":{"self":[{"href":"https:\/\/a-pant.ee\/ru\/wp-json\/wp\/v2\/product\/25239","targetHints":{"allow":["GET"]}}],"collection":[{"href":"https:\/\/a-pant.ee\/ru\/wp-json\/wp\/v2\/product"}],"about":[{"href":"https:\/\/a-pant.ee\/ru\/wp-json\/wp\/v2\/types\/product"}],"replies":[{"embeddable":true,"href":"https:\/\/a-pant.ee\/ru\/wp-json\/wp\/v2\/comments?post=25239"}],"wp:featuredmedia":[{"embeddable":true,"href":"https:\/\/a-pant.ee\/ru\/wp-json\/wp\/v2\/media\/25240"}],"wp:attachment":[{"href":"https:\/\/a-pant.ee\/ru\/wp-json\/wp\/v2\/media?parent=25239"}],"wp:term":[{"taxonomy":"product_brand","embeddable":true,"href":"https:\/\/a-pant.ee\/ru\/wp-json\/wp\/v2\/product_brand?post=25239"},{"taxonomy":"product_cat","embeddable":true,"href":"https:\/\/a-pant.ee\/ru\/wp-json\/wp\/v2\/product_cat?post=25239"},{"taxonomy":"product_tag","embeddable":true,"href":"https:\/\/a-pant.ee\/ru\/wp-json\/wp\/v2\/product_tag?post=25239"}],"curies":[{"name":"wp","href":"https:\/\/api.w.org\/{rel}","templated":true}]}}