{"id":25233,"date":"2026-02-04T02:11:26","date_gmt":"2026-02-03T23:11:26","guid":{"rendered":"https:\/\/a-pant.ee\/product\/avtomobilnaya-zaryadka-ring-resc808fr\/"},"modified":"2026-02-22T12:36:45","modified_gmt":"2026-02-22T09:36:45","slug":"avtomobilnaya-zaryadka-ring-resc808fr","status":"publish","type":"product","link":"https:\/\/a-pant.ee\/ru\/product\/avtomobilnaya-zaryadka-ring-resc808fr\/","title":{"rendered":"\u0410\u0432\u0442\u043e\u043c\u043e\u0431\u0438\u043b\u044c\u043d\u0430\u044f \u0437\u0430\u0440\u044f\u0434\u043a\u0430 RING RESC808FR"},"content":{"rendered":"\n<p> M\u00fc\u00fcakse\u00a0Akulaadija RING RESC808FR + karp\u00a0, heas seisu- ja t\u00f6\u00f6korras! <\/p><p> KIRJELDUS <br \/><br \/> Laius (mm): <br \/> 114 <br \/> K\u00f5rgus (mm): <br \/> 183 <br \/> N\u00e4idik: <br \/> valgustatud LCD-n\u00e4idikuga <br \/> V\u00e4ljundvoolutugevus (A): <br \/> 4, 8 <br \/> V\u00f5rgupinge (AC) [V]: <br \/> 230 V <br \/> Valepolaarsuse kaitse: <br \/> jah <br \/> V\u00f5imsus [W]: <br \/> 1840 <br \/> Laadimiskaabli pikkus [m]: <br \/> 1.5 (clamps) <br \/> L\u00fchisekaitse: <br \/> jah <br \/> Elektriv\u00f5rgu kaabli pikkus [m]: <br \/> 1.5 <\/p>\n","protected":false},"excerpt":{"rendered":"<p>M\u00fc\u00fcakse\u00a0Akulaadija RING RESC808FR + karp\u00a0, heas seisu- ja t\u00f6\u00f6korras! KIRJELDUS Laius (mm): 114 K\u00f5rgus (mm): 183 N\u00e4idik: valgustatud LCD-n\u00e4idikuga V\u00e4ljundvoolutugevus (A): 4, 8 V\u00f5rgupinge (AC) [V]: 230 V Valepolaarsuse kaitse: jah V\u00f5imsus [W]: 1840 Laadimiskaabli pikkus [m]: 1.5 (clamps) L\u00fchisekaitse: jah Elektriv\u00f5rgu kaabli pikkus [m]: 1.5<\/p>\n","protected":false},"featured_media":25234,"comment_status":"closed","ping_status":"open","template":"","meta":{"inline_featured_image":false},"product_brand":[],"product_cat":[246],"product_tag":[],"class_list":{"0":"post-25233","1":"product","2":"type-product","3":"status-publish","4":"has-post-thumbnail","6":"product_cat-instrumenty-drugoe","7":"pa_asukoht-mustamae","8":"pa_seisukord-ispolzovano","10":"first","11":"instock","12":"taxable","13":"shipping-taxable","14":"purchasable","15":"product-type-simple"},"_links":{"self":[{"href":"https:\/\/a-pant.ee\/ru\/wp-json\/wp\/v2\/product\/25233","targetHints":{"allow":["GET"]}}],"collection":[{"href":"https:\/\/a-pant.ee\/ru\/wp-json\/wp\/v2\/product"}],"about":[{"href":"https:\/\/a-pant.ee\/ru\/wp-json\/wp\/v2\/types\/product"}],"replies":[{"embeddable":true,"href":"https:\/\/a-pant.ee\/ru\/wp-json\/wp\/v2\/comments?post=25233"}],"wp:featuredmedia":[{"embeddable":true,"href":"https:\/\/a-pant.ee\/ru\/wp-json\/wp\/v2\/media\/25234"}],"wp:attachment":[{"href":"https:\/\/a-pant.ee\/ru\/wp-json\/wp\/v2\/media?parent=25233"}],"wp:term":[{"taxonomy":"product_brand","embeddable":true,"href":"https:\/\/a-pant.ee\/ru\/wp-json\/wp\/v2\/product_brand?post=25233"},{"taxonomy":"product_cat","embeddable":true,"href":"https:\/\/a-pant.ee\/ru\/wp-json\/wp\/v2\/product_cat?post=25233"},{"taxonomy":"product_tag","embeddable":true,"href":"https:\/\/a-pant.ee\/ru\/wp-json\/wp\/v2\/product_tag?post=25233"}],"curies":[{"name":"wp","href":"https:\/\/api.w.org\/{rel}","templated":true}]}}