{"id":25227,"date":"2026-02-04T02:11:26","date_gmt":"2026-02-03T23:11:26","guid":{"rendered":"https:\/\/a-pant.ee\/product\/telefon-xiaomi-redmi-9a-dual-sim-2-32gb\/"},"modified":"2026-02-22T12:36:45","modified_gmt":"2026-02-22T09:36:45","slug":"telefon-xiaomi-redmi-9a-dual-sim-2-32gb","status":"publish","type":"product","link":"https:\/\/a-pant.ee\/ru\/product\/telefon-xiaomi-redmi-9a-dual-sim-2-32gb\/","title":{"rendered":"\u0422\u0435\u043b\u0435\u0444\u043e\u043d Xiaomi Redmi 9A Dual SIM 2\/32GB"},"content":{"rendered":"\n<p> M\u00fc\u00fcakse\u00a0Xiaomi Redmi 9A Dual SIM 2\/32GB\u00a0, heas seisu- ja t\u00f6\u00f6korras! <\/p><p> KIRJELDUS <\/p><p><br \/> Ekraan <br \/> 6,53 tolli (1600 x 720) IPS 60 Hz <br \/> M\u00e4lu <br \/> sisseehitatud 32 GB, RAM 2 GB <br \/> Foto <br \/> \u00fcks kaamera, peamine 13 MP <br \/> Aku <br \/> 5000 mAh <br \/> Protsessor <br \/> MediaTek Helio G25 <br \/> SIM-kaardid <br \/> Kaks nano-SIM-kaarti <\/p>\n","protected":false},"excerpt":{"rendered":"<p>M\u00fc\u00fcakse\u00a0Xiaomi Redmi 9A Dual SIM 2\/32GB\u00a0, heas seisu- ja t\u00f6\u00f6korras! KIRJELDUS Ekraan 6,53 tolli (1600 x 720) IPS 60 Hz M\u00e4lu sisseehitatud 32 GB, RAM 2 GB Foto \u00fcks kaamera, peamine 13 MP Aku 5000 mAh Protsessor MediaTek Helio G25 SIM-kaardid Kaks nano-SIM-kaarti<\/p>\n","protected":false},"featured_media":25228,"comment_status":"closed","ping_status":"closed","template":"","meta":{"inline_featured_image":false},"product_brand":[],"product_cat":[171],"product_tag":[],"class_list":{"0":"post-25227","1":"product","2":"type-product","3":"status-publish","4":"has-post-thumbnail","6":"product_cat-mobilnye-telefony","7":"pa_asukoht-mustamae","8":"pa_seisukord-ispolzovano","10":"first","11":"outofstock","12":"taxable","13":"shipping-taxable","14":"purchasable","15":"product-type-simple"},"_links":{"self":[{"href":"https:\/\/a-pant.ee\/ru\/wp-json\/wp\/v2\/product\/25227","targetHints":{"allow":["GET"]}}],"collection":[{"href":"https:\/\/a-pant.ee\/ru\/wp-json\/wp\/v2\/product"}],"about":[{"href":"https:\/\/a-pant.ee\/ru\/wp-json\/wp\/v2\/types\/product"}],"replies":[{"embeddable":true,"href":"https:\/\/a-pant.ee\/ru\/wp-json\/wp\/v2\/comments?post=25227"}],"wp:featuredmedia":[{"embeddable":true,"href":"https:\/\/a-pant.ee\/ru\/wp-json\/wp\/v2\/media\/25228"}],"wp:attachment":[{"href":"https:\/\/a-pant.ee\/ru\/wp-json\/wp\/v2\/media?parent=25227"}],"wp:term":[{"taxonomy":"product_brand","embeddable":true,"href":"https:\/\/a-pant.ee\/ru\/wp-json\/wp\/v2\/product_brand?post=25227"},{"taxonomy":"product_cat","embeddable":true,"href":"https:\/\/a-pant.ee\/ru\/wp-json\/wp\/v2\/product_cat?post=25227"},{"taxonomy":"product_tag","embeddable":true,"href":"https:\/\/a-pant.ee\/ru\/wp-json\/wp\/v2\/product_tag?post=25227"}],"curies":[{"name":"wp","href":"https:\/\/api.w.org\/{rel}","templated":true}]}}