{"id":25185,"date":"2026-02-04T02:08:17","date_gmt":"2026-02-03T23:08:17","guid":{"rendered":"https:\/\/a-pant.ee\/product\/akkumulyatornaya-drel-dewalt-dcd795\/"},"modified":"2026-02-22T12:36:48","modified_gmt":"2026-02-22T09:36:48","slug":"akkumulyatornaya-drel-dewalt-dcd795-zaryadka","status":"publish","type":"product","link":"https:\/\/a-pant.ee\/ru\/product\/akkumulyatornaya-drel-dewalt-dcd795-zaryadka\/","title":{"rendered":"\u0410\u043a\u043a\u0443\u043c\u0443\u043b\u044f\u0442\u043e\u0440\u043d\u0430\u044f \u0434\u0440\u0435\u043b\u044c DeWalt DCD795 + \u0437\u0430\u0440\u044f\u0434\u043a\u0430"},"content":{"rendered":"\n<p> Akutrell DeWalt DCD795 + laadija\u00a0, heas seisu- ja t\u00f6\u00f6korras! <\/p><p> KIRJELDUS <\/p><p> Toote t\u00fc\u00fcp L\u00f6\u00f6ktrell <\/p><p> Kaubam\u00e4rk Dewalt <\/p><p> Mudel DCD795 <\/p><p> Kaal 1.62 kg <\/p><p> Elektrilise mootori t\u00fc\u00fcp Harjadeta <\/p><p> P\u00f6\u00f6rete arv t\u00fchik\u00e4igul 0-2000, 0-600 <\/p><p> K\u00e4ikude arv 2 <\/p><p> Maksimaalne p\u00f6\u00f6rdemoment, Nm 60 <\/p><p> Haaratsi l\u00e4bim\u00f5\u00f5t 13 mm <\/p><p> P\u00f6\u00f6rdemomendi astmete arv 14 <\/p><p> Maks. puurimisaugu l\u00e4bim\u00f5\u00f5t puidus 38 mm <\/p><p> Maks. puurimisaugu l\u00e4bim\u00f5\u00f5t terases 13 mm <\/p><p> Maks. puurimisaugu l\u00e4bim\u00f5\u00f5t betoonis 13 mm <\/p><p> L\u00f6\u00f6kre\u017eiim Jah <\/p><p> L\u00f6\u00f6kide arv minutis 34000 <\/p><p> Aku t\u00fc\u00fcp Li-ion <\/p><p> Aku maht 2 Ah <\/p><p> Aku kuulub komplekti Jah <\/p><p> Akude arv komplektis 1 <\/p><p> N\u00f5utav akude arv 1 <\/p><p> Aku pinge 18 V <\/p><p> Laadija kuulub komplekti Jah <\/p><p> Laadimistaseme indikaator Jah <\/p><p> Kohver kuulub komplekti Ei <\/p><p> Sisseehitatud LED valgustus Jah <\/p><p> T\u00e4iendav info 2 kiirust <\/p>\n","protected":false},"excerpt":{"rendered":"<p>Akutrell DeWalt DCD795 + laadija\u00a0, heas seisu- ja t\u00f6\u00f6korras! KIRJELDUS Toote t\u00fc\u00fcp L\u00f6\u00f6ktrell Kaubam\u00e4rk Dewalt Mudel DCD795 Kaal 1.62 kg Elektrilise mootori t\u00fc\u00fcp Harjadeta P\u00f6\u00f6rete arv t\u00fchik\u00e4igul 0-2000, 0-600 K\u00e4ikude arv 2 Maksimaalne p\u00f6\u00f6rdemoment, Nm 60 Haaratsi l\u00e4bim\u00f5\u00f5t 13 mm P\u00f6\u00f6rdemomendi astmete arv 14 Maks. puurimisaugu l\u00e4bim\u00f5\u00f5t puidus 38 mm Maks. puurimisaugu l\u00e4bim\u00f5\u00f5t terases 13 [&hellip;]<\/p>\n","protected":false},"featured_media":25186,"comment_status":"closed","ping_status":"open","template":"","meta":{"inline_featured_image":false},"product_brand":[],"product_cat":[221],"product_tag":[],"class_list":{"0":"post-25185","1":"product","2":"type-product","3":"status-publish","4":"has-post-thumbnail","6":"product_cat-akkumulyatornye-dreli","7":"pa_asukoht-lasnamae","8":"pa_seisukord-ispolzovano","10":"first","11":"instock","12":"taxable","13":"shipping-taxable","14":"purchasable","15":"product-type-simple"},"_links":{"self":[{"href":"https:\/\/a-pant.ee\/ru\/wp-json\/wp\/v2\/product\/25185","targetHints":{"allow":["GET"]}}],"collection":[{"href":"https:\/\/a-pant.ee\/ru\/wp-json\/wp\/v2\/product"}],"about":[{"href":"https:\/\/a-pant.ee\/ru\/wp-json\/wp\/v2\/types\/product"}],"replies":[{"embeddable":true,"href":"https:\/\/a-pant.ee\/ru\/wp-json\/wp\/v2\/comments?post=25185"}],"wp:featuredmedia":[{"embeddable":true,"href":"https:\/\/a-pant.ee\/ru\/wp-json\/wp\/v2\/media\/25186"}],"wp:attachment":[{"href":"https:\/\/a-pant.ee\/ru\/wp-json\/wp\/v2\/media?parent=25185"}],"wp:term":[{"taxonomy":"product_brand","embeddable":true,"href":"https:\/\/a-pant.ee\/ru\/wp-json\/wp\/v2\/product_brand?post=25185"},{"taxonomy":"product_cat","embeddable":true,"href":"https:\/\/a-pant.ee\/ru\/wp-json\/wp\/v2\/product_cat?post=25185"},{"taxonomy":"product_tag","embeddable":true,"href":"https:\/\/a-pant.ee\/ru\/wp-json\/wp\/v2\/product_tag?post=25185"}],"curies":[{"name":"wp","href":"https:\/\/api.w.org\/{rel}","templated":true}]}}