{"id":25154,"date":"2026-02-04T02:08:17","date_gmt":"2026-02-03T23:08:17","guid":{"rendered":"https:\/\/a-pant.ee\/product\/akkumulyatornyy-pistolet-hilti-hde-500-a22\/"},"modified":"2026-02-22T12:36:47","modified_gmt":"2026-02-22T09:36:47","slug":"akkumulyatornyj-pistolet-dlya-germetikov-hilti-hde-500-a22","status":"publish","type":"product","link":"https:\/\/a-pant.ee\/ru\/product\/akkumulyatornyj-pistolet-dlya-germetikov-hilti-hde-500-a22\/","title":{"rendered":"\u0410\u043a\u043a\u0443\u043c\u0443\u043b\u044f\u0442\u043e\u0440\u043d\u044b\u0439 \u043f\u0438\u0441\u0442\u043e\u043b\u0435\u0442 \u0434\u043b\u044f \u0433\u0435\u0440\u043c\u0435\u0442\u0438\u043a\u043e\u0432 Hilti HDE 500-A22"},"content":{"rendered":"\n<p> \u00a0Akukeemiadosaator Hilti HDE 500-A22, heas seisu- ja t\u00f6\u00f6korras! <\/p><p> KIRJELDUS <\/p><p> Aku t\u00fc\u00fcp <\/p><p> 22 V <\/p><p> Dosaatori t\u00fc\u00fcp <\/p><p> Aku <\/p>\n","protected":false},"excerpt":{"rendered":"<p>\u00a0Akukeemiadosaator Hilti HDE 500-A22, heas seisu- ja t\u00f6\u00f6korras! KIRJELDUS Aku t\u00fc\u00fcp 22 V Dosaatori t\u00fc\u00fcp Aku<\/p>\n","protected":false},"featured_media":25155,"comment_status":"closed","ping_status":"open","template":"","meta":{"inline_featured_image":false},"product_brand":[],"product_cat":[246],"product_tag":[],"class_list":{"0":"post-25154","1":"product","2":"type-product","3":"status-publish","4":"has-post-thumbnail","6":"product_cat-instrumenty-drugoe","7":"pa_asukoht-mustamae","8":"pa_seisukord-ispolzovano","10":"first","11":"instock","12":"taxable","13":"shipping-taxable","14":"purchasable","15":"product-type-simple"},"_links":{"self":[{"href":"https:\/\/a-pant.ee\/ru\/wp-json\/wp\/v2\/product\/25154","targetHints":{"allow":["GET"]}}],"collection":[{"href":"https:\/\/a-pant.ee\/ru\/wp-json\/wp\/v2\/product"}],"about":[{"href":"https:\/\/a-pant.ee\/ru\/wp-json\/wp\/v2\/types\/product"}],"replies":[{"embeddable":true,"href":"https:\/\/a-pant.ee\/ru\/wp-json\/wp\/v2\/comments?post=25154"}],"wp:featuredmedia":[{"embeddable":true,"href":"https:\/\/a-pant.ee\/ru\/wp-json\/wp\/v2\/media\/25155"}],"wp:attachment":[{"href":"https:\/\/a-pant.ee\/ru\/wp-json\/wp\/v2\/media?parent=25154"}],"wp:term":[{"taxonomy":"product_brand","embeddable":true,"href":"https:\/\/a-pant.ee\/ru\/wp-json\/wp\/v2\/product_brand?post=25154"},{"taxonomy":"product_cat","embeddable":true,"href":"https:\/\/a-pant.ee\/ru\/wp-json\/wp\/v2\/product_cat?post=25154"},{"taxonomy":"product_tag","embeddable":true,"href":"https:\/\/a-pant.ee\/ru\/wp-json\/wp\/v2\/product_tag?post=25154"}],"curies":[{"name":"wp","href":"https:\/\/api.w.org\/{rel}","templated":true}]}}