{"id":25147,"date":"2026-02-04T02:08:17","date_gmt":"2026-02-03T23:08:17","guid":{"rendered":"https:\/\/a-pant.ee\/product\/umhnye-chasy-suunto-traverse\/"},"modified":"2026-02-22T12:36:47","modified_gmt":"2026-02-22T09:36:47","slug":"umnye-chasy-suunto-traverse","status":"publish","type":"product","link":"https:\/\/a-pant.ee\/ru\/product\/umnye-chasy-suunto-traverse\/","title":{"rendered":"\u0423\u043c\u043d\u044b\u0435 \u0447\u0430\u0441\u044b SUUNTO Traverse"},"content":{"rendered":"\n<p> M\u00fc\u00fcakse\u00a0Nutikell SUUNTO Traverse\u00a0+ laadija\u00a0, heas seisu- ja t\u00f6\u00f6korras! <\/p><p> KIRJELDUS <\/p><p><br \/> T\u00fc\u00fcp <br \/> nutikell <br \/> OS-i \u00fchilduvus <br \/> Android, OS X, Windows, iOS <br \/> Lisafunktsioonid <br \/> k\u00f5rgusm\u00f5\u00f5tur, baromeeter, vibratsioon, g\u00fcroskoop, valgusandur, kompass, stopper, taimer, sammulugeja <br \/> Kella korpuse kuju <br \/> ring <br \/> S\u00fcdame l\u00f6\u00f6gisageduse andur <br \/> valikuline <br \/> J\u00e4relevalve <br \/> kiirendusm\u00f5\u00f5tur, kalorid, termomeeter, f\u00fc\u00fcsiline aktiivsus <br \/> V\u00e4rviline ekraan <br \/> \u00fchev\u00e4rviline <br \/> Klaasi t\u00fc\u00fcp <br \/> mineraalne <br \/> Veekindel klass <br \/> WR100 (10 atm) <br \/> Turvalisus <br \/> niiskuse kaitse <br \/> K\u00f5rvaklappide pesa <br \/> puudub <\/p>\n","protected":false},"excerpt":{"rendered":"<p>M\u00fc\u00fcakse\u00a0Nutikell SUUNTO Traverse\u00a0+ laadija\u00a0, heas seisu- ja t\u00f6\u00f6korras! KIRJELDUS T\u00fc\u00fcp nutikell OS-i \u00fchilduvus Android, OS X, Windows, iOS Lisafunktsioonid k\u00f5rgusm\u00f5\u00f5tur, baromeeter, vibratsioon, g\u00fcroskoop, valgusandur, kompass, stopper, taimer, sammulugeja Kella korpuse kuju ring S\u00fcdame l\u00f6\u00f6gisageduse andur valikuline J\u00e4relevalve kiirendusm\u00f5\u00f5tur, kalorid, termomeeter, f\u00fc\u00fcsiline aktiivsus V\u00e4rviline ekraan \u00fchev\u00e4rviline Klaasi t\u00fc\u00fcp mineraalne Veekindel klass WR100 (10 atm) Turvalisus niiskuse [&hellip;]<\/p>\n","protected":false},"featured_media":25148,"comment_status":"closed","ping_status":"open","template":"","meta":{"inline_featured_image":false},"product_brand":[],"product_cat":[176],"product_tag":[],"class_list":{"0":"post-25147","1":"product","2":"type-product","3":"status-publish","4":"has-post-thumbnail","6":"product_cat-smart-chasy","7":"pa_asukoht-mustamae","8":"pa_seisukord-ispolzovano","10":"first","11":"instock","12":"taxable","13":"shipping-taxable","14":"purchasable","15":"product-type-simple"},"_links":{"self":[{"href":"https:\/\/a-pant.ee\/ru\/wp-json\/wp\/v2\/product\/25147","targetHints":{"allow":["GET"]}}],"collection":[{"href":"https:\/\/a-pant.ee\/ru\/wp-json\/wp\/v2\/product"}],"about":[{"href":"https:\/\/a-pant.ee\/ru\/wp-json\/wp\/v2\/types\/product"}],"replies":[{"embeddable":true,"href":"https:\/\/a-pant.ee\/ru\/wp-json\/wp\/v2\/comments?post=25147"}],"wp:featuredmedia":[{"embeddable":true,"href":"https:\/\/a-pant.ee\/ru\/wp-json\/wp\/v2\/media\/25148"}],"wp:attachment":[{"href":"https:\/\/a-pant.ee\/ru\/wp-json\/wp\/v2\/media?parent=25147"}],"wp:term":[{"taxonomy":"product_brand","embeddable":true,"href":"https:\/\/a-pant.ee\/ru\/wp-json\/wp\/v2\/product_brand?post=25147"},{"taxonomy":"product_cat","embeddable":true,"href":"https:\/\/a-pant.ee\/ru\/wp-json\/wp\/v2\/product_cat?post=25147"},{"taxonomy":"product_tag","embeddable":true,"href":"https:\/\/a-pant.ee\/ru\/wp-json\/wp\/v2\/product_tag?post=25147"}],"curies":[{"name":"wp","href":"https:\/\/api.w.org\/{rel}","templated":true}]}}