{"id":25141,"date":"2026-02-04T02:08:17","date_gmt":"2026-02-03T23:08:17","guid":{"rendered":"https:\/\/a-pant.ee\/product\/elektrolobzik-bosch-gst-90-e\/"},"modified":"2026-02-22T12:36:47","modified_gmt":"2026-02-22T09:36:47","slug":"elektrolobzik-bosch-gst-90-e","status":"publish","type":"product","link":"https:\/\/a-pant.ee\/ru\/product\/elektrolobzik-bosch-gst-90-e\/","title":{"rendered":"\u042d\u043b\u0435\u043a\u0442\u0440\u043e\u043b\u043e\u0431\u0437\u0438\u043a BOSCH GST 90 E"},"content":{"rendered":"\n<p> Tiiksaag BOSCH GST 90 E, heas seisu- ja t\u00f6\u00f6korras! <\/p><p> KIRJELDUS <\/p><p><br \/><br \/> Puidu l\u00f5ikes\u00fcgavus <br \/> 90 mm <br \/> Terase l\u00f5ikes\u00fcgavus <br \/> 10 mm <br \/> Tera liikumise sagedus <br \/> 500-3100 l\u00f6\u00f6ki\/min <br \/> Sae insult <br \/> 26 mm <br \/> pakett <br \/> juhtum <br \/> Kaal <br \/> 2,3 kg <\/p>\n","protected":false},"excerpt":{"rendered":"<p>Tiiksaag BOSCH GST 90 E, heas seisu- ja t\u00f6\u00f6korras! KIRJELDUS Puidu l\u00f5ikes\u00fcgavus 90 mm Terase l\u00f5ikes\u00fcgavus 10 mm Tera liikumise sagedus 500-3100 l\u00f6\u00f6ki\/min Sae insult 26 mm pakett juhtum Kaal 2,3 kg<\/p>\n","protected":false},"featured_media":25142,"comment_status":"closed","ping_status":"open","template":"","meta":{"inline_featured_image":false},"product_brand":[],"product_cat":[244],"product_tag":[],"class_list":{"0":"post-25141","1":"product","2":"type-product","3":"status-publish","4":"has-post-thumbnail","6":"product_cat-lobziki","7":"pa_asukoht-mustamae","8":"pa_seisukord-ispolzovano","10":"first","11":"instock","12":"taxable","13":"shipping-taxable","14":"purchasable","15":"product-type-simple"},"_links":{"self":[{"href":"https:\/\/a-pant.ee\/ru\/wp-json\/wp\/v2\/product\/25141","targetHints":{"allow":["GET"]}}],"collection":[{"href":"https:\/\/a-pant.ee\/ru\/wp-json\/wp\/v2\/product"}],"about":[{"href":"https:\/\/a-pant.ee\/ru\/wp-json\/wp\/v2\/types\/product"}],"replies":[{"embeddable":true,"href":"https:\/\/a-pant.ee\/ru\/wp-json\/wp\/v2\/comments?post=25141"}],"wp:featuredmedia":[{"embeddable":true,"href":"https:\/\/a-pant.ee\/ru\/wp-json\/wp\/v2\/media\/25142"}],"wp:attachment":[{"href":"https:\/\/a-pant.ee\/ru\/wp-json\/wp\/v2\/media?parent=25141"}],"wp:term":[{"taxonomy":"product_brand","embeddable":true,"href":"https:\/\/a-pant.ee\/ru\/wp-json\/wp\/v2\/product_brand?post=25141"},{"taxonomy":"product_cat","embeddable":true,"href":"https:\/\/a-pant.ee\/ru\/wp-json\/wp\/v2\/product_cat?post=25141"},{"taxonomy":"product_tag","embeddable":true,"href":"https:\/\/a-pant.ee\/ru\/wp-json\/wp\/v2\/product_tag?post=25141"}],"curies":[{"name":"wp","href":"https:\/\/api.w.org\/{rel}","templated":true}]}}