{"id":25079,"date":"2026-02-04T02:01:58","date_gmt":"2026-02-03T23:01:58","guid":{"rendered":"https:\/\/a-pant.ee\/product\/lazer-tamo-red-razbito-steklo\/"},"modified":"2026-02-22T12:37:57","modified_gmt":"2026-02-22T09:37:57","slug":"lazer-tamo-red-razbito-steklo","status":"publish","type":"product","link":"https:\/\/a-pant.ee\/ru\/product\/lazer-tamo-red-razbito-steklo\/","title":{"rendered":"\u041b\u0430\u0437\u0435\u0440 Tamo Red (\u0440\u0430\u0437\u0431\u0438\u0442\u043e \u0441\u0442\u0435\u043a\u043b\u043e)"},"content":{"rendered":"\n<p> Laser Tamo Red (katki klaas)\u00a0, heas seisu- ja t\u00f6\u00f6korras! <\/p><p> KIRJELDUS <\/p><p> 635 nm <br \/> Laseri v\u00e4rv: <br \/> Punane <br \/> Horisontaalne joon: <br \/> Vertikaalne joon: <br \/> Kinnitus: <br \/> 1\/4 tolli <br \/> Vahemik: <br \/> 20 m <br \/> Vahemik koos vastuv\u00f5tjaga: <br \/> 70 m <br \/> Laseri kategooria: <br \/> 2 m <br \/> Toiteallikas: <br \/> Aku <br \/> Aku t\u00fc\u00fcp: <br \/> 3 kpl AA <br \/> IP klass: <br \/> IP54 <\/p>\n","protected":false},"excerpt":{"rendered":"<p>Laser Tamo Red (katki klaas)\u00a0, heas seisu- ja t\u00f6\u00f6korras! KIRJELDUS 635 nm Laseri v\u00e4rv: Punane Horisontaalne joon: Vertikaalne joon: Kinnitus: 1\/4 tolli Vahemik: 20 m Vahemik koos vastuv\u00f5tjaga: 70 m Laseri kategooria: 2 m Toiteallikas: Aku Aku t\u00fc\u00fcp: 3 kpl AA IP klass: IP54<\/p>\n","protected":false},"featured_media":25080,"comment_status":"closed","ping_status":"open","template":"","meta":{"inline_featured_image":false},"product_brand":[],"product_cat":[232],"product_tag":[],"class_list":{"0":"post-25079","1":"product","2":"type-product","3":"status-publish","4":"has-post-thumbnail","6":"product_cat-lazernye-niveliry","7":"pa_asukoht-lasnamae","8":"pa_seisukord-ispolzovano","10":"first","11":"instock","12":"taxable","13":"shipping-taxable","14":"purchasable","15":"product-type-simple"},"_links":{"self":[{"href":"https:\/\/a-pant.ee\/ru\/wp-json\/wp\/v2\/product\/25079","targetHints":{"allow":["GET"]}}],"collection":[{"href":"https:\/\/a-pant.ee\/ru\/wp-json\/wp\/v2\/product"}],"about":[{"href":"https:\/\/a-pant.ee\/ru\/wp-json\/wp\/v2\/types\/product"}],"replies":[{"embeddable":true,"href":"https:\/\/a-pant.ee\/ru\/wp-json\/wp\/v2\/comments?post=25079"}],"wp:featuredmedia":[{"embeddable":true,"href":"https:\/\/a-pant.ee\/ru\/wp-json\/wp\/v2\/media\/25080"}],"wp:attachment":[{"href":"https:\/\/a-pant.ee\/ru\/wp-json\/wp\/v2\/media?parent=25079"}],"wp:term":[{"taxonomy":"product_brand","embeddable":true,"href":"https:\/\/a-pant.ee\/ru\/wp-json\/wp\/v2\/product_brand?post=25079"},{"taxonomy":"product_cat","embeddable":true,"href":"https:\/\/a-pant.ee\/ru\/wp-json\/wp\/v2\/product_cat?post=25079"},{"taxonomy":"product_tag","embeddable":true,"href":"https:\/\/a-pant.ee\/ru\/wp-json\/wp\/v2\/product_tag?post=25079"}],"curies":[{"name":"wp","href":"https:\/\/api.w.org\/{rel}","templated":true}]}}