{"id":25070,"date":"2026-02-04T02:01:58","date_gmt":"2026-02-03T23:01:58","guid":{"rendered":"https:\/\/a-pant.ee\/product\/akkumulyatornyy-kompressor-dewalt-dcc1054-novyy\/"},"modified":"2026-02-22T12:37:57","modified_gmt":"2026-02-22T09:37:57","slug":"akkumulyatornyj-kompressor-dewalt-dcc1054-bez-aku-novyj","status":"publish","type":"product","link":"https:\/\/a-pant.ee\/ru\/product\/akkumulyatornyj-kompressor-dewalt-dcc1054-bez-aku-novyj\/","title":{"rendered":"\u0410\u043a\u043a\u0443\u043c\u0443\u043b\u044f\u0442\u043e\u0440\u043d\u044b\u0439 \u043a\u043e\u043c\u043f\u0440\u0435\u0441\u0441\u043e\u0440 DEWALT DCC1054, (\u0431\u0435\u0437 \u0430\u043a\u0443), \u041d\u041e\u0412\u042b\u0419!"},"content":{"rendered":"\n<p> Akukompressor DEWALT DCC1054, 54V, 10l (ilma akuta), UUS! <\/p><p> KIRJELDUS <\/p><p> Paagi suurus: 10L <br \/> Max. \u00f5hur\u00f5hk: 9.3 BAR <br \/> V\u00f5imsus: 0.4HP <br \/> M\u00fcratase: 92 dB <br \/> Tootlikkus: 48L\/min @ 7BAR <br \/> Kaal: 11 kg <\/p>\n","protected":false},"excerpt":{"rendered":"<p>Akukompressor DEWALT DCC1054, 54V, 10l (ilma akuta), UUS! KIRJELDUS Paagi suurus: 10L Max. \u00f5hur\u00f5hk: 9.3 BAR V\u00f5imsus: 0.4HP M\u00fcratase: 92 dB Tootlikkus: 48L\/min @ 7BAR Kaal: 11 kg<\/p>\n","protected":false},"featured_media":25071,"comment_status":"closed","ping_status":"open","template":"","meta":{"inline_featured_image":false},"product_brand":[],"product_cat":[246],"product_tag":[],"class_list":{"0":"post-25070","1":"product","2":"type-product","3":"status-publish","4":"has-post-thumbnail","6":"product_cat-instrumenty-drugoe","7":"pa_asukoht-mustamae","8":"pa_seisukord-ispolzovano","10":"first","11":"instock","12":"taxable","13":"shipping-taxable","14":"purchasable","15":"product-type-simple"},"_links":{"self":[{"href":"https:\/\/a-pant.ee\/ru\/wp-json\/wp\/v2\/product\/25070","targetHints":{"allow":["GET"]}}],"collection":[{"href":"https:\/\/a-pant.ee\/ru\/wp-json\/wp\/v2\/product"}],"about":[{"href":"https:\/\/a-pant.ee\/ru\/wp-json\/wp\/v2\/types\/product"}],"replies":[{"embeddable":true,"href":"https:\/\/a-pant.ee\/ru\/wp-json\/wp\/v2\/comments?post=25070"}],"wp:featuredmedia":[{"embeddable":true,"href":"https:\/\/a-pant.ee\/ru\/wp-json\/wp\/v2\/media\/25071"}],"wp:attachment":[{"href":"https:\/\/a-pant.ee\/ru\/wp-json\/wp\/v2\/media?parent=25070"}],"wp:term":[{"taxonomy":"product_brand","embeddable":true,"href":"https:\/\/a-pant.ee\/ru\/wp-json\/wp\/v2\/product_brand?post=25070"},{"taxonomy":"product_cat","embeddable":true,"href":"https:\/\/a-pant.ee\/ru\/wp-json\/wp\/v2\/product_cat?post=25070"},{"taxonomy":"product_tag","embeddable":true,"href":"https:\/\/a-pant.ee\/ru\/wp-json\/wp\/v2\/product_tag?post=25070"}],"curies":[{"name":"wp","href":"https:\/\/api.w.org\/{rel}","templated":true}]}}