{"id":25064,"date":"2026-02-04T02:01:58","date_gmt":"2026-02-03T23:01:58","guid":{"rendered":"https:\/\/a-pant.ee\/product\/pricel-bushnell-3-9x50\/"},"modified":"2026-02-22T12:37:57","modified_gmt":"2026-02-22T09:37:57","slug":"priczel-bushnell-3-9x50","status":"publish","type":"product","link":"https:\/\/a-pant.ee\/ru\/product\/priczel-bushnell-3-9x50\/","title":{"rendered":"\u041f\u0440\u0438\u0446\u0435\u043b Bushnell 3-9&#215;50"},"content":{"rendered":"\n<p> Relvaoptik Bushnell 3-9&#215;50\u00a0, heas seisu- ja t\u00f6\u00f6korras! <\/p><p> N\u00e4gemise t\u00fc\u00fcp <br \/> optika <br \/> Objektiivi l\u00e4bim\u00f5\u00f5t <br \/> 50 mm <br \/> Paljusus <br \/> 3-9 x <br \/> Silmade leevendamine <br \/> 84 mm <br \/> Kaal <br \/> 539 g <\/p>\n","protected":false},"excerpt":{"rendered":"<p>Relvaoptik Bushnell 3-9&#215;50\u00a0, heas seisu- ja t\u00f6\u00f6korras! N\u00e4gemise t\u00fc\u00fcp optika Objektiivi l\u00e4bim\u00f5\u00f5t 50 mm Paljusus 3-9 x Silmade leevendamine 84 mm Kaal 539 g<\/p>\n","protected":false},"featured_media":25065,"comment_status":"closed","ping_status":"open","template":"","meta":{"inline_featured_image":false},"product_brand":[],"product_cat":[214],"product_tag":[],"class_list":{"0":"post-25064","1":"product","2":"type-product","3":"status-publish","4":"has-post-thumbnail","6":"product_cat-aktivnyj-otdyh","7":"pa_asukoht-mustamae","8":"pa_seisukord-ispolzovano","10":"first","11":"instock","12":"taxable","13":"shipping-taxable","14":"purchasable","15":"product-type-simple"},"_links":{"self":[{"href":"https:\/\/a-pant.ee\/ru\/wp-json\/wp\/v2\/product\/25064","targetHints":{"allow":["GET"]}}],"collection":[{"href":"https:\/\/a-pant.ee\/ru\/wp-json\/wp\/v2\/product"}],"about":[{"href":"https:\/\/a-pant.ee\/ru\/wp-json\/wp\/v2\/types\/product"}],"replies":[{"embeddable":true,"href":"https:\/\/a-pant.ee\/ru\/wp-json\/wp\/v2\/comments?post=25064"}],"wp:featuredmedia":[{"embeddable":true,"href":"https:\/\/a-pant.ee\/ru\/wp-json\/wp\/v2\/media\/25065"}],"wp:attachment":[{"href":"https:\/\/a-pant.ee\/ru\/wp-json\/wp\/v2\/media?parent=25064"}],"wp:term":[{"taxonomy":"product_brand","embeddable":true,"href":"https:\/\/a-pant.ee\/ru\/wp-json\/wp\/v2\/product_brand?post=25064"},{"taxonomy":"product_cat","embeddable":true,"href":"https:\/\/a-pant.ee\/ru\/wp-json\/wp\/v2\/product_cat?post=25064"},{"taxonomy":"product_tag","embeddable":true,"href":"https:\/\/a-pant.ee\/ru\/wp-json\/wp\/v2\/product_tag?post=25064"}],"curies":[{"name":"wp","href":"https:\/\/api.w.org\/{rel}","templated":true}]}}