{"id":25055,"date":"2026-02-04T02:01:58","date_gmt":"2026-02-03T23:01:58","guid":{"rendered":"https:\/\/a-pant.ee\/product\/telefon-xiaomi-redmi-note-12-pro-5g\/"},"modified":"2026-02-22T12:37:57","modified_gmt":"2026-02-22T09:37:57","slug":"telefon-xiaomi-redmi-note-12-pro-5g","status":"publish","type":"product","link":"https:\/\/a-pant.ee\/ru\/product\/telefon-xiaomi-redmi-note-12-pro-5g\/","title":{"rendered":"\u0422\u0435\u043b\u0435\u0444\u043e\u043d Xiaomi Redmi Note 12 Pro 5G"},"content":{"rendered":"\n<p> Telefon Xiaomi Redmi Note 12 Pro 5G + karp + laadija + umbrik\u00a0, heas seisu- ja t\u00f6\u00f6korras! <\/p><p> Ekraan <br \/> 6,67 tolli (2400 x 1080) AMOLED 120 Hz <br \/> M\u00e4lu <br \/> sisseehitatud 128 GB, RAM 6 GB <br \/> Foto <br \/> 4 kaamerat, peamine 108 MP <br \/> Aku <br \/> 5000 mAh <br \/> Protsessor <br \/> Qualcomm Snapdragon 732G <br \/> SIM-kaardid <br \/> Kaks nano-SIM-kaarti <\/p>\n","protected":false},"excerpt":{"rendered":"<p>Telefon Xiaomi Redmi Note 12 Pro 5G + karp + laadija + umbrik\u00a0, heas seisu- ja t\u00f6\u00f6korras! Ekraan 6,67 tolli (2400 x 1080) AMOLED 120 Hz M\u00e4lu sisseehitatud 128 GB, RAM 6 GB Foto 4 kaamerat, peamine 108 MP Aku 5000 mAh Protsessor Qualcomm Snapdragon 732G SIM-kaardid Kaks nano-SIM-kaarti<\/p>\n","protected":false},"featured_media":25056,"comment_status":"closed","ping_status":"closed","template":"","meta":{"inline_featured_image":false},"product_brand":[],"product_cat":[171],"product_tag":[],"class_list":{"0":"post-25055","1":"product","2":"type-product","3":"status-publish","4":"has-post-thumbnail","6":"product_cat-mobilnye-telefony","7":"pa_asukoht-mustamae","8":"pa_seisukord-ispolzovano","10":"first","11":"outofstock","12":"taxable","13":"shipping-taxable","14":"purchasable","15":"product-type-simple"},"_links":{"self":[{"href":"https:\/\/a-pant.ee\/ru\/wp-json\/wp\/v2\/product\/25055","targetHints":{"allow":["GET"]}}],"collection":[{"href":"https:\/\/a-pant.ee\/ru\/wp-json\/wp\/v2\/product"}],"about":[{"href":"https:\/\/a-pant.ee\/ru\/wp-json\/wp\/v2\/types\/product"}],"replies":[{"embeddable":true,"href":"https:\/\/a-pant.ee\/ru\/wp-json\/wp\/v2\/comments?post=25055"}],"wp:featuredmedia":[{"embeddable":true,"href":"https:\/\/a-pant.ee\/ru\/wp-json\/wp\/v2\/media\/25056"}],"wp:attachment":[{"href":"https:\/\/a-pant.ee\/ru\/wp-json\/wp\/v2\/media?parent=25055"}],"wp:term":[{"taxonomy":"product_brand","embeddable":true,"href":"https:\/\/a-pant.ee\/ru\/wp-json\/wp\/v2\/product_brand?post=25055"},{"taxonomy":"product_cat","embeddable":true,"href":"https:\/\/a-pant.ee\/ru\/wp-json\/wp\/v2\/product_cat?post=25055"},{"taxonomy":"product_tag","embeddable":true,"href":"https:\/\/a-pant.ee\/ru\/wp-json\/wp\/v2\/product_tag?post=25055"}],"curies":[{"name":"wp","href":"https:\/\/api.w.org\/{rel}","templated":true}]}}