{"id":25039,"date":"2026-02-04T02:01:58","date_gmt":"2026-02-03T23:01:58","guid":{"rendered":"https:\/\/a-pant.ee\/product\/bolgarka-metabo-w-820-125\/"},"modified":"2026-02-22T12:37:57","modified_gmt":"2026-02-22T09:37:57","slug":"bolgarka-metabo-w-820-125","status":"publish","type":"product","link":"https:\/\/a-pant.ee\/ru\/product\/bolgarka-metabo-w-820-125\/","title":{"rendered":"\u0411\u043e\u043b\u0433\u0430\u0440\u043a\u0430 Metabo W 820-125"},"content":{"rendered":"\n<p> Nurklihvija Metabo W 820-125, heas seisu- ja t\u00f6\u00f6korras! <\/p><p> KIRJELDUS <\/p><p> Toide <br \/> V\u00f5rgust <br \/> Max ketta l\u00e4bim\u00f5\u00f5t <br \/> 125 mm <br \/> Energiatarve <br \/> 820 W <br \/> Spindli keerme <br \/> M14 <br \/> Max ketta p\u00f6\u00f6rlemiskiirus <br \/> 10000 p\u00f6\u00f6ret minutis <br \/> Disaini omadused <br \/> Toitenupu lukk, Spindli lukk <\/p>\n","protected":false},"excerpt":{"rendered":"<p>Nurklihvija Metabo W 820-125, heas seisu- ja t\u00f6\u00f6korras! KIRJELDUS Toide V\u00f5rgust Max ketta l\u00e4bim\u00f5\u00f5t 125 mm Energiatarve 820 W Spindli keerme M14 Max ketta p\u00f6\u00f6rlemiskiirus 10000 p\u00f6\u00f6ret minutis Disaini omadused Toitenupu lukk, Spindli lukk<\/p>\n","protected":false},"featured_media":25040,"comment_status":"closed","ping_status":"open","template":"","meta":{"inline_featured_image":false},"product_brand":[],"product_cat":[235],"product_tag":[],"class_list":{"0":"post-25039","1":"product","2":"type-product","3":"status-publish","4":"has-post-thumbnail","6":"product_cat-bolgarki","7":"pa_asukoht-lasnamae","8":"pa_seisukord-ispolzovano","10":"first","11":"instock","12":"taxable","13":"shipping-taxable","14":"purchasable","15":"product-type-simple"},"_links":{"self":[{"href":"https:\/\/a-pant.ee\/ru\/wp-json\/wp\/v2\/product\/25039","targetHints":{"allow":["GET"]}}],"collection":[{"href":"https:\/\/a-pant.ee\/ru\/wp-json\/wp\/v2\/product"}],"about":[{"href":"https:\/\/a-pant.ee\/ru\/wp-json\/wp\/v2\/types\/product"}],"replies":[{"embeddable":true,"href":"https:\/\/a-pant.ee\/ru\/wp-json\/wp\/v2\/comments?post=25039"}],"wp:featuredmedia":[{"embeddable":true,"href":"https:\/\/a-pant.ee\/ru\/wp-json\/wp\/v2\/media\/25040"}],"wp:attachment":[{"href":"https:\/\/a-pant.ee\/ru\/wp-json\/wp\/v2\/media?parent=25039"}],"wp:term":[{"taxonomy":"product_brand","embeddable":true,"href":"https:\/\/a-pant.ee\/ru\/wp-json\/wp\/v2\/product_brand?post=25039"},{"taxonomy":"product_cat","embeddable":true,"href":"https:\/\/a-pant.ee\/ru\/wp-json\/wp\/v2\/product_cat?post=25039"},{"taxonomy":"product_tag","embeddable":true,"href":"https:\/\/a-pant.ee\/ru\/wp-json\/wp\/v2\/product_tag?post=25039"}],"curies":[{"name":"wp","href":"https:\/\/api.w.org\/{rel}","templated":true}]}}