{"id":25024,"date":"2026-02-04T02:01:58","date_gmt":"2026-02-03T23:01:58","guid":{"rendered":"https:\/\/a-pant.ee\/product\/perforator-bosch-gbh-18v-20-bez-akkumulyatora\/"},"modified":"2026-02-22T12:37:56","modified_gmt":"2026-02-22T09:37:56","slug":"perforator-bosch-gbh-18v-20-bez-akkumulyatora","status":"publish","type":"product","link":"https:\/\/a-pant.ee\/ru\/product\/perforator-bosch-gbh-18v-20-bez-akkumulyatora\/","title":{"rendered":"\u041f\u0435\u0440\u0444\u043e\u0440\u0430\u0442\u043e\u0440 Bosch GBH 18V-20 \u0431\u0435\u0437 \u0430\u043a\u043a\u0443\u043c\u0443\u043b\u044f\u0442\u043e\u0440\u0430"},"content":{"rendered":"\n<p> Puurvasar Bosch GBH 18V-20 ilma aku\u00a0, heas seisu- ja t\u00f6\u00f6korras! <\/p><p> KIRJELDUS <\/p><p> Kasseti t\u00fc\u00fcp: SDS-Plus. <br \/> T\u00f6\u00f6re\u017eiimid: puurimine + l\u00f6\u00f6k + meiseldamine <br \/> Aku pinge, V: 18. <br \/> Maksimaalne l\u00f6\u00f6gij\u00f5ud, J: 1,7. <br \/> Maksimaalne l\u00f6\u00f6kide arv, l\u00f6\u00f6ki\/min: 4550. <br \/> Maksimaalne spindli p\u00f6\u00f6rlemiskiirus, rpm: 1800. <br \/> Mootori t\u00fc\u00fcp: harjatud <br \/> Mootori asukoht: horisontaalne <\/p>\n","protected":false},"excerpt":{"rendered":"<p>Puurvasar Bosch GBH 18V-20 ilma aku\u00a0, heas seisu- ja t\u00f6\u00f6korras! KIRJELDUS Kasseti t\u00fc\u00fcp: SDS-Plus. T\u00f6\u00f6re\u017eiimid: puurimine + l\u00f6\u00f6k + meiseldamine Aku pinge, V: 18. Maksimaalne l\u00f6\u00f6gij\u00f5ud, J: 1,7. Maksimaalne l\u00f6\u00f6kide arv, l\u00f6\u00f6ki\/min: 4550. Maksimaalne spindli p\u00f6\u00f6rlemiskiirus, rpm: 1800. Mootori t\u00fc\u00fcp: harjatud Mootori asukoht: horisontaalne<\/p>\n","protected":false},"featured_media":25025,"comment_status":"closed","ping_status":"open","template":"","meta":{"inline_featured_image":false},"product_brand":[],"product_cat":[239],"product_tag":[],"class_list":{"0":"post-25024","1":"product","2":"type-product","3":"status-publish","4":"has-post-thumbnail","6":"product_cat-perforatory-i-dreli","7":"pa_asukoht-lasnamae","8":"pa_seisukord-ispolzovano","10":"first","11":"instock","12":"taxable","13":"shipping-taxable","14":"purchasable","15":"product-type-simple"},"_links":{"self":[{"href":"https:\/\/a-pant.ee\/ru\/wp-json\/wp\/v2\/product\/25024","targetHints":{"allow":["GET"]}}],"collection":[{"href":"https:\/\/a-pant.ee\/ru\/wp-json\/wp\/v2\/product"}],"about":[{"href":"https:\/\/a-pant.ee\/ru\/wp-json\/wp\/v2\/types\/product"}],"replies":[{"embeddable":true,"href":"https:\/\/a-pant.ee\/ru\/wp-json\/wp\/v2\/comments?post=25024"}],"wp:featuredmedia":[{"embeddable":true,"href":"https:\/\/a-pant.ee\/ru\/wp-json\/wp\/v2\/media\/25025"}],"wp:attachment":[{"href":"https:\/\/a-pant.ee\/ru\/wp-json\/wp\/v2\/media?parent=25024"}],"wp:term":[{"taxonomy":"product_brand","embeddable":true,"href":"https:\/\/a-pant.ee\/ru\/wp-json\/wp\/v2\/product_brand?post=25024"},{"taxonomy":"product_cat","embeddable":true,"href":"https:\/\/a-pant.ee\/ru\/wp-json\/wp\/v2\/product_cat?post=25024"},{"taxonomy":"product_tag","embeddable":true,"href":"https:\/\/a-pant.ee\/ru\/wp-json\/wp\/v2\/product_tag?post=25024"}],"curies":[{"name":"wp","href":"https:\/\/api.w.org\/{rel}","templated":true}]}}