{"id":25012,"date":"2026-02-04T02:01:58","date_gmt":"2026-02-03T23:01:58","guid":{"rendered":"https:\/\/a-pant.ee\/product\/akudrel-powermaxx-bs-basic-2akkumulyatora\/"},"modified":"2026-02-22T12:37:56","modified_gmt":"2026-02-22T09:37:56","slug":"akudrel-powermaxx-bs-basic-2tk-aku-2-0ach-zaryadka","status":"publish","type":"product","link":"https:\/\/a-pant.ee\/ru\/product\/akudrel-powermaxx-bs-basic-2tk-aku-2-0ach-zaryadka\/","title":{"rendered":"\u0410\u043a\u0443\u0434\u0440\u0435\u043b\u044c PowerMaxx BS Basic + 2\u0422\u043a \u0430\u043a\u0443 2.0\u0410\u0447 + \u0437\u0430\u0440\u044f\u0434\u043a\u0430"},"content":{"rendered":"\n<p> \u00a0Akutrell PowerMaxx BS Basic + 2tk Akud 2.0Ah + laadija, heas seisu- ja t\u00f6\u00f6korras! <\/p><p> KIRJELDUS <\/p><p> Tehnilised andmed: <br \/> Liitiumioonaku <br \/> Akupinge 12 V <br \/> Aku mahtuvus 2,0 Ah, komplektis 2 tk <br \/> Laadija LC12 <br \/> Maksimummoment, pehme 17 Nm <br \/> Maksimummoment, k\u00f5va 34 Nm <br \/> Reguleeritav v\u00e4\u00e4ndemoment 0,5 &#8212; 5,0 Nm <br \/> Puurava l\u00e4bim\u00f5\u00f5t: <br \/> &#8212; Teras 10 mm <br \/> &#8212; Puit 22 mm <br \/> P\u00f6\u00f6rete arv t\u00fchik\u00e4igul 0 &#8212; 360 \/ 0 &#8212; 1400 \/min <br \/> Spindlikeere 1\/2 -20 UNF <br \/> Kiirpadrun 1 &#8212; 10 mm <br \/> Kaal (koos akuga) 0,8 kg <br \/><br \/> Variospeed (V) elektroonika <br \/> Kaheastmeline k\u00e4igukast mugavaks puurimiseks ja kruvide keeramiseks <br \/> Quick Stop padruni kiirpidur <br \/> V\u00f5llipidur <br \/> Spindlis on kuuskantava kruvikeerajaotsakute kinnitamiseks <br \/> Integreeritud t\u00f6\u00f6tuli <br \/> Valualumiiniumist reduktorikorpus <br \/> Multifunktsionaalne j\u00e4lgimiss\u00fcsteem kaitseb t\u00f6\u00f6riista ja akut \u00fclekoormustel <\/p>\n","protected":false},"excerpt":{"rendered":"<p>\u00a0Akutrell PowerMaxx BS Basic + 2tk Akud 2.0Ah + laadija, heas seisu- ja t\u00f6\u00f6korras! KIRJELDUS Tehnilised andmed: Liitiumioonaku Akupinge 12 V Aku mahtuvus 2,0 Ah, komplektis 2 tk Laadija LC12 Maksimummoment, pehme 17 Nm Maksimummoment, k\u00f5va 34 Nm Reguleeritav v\u00e4\u00e4ndemoment 0,5 &#8212; 5,0 Nm Puurava l\u00e4bim\u00f5\u00f5t: &#8212; Teras 10 mm &#8212; Puit 22 mm P\u00f6\u00f6rete [&hellip;]<\/p>\n","protected":false},"featured_media":25013,"comment_status":"closed","ping_status":"open","template":"","meta":{"inline_featured_image":false},"product_brand":[],"product_cat":[221],"product_tag":[],"class_list":{"0":"post-25012","1":"product","2":"type-product","3":"status-publish","4":"has-post-thumbnail","6":"product_cat-akkumulyatornye-dreli","7":"pa_asukoht-mustamae","8":"pa_seisukord-ispolzovano","10":"first","11":"instock","12":"taxable","13":"shipping-taxable","14":"purchasable","15":"product-type-simple"},"_links":{"self":[{"href":"https:\/\/a-pant.ee\/ru\/wp-json\/wp\/v2\/product\/25012","targetHints":{"allow":["GET"]}}],"collection":[{"href":"https:\/\/a-pant.ee\/ru\/wp-json\/wp\/v2\/product"}],"about":[{"href":"https:\/\/a-pant.ee\/ru\/wp-json\/wp\/v2\/types\/product"}],"replies":[{"embeddable":true,"href":"https:\/\/a-pant.ee\/ru\/wp-json\/wp\/v2\/comments?post=25012"}],"wp:featuredmedia":[{"embeddable":true,"href":"https:\/\/a-pant.ee\/ru\/wp-json\/wp\/v2\/media\/25013"}],"wp:attachment":[{"href":"https:\/\/a-pant.ee\/ru\/wp-json\/wp\/v2\/media?parent=25012"}],"wp:term":[{"taxonomy":"product_brand","embeddable":true,"href":"https:\/\/a-pant.ee\/ru\/wp-json\/wp\/v2\/product_brand?post=25012"},{"taxonomy":"product_cat","embeddable":true,"href":"https:\/\/a-pant.ee\/ru\/wp-json\/wp\/v2\/product_cat?post=25012"},{"taxonomy":"product_tag","embeddable":true,"href":"https:\/\/a-pant.ee\/ru\/wp-json\/wp\/v2\/product_tag?post=25012"}],"curies":[{"name":"wp","href":"https:\/\/api.w.org\/{rel}","templated":true}]}}