{"id":25006,"date":"2026-02-04T02:01:58","date_gmt":"2026-02-03T23:01:58","guid":{"rendered":"https:\/\/a-pant.ee\/product\/planshet-acer-aspire-switch-10\/"},"modified":"2026-02-22T12:37:56","modified_gmt":"2026-02-22T09:37:56","slug":"planshet-acer-aspire-switch-10","status":"publish","type":"product","link":"https:\/\/a-pant.ee\/ru\/product\/planshet-acer-aspire-switch-10\/","title":{"rendered":"\u041f\u043b\u0430\u043d\u0448\u0435\u0442 Acer Aspire Switch 10"},"content":{"rendered":"\n<p> M\u00fc\u00fcakse\u00a0Tahvelarvuti Acer Aspire Switch 10\u00a0, heas seisu- ja t\u00f6\u00f6korras! <\/p><p> Ekraan <br \/> 10,1 tolli (1366 x 768), IPS <br \/> Protsessor <br \/> Intel Atom Z3745 <br \/> OS-i versioon <br \/> Windows 8 <br \/> Kaamerad <br \/> ees 2 MP <br \/> Ise\u00e4rasused <br \/> m\u00e4lukaardi pesa, kiirendusm\u00f5\u00f5tur, sisseehitatud mikrofon, kompass <br \/> T\u00f6\u00f6tunnid <br \/> 8 h (5700 mAh) <br \/> M\u00f5\u00f5tmed <br \/> 261,6&#215;177,1&#215;8,9 mm <\/p>\n","protected":false},"excerpt":{"rendered":"<p>M\u00fc\u00fcakse\u00a0Tahvelarvuti Acer Aspire Switch 10\u00a0, heas seisu- ja t\u00f6\u00f6korras! Ekraan 10,1 tolli (1366 x 768), IPS Protsessor Intel Atom Z3745 OS-i versioon Windows 8 Kaamerad ees 2 MP Ise\u00e4rasused m\u00e4lukaardi pesa, kiirendusm\u00f5\u00f5tur, sisseehitatud mikrofon, kompass T\u00f6\u00f6tunnid 8 h (5700 mAh) M\u00f5\u00f5tmed 261,6&#215;177,1&#215;8,9 mm<\/p>\n","protected":false},"featured_media":25007,"comment_status":"closed","ping_status":"open","template":"","meta":{"inline_featured_image":false},"product_brand":[],"product_cat":[180],"product_tag":[],"class_list":{"0":"post-25006","1":"product","2":"type-product","3":"status-publish","4":"has-post-thumbnail","6":"product_cat-planshety","7":"pa_asukoht-mustamae","8":"pa_seisukord-ispolzovano","10":"first","11":"instock","12":"taxable","13":"shipping-taxable","14":"purchasable","15":"product-type-simple"},"_links":{"self":[{"href":"https:\/\/a-pant.ee\/ru\/wp-json\/wp\/v2\/product\/25006","targetHints":{"allow":["GET"]}}],"collection":[{"href":"https:\/\/a-pant.ee\/ru\/wp-json\/wp\/v2\/product"}],"about":[{"href":"https:\/\/a-pant.ee\/ru\/wp-json\/wp\/v2\/types\/product"}],"replies":[{"embeddable":true,"href":"https:\/\/a-pant.ee\/ru\/wp-json\/wp\/v2\/comments?post=25006"}],"wp:featuredmedia":[{"embeddable":true,"href":"https:\/\/a-pant.ee\/ru\/wp-json\/wp\/v2\/media\/25007"}],"wp:attachment":[{"href":"https:\/\/a-pant.ee\/ru\/wp-json\/wp\/v2\/media?parent=25006"}],"wp:term":[{"taxonomy":"product_brand","embeddable":true,"href":"https:\/\/a-pant.ee\/ru\/wp-json\/wp\/v2\/product_brand?post=25006"},{"taxonomy":"product_cat","embeddable":true,"href":"https:\/\/a-pant.ee\/ru\/wp-json\/wp\/v2\/product_cat?post=25006"},{"taxonomy":"product_tag","embeddable":true,"href":"https:\/\/a-pant.ee\/ru\/wp-json\/wp\/v2\/product_tag?post=25006"}],"curies":[{"name":"wp","href":"https:\/\/api.w.org\/{rel}","templated":true}]}}